{"id":18349,"date":"2026-01-14T12:21:10","date_gmt":"2026-01-14T10:21:10","guid":{"rendered":"https:\/\/www.nicox.com\/?page_id=18349"},"modified":"2026-01-15T19:21:03","modified_gmt":"2026-01-15T17:21:03","slug":"politique-de-cookies","status":"publish","type":"page","link":"https:\/\/www.nicox.com\/fr\/politique-de-cookies\/","title":{"rendered":"Politique de cookies"},"content":{"rendered":"\n<div id=\"block_8c85042f3cb93097ed543ba2a0b0506b\" class=\"c-wrapper \">\n\n    <div class=\"c-container c-text-content\" data-variant=\"wide-column\">\n\n        \n\n\n    <h2 class=\"[ c-section-title ] [ u-caps u-text-base sm:u-text-plus-1 u-color-tan-2 u-weight-bold u-align-center  ]\" id=\"block_f8bd7284ef103f7dda6b3c3b0f375faf\">\n        Politique de cookies\n    <\/h2>\n\n\n\n\n<p>Cette rubrique est consacr\u00e9e \u00e0 la Politique de Protection de la Vie Priv\u00e9e du pr\u00e9sent site. Elle vous permet d\u2019en savoir plus sur l\u2019origine et l\u2019usage des informations de navigation trait\u00e9es \u00e0 l\u2019occasion de votre acc\u00e8s au site https:\/\/www.nicox.com, lequel est exploit\u00e9 par la soci\u00e9t\u00e9 Nicox SA (\u00ab Nicox \u00bb), soci\u00e9t\u00e9 anonyme de droit fran\u00e7ais, dont le si\u00e8ge social est Sundesk Sophia Antipolis, Emerald Square, rue Evariste Galois, 06410 Biot, immatricul\u00e9e au RCS d\u2019Antibes sous le num\u00e9ro 403 942 642.<\/p>\n\n\n\n<p>Lors de votre premi\u00e8re visite sur le site <a href=\"https:\/\/www.nicox.com\/fr\/\">https:\/\/www.nicox.com<\/a>, un bandeau d\u2019information vous informe de l\u2019utilisation de cookies. Des informations relatives \u00e0 la navigation de votre terminal (ordinateur, tablette, smartphone, etc.) sont susceptibles d\u2019\u00eatre enregistr\u00e9es dans des fichiers \u00ab cookies \u00bb install\u00e9s sur votre terminal, uniquement sous r\u00e9serve de votre consentement pr\u00e9alable, libre, sp\u00e9cifique, \u00e9clair\u00e9 et univoque.<\/p>\n\n\n\n<p>Aucun cookie non essentiel ne sera d\u00e9pos\u00e9 sans votre accord explicite. Le bandeau de consentement vous permet de cliquer sur \u00ab&nbsp;Accepter&nbsp;\u00bb, \u00ab&nbsp;Refuser&nbsp;\u00bb ou \u00ab&nbsp;Voir options&nbsp;\u00bb.<br>Vous pouvez \u00e0 tout moment revenir sur votre d\u00e9cision en suivant le lien : \u00ab&nbsp;G\u00e9rer mes cookies&nbsp;\u00bb disponible en pied de page, ou en configurant votre navigateur Internet. La poursuite de la navigation sans action sur le bandeau ne vaut pas consentement.<br>Veuillez noter que vous pourrez acc\u00e9der au site https:\/\/www.nicox.com m\u00eame en refusant les cookies. Toutefois, certains services ou fonctionnalit\u00e9s sur site peuvent \u00eatre limit\u00e9s.<\/p>\n\n\n\n<h4 class=\"wp-block-heading alignwide\">Qu\u2019est-ce qu\u2019un cookie?<\/h4>\n\n\n\n<p>Un cookie (ou t\u00e9moin de connexion) est un fichier texte susceptible d\u2019\u00eatre stock\u00e9 pendant une dur\u00e9e d\u00e9termin\u00e9e par votre terminal lors de la visite d\u2019un site Internet. Les informations stock\u00e9es portent notamment sur votre parcours du site afin d\u2019am\u00e9liorer votre navigation, m\u00e9moriser vos pr\u00e9f\u00e9rences ou \u00e9tablir des statistiques anonymis\u00e9es de fr\u00e9quentation.<\/p>\n\n\n\n<p>Seul Nicox peut acc\u00e9der aux informations contenues dans les cookies qu\u2019elle \u00e9met sur le site <a href=\"https:\/\/www.nicox.com\/fr\/\">https:\/\/www.nicox.com<\/a>. Les cookies que le site <a href=\"https:\/\/www.nicox.com\/fr\/\">https:\/\/www.nicox.com<\/a> \u00e9met sont utilis\u00e9s aux seules fins d\u00e9crites ci-dessous.<\/p>\n\n\n\n<h4 class=\"wp-block-heading alignwide\">Quels types de cookies sont d\u00e9pos\u00e9s par le site www.nicox.com?<\/h4>\n\n\n\n<h4 class=\"wp-block-heading\"><span style=\"text-decoration: underline;\">Cookies d\u2019audience et de Statistiques<\/span><\/h4>\n\n\n\n<p>Ces cookies facilitent votre navigation entre les pages du pr\u00e9sent site Internet. Ils sont \u00e9galement n\u00e9cessaires pour vous permettre de b\u00e9n\u00e9ficier de certaines fonctionnalit\u00e9s.<\/p>\n\n\n\n<p>Ces cookies permettent aussi de m\u00e9moriser vos pr\u00e9f\u00e9rences d\u2019utilisation ainsi que les param\u00e8tres d\u2019affichage et lecteurs que vous utilisez afin de faciliter votre navigation lors de votre prochaine visite sur notre site.<\/p>\n\n\n\n<p>Ils sont n\u00e9cessaires au bon fonctionnement du site (gestion de session, s\u00e9curit\u00e9, affichage). Ces cookies ne n\u00e9cessitent pas de consentement.<\/p>\n\n\n\n<h4 class=\"wp-block-heading\"><span style=\"text-decoration: underline;\">Cookies d\u2019audience et de Statistiques<\/span><\/h4>\n\n\n\n<p>Le service Google Analytics (avec anonymisation de l\u2019adresse IP) est utilis\u00e9 pour analyser de mani\u00e8re agr\u00e9g\u00e9e la fr\u00e9quentation du site. Ces cookies permettent ainsi d\u2019\u00e9tablir des statistiques d\u2019analyse de la fr\u00e9quentation \u00e0 partir desquels les contenus du Site sont am\u00e9lior\u00e9s en fonction du succ\u00e8s rencontr\u00e9 par telle ou telle page aupr\u00e8s de nos visiteurs. Ces cookies ne sont activ\u00e9s qu\u2019apr\u00e8s consentement de l\u2019utilisateur.<\/p>\n\n\n\n<h4 class=\"wp-block-heading\"><span style=\"text-decoration: underline;\">Cookies de partage sur les r\u00e9seaux sociaux<\/span><\/h4>\n\n\n\n<p>Sur certaines pages et articles du pr\u00e9sent site Internet figurent des boutons de partage de r\u00e9seaux sociaux tiers (Facebook, LinkedIn, X\/Twitter) qui vous permettent d\u2019exploiter les fonctionnalit\u00e9s de ces r\u00e9seaux et en particulier de partager des contenus pr\u00e9sents avec d\u2019autres personnes. Ces fonctionnalit\u00e9s peuvent entra\u00eener le d\u00e9p\u00f4t de cookies par ces tiers. Nous vous invitions \u00e0 consulter les politiques de confidentialit\u00e9 propres \u00e0 chacun de ces services pour conna\u00eetre la finalit\u00e9 de ces traitements et exercer vos droits.<\/p>\n\n\n\n<h4 class=\"wp-block-heading alignwide\">Quels sont les destinataires des donn\u00e9es r\u00e9colt\u00e9es par le biais de cookies?<\/h4>\n\n\n\n<p>Les donn\u00e9es collect\u00e9es par le biais de cookies d\u00e9pos\u00e9s sur le site https:\/\/www.nicox.com sont destin\u00e9es exclusivement \u00e0 Nicox.<br>La dur\u00e9e de vie des cookies est limit\u00e9e \u00e0 13 mois maximum, conform\u00e9ment aux recommandations de la CNIL.<br>Le consentement de l\u2019utilisateur est conserv\u00e9 pour une dur\u00e9e maximale de 1 mois, apr\u00e8s quoi il est de nouveau sollicit\u00e9.<\/p>\n\n\n\n<h4 class=\"wp-block-heading\"><strong>Cookies <\/strong>plac\u00e9s<\/h4>\n\n\n\n<p><div id=\"cmplz-cookies-overview\"><details class=\"cmplz-dropdown cmplz-service-desc cmplz-dropdown-cookiepolicy \">\n\t<summary class=\"cmplz-service-header\"><div>\n\t\t<h3>Complianz<\/h3>\n\t\t<p>Essentiel<\/p>\n\t\t<label for=\"cmplz_service_complianz\" class=\"cmplz_consent_per_service_label\"><span class=\"screen-reader-text\">Consent to service complianz<\/span><\/label>\n\t\t<input type=\"checkbox\" id=\"cmplz_service_complianz\" class=\"cmplz-accept-service cmplz-hidden\" data-service=\"complianz\" data-category=\"functional\"><\/div>\n\t<\/summary>\n\t<div class=\"cmplz-service-description\">\n\t\t<h4>Utilisation<\/h4>\n\t\t<p>Nous utilisons Complianz pour la gestion du consentement aux cookies.<\/p>\n\t<\/div>\n\t<div class=\"cmplz-sharing-data\">\n\t\t<h4>Partage de donn\u00e9es<\/h4>\n\t\t<p>Ces donn\u00e9es ne sont pas partag\u00e9es avec des tiers.&nbsp;Pour plus d'informations merci de consulter la <a target=\"_blank\" rel=\"noopener noreferrer\" href=\"https:\/\/complianz.io\/legal\/privacy-statement\/\"> politique de confidentialit\u00e9 de Complianz<\/a><\/p>\n\t<\/div>\n\t<div class=\"cookies-per-purpose\">\n    <div class=\"purpose\"><h4>Essentiel<\/h4><\/div>\n    <div class=\"name-header\">\n\t<h5>Nom<\/h5>\n<\/div>\n<div class=\"name\">cmplz_functional<\/div>\n<div class=\"retention-header\">\n\t<h5>Expiration<\/h5>\n<\/div>\n<div class=\"retention\">31 jours<\/div>\n<div class=\"function-header\">\n\t<h5>Fonction<\/h5>\n<\/div>\n<div class=\"function\">Stocker les pr\u00e9f\u00e9rences de consentement aux cookies<\/div>\n<div class=\"name-header\">\n\t<h5>Nom<\/h5>\n<\/div>\n<div class=\"name\">cmplz_statistics<\/div>\n<div class=\"retention-header\">\n\t<h5>Expiration<\/h5>\n<\/div>\n<div class=\"retention\">31 jours<\/div>\n<div class=\"function-header\">\n\t<h5>Fonction<\/h5>\n<\/div>\n<div class=\"function\">Stocker les pr\u00e9f\u00e9rences de consentement aux cookies<\/div>\n<div class=\"name-header\">\n\t<h5>Nom<\/h5>\n<\/div>\n<div class=\"name\">cmplz_preferences<\/div>\n<div class=\"retention-header\">\n\t<h5>Expiration<\/h5>\n<\/div>\n<div class=\"retention\">31 jours<\/div>\n<div class=\"function-header\">\n\t<h5>Fonction<\/h5>\n<\/div>\n<div class=\"function\">Stocker les pr\u00e9f\u00e9rences de consentement aux cookies<\/div>\n<div class=\"name-header\">\n\t<h5>Nom<\/h5>\n<\/div>\n<div class=\"name\">cmplz_marketing<\/div>\n<div class=\"retention-header\">\n\t<h5>Expiration<\/h5>\n<\/div>\n<div class=\"retention\">31 jours<\/div>\n<div class=\"function-header\">\n\t<h5>Fonction<\/h5>\n<\/div>\n<div class=\"function\">Stocker les pr\u00e9f\u00e9rences de consentement aux cookies<\/div>\n\n<\/div>\n<\/details>\n<details class=\"cmplz-dropdown cmplz-service-desc cmplz-dropdown-cookiepolicy \">\n\t<summary class=\"cmplz-service-header\"><div>\n\t\t<h3>Vimeo<\/h3>\n\t\t<p>Essentiel<\/p>\n\t\t<label for=\"cmplz_service_vimeo\" class=\"cmplz_consent_per_service_label\"><span class=\"screen-reader-text\">Consent to service vimeo<\/span><\/label>\n\t\t<input type=\"checkbox\" id=\"cmplz_service_vimeo\" class=\"cmplz-accept-service cmplz-hidden\" data-service=\"vimeo\" data-category=\"functional\"><\/div>\n\t<\/summary>\n\t<div class=\"cmplz-service-description\">\n\t\t<h4>Utilisation<\/h4>\n\t\t<p>Nous utilisons Vimeo pour l\u2019affichage de vid\u00e9os.<\/p>\n\t<\/div>\n\t<div class=\"cmplz-sharing-data\">\n\t\t<h4>Partage de donn\u00e9es<\/h4>\n\t\t<p>Pour plus d'informations merci de consulter la <a target=\"_blank\" rel=\"noopener noreferrer nofollow\" href=\"https:\/\/vimeo.com\/privacy\"> politique de confidentialit\u00e9 de Vimeo<\/a><\/p>\n\t<\/div>\n\t<div class=\"cookies-per-purpose\">\n    <div class=\"purpose\"><h4>Essentiel<\/h4><\/div>\n    <div class=\"name-header\">\n\t<h5>Nom<\/h5>\n<\/div>\n<div class=\"name\">__utmt_player<\/div>\n<div class=\"retention-header\">\n\t<h5>Expiration<\/h5>\n<\/div>\n<div class=\"retention\">1 an<\/div>\n<div class=\"function-header\">\n\t<h5>Fonction<\/h5>\n<\/div>\n<div class=\"function\">Stocker et suivre l\u2019audience atteinte (audience reach)<\/div>\n<div class=\"name-header\">\n\t<h5>Nom<\/h5>\n<\/div>\n<div class=\"name\">vuid<\/div>\n<div class=\"retention-header\">\n\t<h5>Expiration<\/h5>\n<\/div>\n<div class=\"retention\">1 an<\/div>\n<div class=\"function-header\">\n\t<h5>Fonction<\/h5>\n<\/div>\n<div class=\"function\">Stocker l&#039;historique d&#039;utilisation par l&#039;utilisateur<\/div>\n\n<\/div>\n<\/details>\n<details class=\"cmplz-dropdown cmplz-service-desc cmplz-dropdown-cookiepolicy \">\n\t<summary class=\"cmplz-service-header\"><div>\n\t\t<h3>WordPress<\/h3>\n\t\t<p>Essentiel<\/p>\n\t\t<label for=\"cmplz_service_wordpress\" class=\"cmplz_consent_per_service_label\"><span class=\"screen-reader-text\">Consent to service wordpress<\/span><\/label>\n\t\t<input type=\"checkbox\" id=\"cmplz_service_wordpress\" class=\"cmplz-accept-service cmplz-hidden\" data-service=\"wordpress\" data-category=\"functional\"><\/div>\n\t<\/summary>\n\t<div class=\"cmplz-service-description\">\n\t\t<h4>Utilisation<\/h4>\n\t\t<p>Nous utilisons WordPress pour le d\u00e9veloppement du site web.<\/p>\n\t<\/div>\n\t<div class=\"cmplz-sharing-data\">\n\t\t<h4>Partage de donn\u00e9es<\/h4>\n\t\t<p>Ces donn\u00e9es ne sont pas partag\u00e9es avec des tiers.<\/p>\n\t<\/div>\n\t<div class=\"cookies-per-purpose\">\n    <div class=\"purpose\"><h4>Essentiel<\/h4><\/div>\n    <div class=\"name-header\">\n\t<h5>Nom<\/h5>\n<\/div>\n<div class=\"name\">wp-settings-time-*<\/div>\n<div class=\"retention-header\">\n\t<h5>Expiration<\/h5>\n<\/div>\n<div class=\"retention\">1 an<\/div>\n<div class=\"function-header\">\n\t<h5>Fonction<\/h5>\n<\/div>\n<div class=\"function\">Store user preferences<\/div>\n\n<\/div>\n<\/details>\n<details class=\"cmplz-dropdown cmplz-service-desc cmplz-dropdown-cookiepolicy \">\n\t<summary class=\"cmplz-service-header\"><div>\n\t\t<h3>Google Analytics<\/h3>\n\t\t<p>Essentiel<\/p>\n\t\t<label for=\"cmplz_service_google-analytics\" class=\"cmplz_consent_per_service_label\"><span class=\"screen-reader-text\">Consent to service google-analytics<\/span><\/label>\n\t\t<input type=\"checkbox\" id=\"cmplz_service_google-analytics\" class=\"cmplz-accept-service cmplz-hidden\" data-service=\"google-analytics\" data-category=\"functional\"><\/div>\n\t<\/summary>\n\t<div class=\"cmplz-service-description\">\n\t\t<h4>Utilisation<\/h4>\n\t\t<p>Nous utilisons Google Analytics pour les statistiques du site web.<\/p>\n\t<\/div>\n\t<div class=\"cmplz-sharing-data\">\n\t\t<h4>Partage de donn\u00e9es<\/h4>\n\t\t<p>Pour plus d'informations merci de consulter la <a target=\"_blank\" rel=\"noopener noreferrer nofollow\" href=\"https:\/\/business.safety.google\/privacy\/\"> politique de confidentialit\u00e9 de Google Analytics<\/a><\/p>\n\t<\/div>\n\t<div class=\"cookies-per-purpose\">\n    <div class=\"purpose\"><h4>Essentiel<\/h4><\/div>\n    <div class=\"name-header\">\n\t<h5>Nom<\/h5>\n<\/div>\n<div class=\"name\">_ga<\/div>\n<div class=\"retention-header\">\n\t<h5>Expiration<\/h5>\n<\/div>\n<div class=\"retention\">1 an<\/div>\n<div class=\"function-header\">\n\t<h5>Fonction<\/h5>\n<\/div>\n<div class=\"function\">Store and count pageviews<\/div>\n<div class=\"name-header\">\n\t<h5>Nom<\/h5>\n<\/div>\n<div class=\"name\">_ga_*<\/div>\n<div class=\"retention-header\">\n\t<h5>Expiration<\/h5>\n<\/div>\n<div class=\"retention\">1 an<\/div>\n<div class=\"function-header\">\n\t<h5>Fonction<\/h5>\n<\/div>\n<div class=\"function\">Store and count pageviews<\/div>\n\n<\/div>\n<\/details>\n<details class=\"cmplz-dropdown cmplz-service-desc cmplz-dropdown-cookiepolicy \">\n\t<summary class=\"cmplz-service-header\"><div>\n\t\t<h3>Google reCAPTCHA<\/h3>\n\t\t<p>Essentiel<\/p>\n\t\t<label for=\"cmplz_service_google-recaptcha\" class=\"cmplz_consent_per_service_label\"><span class=\"screen-reader-text\">Consent to service google-recaptcha<\/span><\/label>\n\t\t<input type=\"checkbox\" id=\"cmplz_service_google-recaptcha\" class=\"cmplz-accept-service cmplz-hidden\" data-service=\"google-recaptcha\" data-category=\"functional\"><\/div>\n\t<\/summary>\n\t<div class=\"cmplz-service-description\">\n\t\t<h4>Utilisation<\/h4>\n\t\t<p>Nous utilisons Google reCAPTCHA pour le blocage des ind\u00e9sirables.<\/p>\n\t<\/div>\n\t<div class=\"cmplz-sharing-data\">\n\t\t<h4>Partage de donn\u00e9es<\/h4>\n\t\t<p>Pour plus d'informations merci de consulter la <a target=\"_blank\" rel=\"noopener noreferrer nofollow\" href=\"https:\/\/policies.google.com\/privacy\"> politique de confidentialit\u00e9 de Google reCAPTCHA<\/a><\/p>\n\t<\/div>\n\t<div class=\"cookies-per-purpose\">\n    <div class=\"purpose\"><h4>Essentiel<\/h4><\/div>\n    <div class=\"name-header\">\n\t<h5>Nom<\/h5>\n<\/div>\n<div class=\"name\">rc::c<\/div>\n<div class=\"retention-header\">\n\t<h5>Expiration<\/h5>\n<\/div>\n<div class=\"retention\"><\/div>\n<div class=\"function-header\">\n\t<h5>Fonction<\/h5>\n<\/div>\n<div class=\"function\"><\/div>\n<div class=\"name-header\">\n\t<h5>Nom<\/h5>\n<\/div>\n<div class=\"name\">rc::b<\/div>\n<div class=\"retention-header\">\n\t<h5>Expiration<\/h5>\n<\/div>\n<div class=\"retention\"><\/div>\n<div class=\"function-header\">\n\t<h5>Fonction<\/h5>\n<\/div>\n<div class=\"function\"><\/div>\n<div class=\"name-header\">\n\t<h5>Nom<\/h5>\n<\/div>\n<div class=\"name\">rc::a<\/div>\n<div class=\"retention-header\">\n\t<h5>Expiration<\/h5>\n<\/div>\n<div class=\"retention\"><\/div>\n<div class=\"function-header\">\n\t<h5>Fonction<\/h5>\n<\/div>\n<div class=\"function\"><\/div>\n\n<\/div>\n<\/details>\n<details class=\"cmplz-dropdown cmplz-service-desc cmplz-dropdown-cookiepolicy \">\n\t<summary class=\"cmplz-service-header\"><div>\n\t\t<h3>Divers<\/h3>\n\t\t<p>Finalit\u00e9 en attente d\u2019enqu\u00eate<\/p>\n\t\t<label for=\"cmplz_service_divers\" class=\"cmplz_consent_per_service_label\"><span class=\"screen-reader-text\">Consent to service divers<\/span><\/label>\n\t\t<input type=\"checkbox\" id=\"cmplz_service_divers\" class=\"cmplz-accept-service cmplz-hidden\" data-service=\"divers\" data-category=\"functional\"><\/div>\n\t<\/summary>\n\t<div class=\"cmplz-service-description\">\n\t\t<h4>Utilisation<\/h4>\n\t\t<p><\/p>\n\t<\/div>\n\t<div class=\"cmplz-sharing-data\">\n\t\t<h4>Partage de donn\u00e9es<\/h4>\n\t\t<p>Le partage des donn\u00e9es est en cours d'enqu\u00eate<\/p>\n\t<\/div>\n\t<div class=\"cookies-per-purpose\">\n    <div class=\"purpose\"><h4>Finalit\u00e9 en attente d\u2019enqu\u00eate<\/h4><\/div>\n    <div class=\"name-header\">\n\t<h5>Nom<\/h5>\n<\/div>\n<div class=\"name\">cmplz_banner-status<\/div>\n<div class=\"retention-header\">\n\t<h5>Expiration<\/h5>\n<\/div>\n<div class=\"retention\">31 jours<\/div>\n<div class=\"function-header\">\n\t<h5>Fonction<\/h5>\n<\/div>\n<div class=\"function\"><\/div>\n<div class=\"name-header\">\n\t<h5>Nom<\/h5>\n<\/div>\n<div class=\"name\">cmplz_saved_services<\/div>\n<div class=\"retention-header\">\n\t<h5>Expiration<\/h5>\n<\/div>\n<div class=\"retention\">31 jours<\/div>\n<div class=\"function-header\">\n\t<h5>Fonction<\/h5>\n<\/div>\n<div class=\"function\"><\/div>\n<div class=\"name-header\">\n\t<h5>Nom<\/h5>\n<\/div>\n<div class=\"name\">cmplz_id<\/div>\n<div class=\"retention-header\">\n\t<h5>Expiration<\/h5>\n<\/div>\n<div class=\"retention\">31 jours<\/div>\n<div class=\"function-header\">\n\t<h5>Fonction<\/h5>\n<\/div>\n<div class=\"function\"><\/div>\n<div class=\"name-header\">\n\t<h5>Nom<\/h5>\n<\/div>\n<div class=\"name\">cmplz_saved_categories<\/div>\n<div class=\"retention-header\">\n\t<h5>Expiration<\/h5>\n<\/div>\n<div class=\"retention\">31 jours<\/div>\n<div class=\"function-header\">\n\t<h5>Fonction<\/h5>\n<\/div>\n<div class=\"function\"><\/div>\n<div class=\"name-header\">\n\t<h5>Nom<\/h5>\n<\/div>\n<div class=\"name\">wp-wpml_current_language<\/div>\n<div class=\"retention-header\">\n\t<h5>Expiration<\/h5>\n<\/div>\n<div class=\"retention\"><\/div>\n<div class=\"function-header\">\n\t<h5>Fonction<\/h5>\n<\/div>\n<div class=\"function\"><\/div>\n<div class=\"name-header\">\n\t<h5>Nom<\/h5>\n<\/div>\n<div class=\"name\">wp-wpml_current_admin_language_d41d8cd98f00b204e9800998ecf8427e<\/div>\n<div class=\"retention-header\">\n\t<h5>Expiration<\/h5>\n<\/div>\n<div class=\"retention\"><\/div>\n<div class=\"function-header\">\n\t<h5>Fonction<\/h5>\n<\/div>\n<div class=\"function\"><\/div>\n<div class=\"name-header\">\n\t<h5>Nom<\/h5>\n<\/div>\n<div class=\"name\">wp-settings-1<\/div>\n<div class=\"retention-header\">\n\t<h5>Expiration<\/h5>\n<\/div>\n<div class=\"retention\"><\/div>\n<div class=\"function-header\">\n\t<h5>Fonction<\/h5>\n<\/div>\n<div class=\"function\"><\/div>\n<div class=\"name-header\">\n\t<h5>Nom<\/h5>\n<\/div>\n<div class=\"name\">wordpress_test_cookie<\/div>\n<div class=\"retention-header\">\n\t<h5>Expiration<\/h5>\n<\/div>\n<div class=\"retention\"><\/div>\n<div class=\"function-header\">\n\t<h5>Fonction<\/h5>\n<\/div>\n<div class=\"function\"><\/div>\n<div class=\"name-header\">\n\t<h5>Nom<\/h5>\n<\/div>\n<div class=\"name\">wordpress_logged_in_5456206477c2965624c3eca7b1b43c42<\/div>\n<div class=\"retention-header\">\n\t<h5>Expiration<\/h5>\n<\/div>\n<div class=\"retention\"><\/div>\n<div class=\"function-header\">\n\t<h5>Fonction<\/h5>\n<\/div>\n<div class=\"function\"><\/div>\n<div class=\"name-header\">\n\t<h5>Nom<\/h5>\n<\/div>\n<div class=\"name\">WP_PREFERENCES_USER_1<\/div>\n<div class=\"retention-header\">\n\t<h5>Expiration<\/h5>\n<\/div>\n<div class=\"retention\"><\/div>\n<div class=\"function-header\">\n\t<h5>Fonction<\/h5>\n<\/div>\n<div class=\"function\"><\/div>\n\n<\/div>\n<\/details>\n<\/div><br><\/p>\n\n\n\n<h4 class=\"wp-block-heading\">Consentement<\/h4>\n\n\n\n<div id=\"cmplz-manage-consent-container-nojavascript\">Vous avez charg\u00e9 la politique de cookies sans le support de javascript.&nbsp;Sur AMP, vous pouvez utiliser l\u2019onglet de gestion du consentement en bas de la page.<\/div><div id=\"cmplz-manage-consent-container\" name=\"cmplz-manage-consent-container\" class=\"cmplz-manage-consent-container\"><\/div>\n\n\n\n    <\/div>\n\n<\/div>\n\n\n<p><\/p>\n","protected":false},"excerpt":{"rendered":"","protected":false},"author":1,"featured_media":0,"parent":0,"menu_order":0,"comment_status":"closed","ping_status":"closed","template":"","meta":{"_acf_changed":false,"footnotes":""},"class_list":["post-18349","page","type-page","status-publish","hentry"],"acf":[],"yoast_head":"<!-- This site is optimized with the Yoast SEO plugin v27.3 - https:\/\/yoast.com\/product\/yoast-seo-wordpress\/ -->\n<title>Politique de cookies - Nicox<\/title>\n<meta name=\"robots\" content=\"index, follow, max-snippet:-1, max-image-preview:large, max-video-preview:-1\" \/>\n<link rel=\"canonical\" href=\"https:\/\/www.nicox.com\/fr\/politique-de-cookies\/\" \/>\n<meta property=\"og:locale\" content=\"fr_FR\" \/>\n<meta property=\"og:type\" content=\"article\" \/>\n<meta property=\"og:title\" content=\"Politique de cookies - Nicox\" \/>\n<meta property=\"og:url\" content=\"https:\/\/www.nicox.com\/fr\/politique-de-cookies\/\" \/>\n<meta property=\"og:site_name\" content=\"Nicox\" \/>\n<meta property=\"article:modified_time\" content=\"2026-01-15T17:21:03+00:00\" \/>\n<meta name=\"twitter:card\" content=\"summary_large_image\" \/>\n<meta name=\"twitter:label1\" content=\"Dur\u00e9e de lecture estim\u00e9e\" \/>\n\t<meta name=\"twitter:data1\" content=\"4 minutes\" \/>\n<script type=\"application\/ld+json\" class=\"yoast-schema-graph\">{\"@context\":\"https:\\\/\\\/schema.org\",\"@graph\":[{\"@type\":\"WebPage\",\"@id\":\"https:\\\/\\\/www.nicox.com\\\/fr\\\/politique-de-cookies\\\/\",\"url\":\"https:\\\/\\\/www.nicox.com\\\/fr\\\/politique-de-cookies\\\/\",\"name\":\"Politique de cookies - Nicox\",\"isPartOf\":{\"@id\":\"https:\\\/\\\/www.nicox.com\\\/fr\\\/#website\"},\"datePublished\":\"2026-01-14T10:21:10+00:00\",\"dateModified\":\"2026-01-15T17:21:03+00:00\",\"inLanguage\":\"fr-FR\",\"potentialAction\":[{\"@type\":\"ReadAction\",\"target\":[\"https:\\\/\\\/www.nicox.com\\\/fr\\\/politique-de-cookies\\\/\"]}]},{\"@type\":\"WebSite\",\"@id\":\"https:\\\/\\\/www.nicox.com\\\/fr\\\/#website\",\"url\":\"https:\\\/\\\/www.nicox.com\\\/fr\\\/\",\"name\":\"Nicox\",\"description\":\"Visible Science\",\"publisher\":{\"@id\":\"https:\\\/\\\/www.nicox.com\\\/fr\\\/#organization\"},\"potentialAction\":[{\"@type\":\"SearchAction\",\"target\":{\"@type\":\"EntryPoint\",\"urlTemplate\":\"https:\\\/\\\/www.nicox.com\\\/fr\\\/?s={search_term_string}\"},\"query-input\":{\"@type\":\"PropertyValueSpecification\",\"valueRequired\":true,\"valueName\":\"search_term_string\"}}],\"inLanguage\":\"fr-FR\"},{\"@type\":\"Organization\",\"@id\":\"https:\\\/\\\/www.nicox.com\\\/fr\\\/#organization\",\"name\":\"Nicox\",\"url\":\"https:\\\/\\\/www.nicox.com\\\/fr\\\/\",\"logo\":{\"@type\":\"ImageObject\",\"inLanguage\":\"fr-FR\",\"@id\":\"https:\\\/\\\/www.nicox.com\\\/fr\\\/#\\\/schema\\\/logo\\\/image\\\/\",\"url\":\"\",\"contentUrl\":\"\",\"caption\":\"Nicox\"},\"image\":{\"@id\":\"https:\\\/\\\/www.nicox.com\\\/fr\\\/#\\\/schema\\\/logo\\\/image\\\/\"}}]}<\/script>\n<!-- \/ Yoast SEO plugin. -->","yoast_head_json":{"title":"Politique de cookies - Nicox","robots":{"index":"index","follow":"follow","max-snippet":"max-snippet:-1","max-image-preview":"max-image-preview:large","max-video-preview":"max-video-preview:-1"},"canonical":"https:\/\/www.nicox.com\/fr\/politique-de-cookies\/","og_locale":"fr_FR","og_type":"article","og_title":"Politique de cookies - Nicox","og_url":"https:\/\/www.nicox.com\/fr\/politique-de-cookies\/","og_site_name":"Nicox","article_modified_time":"2026-01-15T17:21:03+00:00","twitter_card":"summary_large_image","twitter_misc":{"Dur\u00e9e de lecture estim\u00e9e":"4 minutes"},"schema":{"@context":"https:\/\/schema.org","@graph":[{"@type":"WebPage","@id":"https:\/\/www.nicox.com\/fr\/politique-de-cookies\/","url":"https:\/\/www.nicox.com\/fr\/politique-de-cookies\/","name":"Politique de cookies - Nicox","isPartOf":{"@id":"https:\/\/www.nicox.com\/fr\/#website"},"datePublished":"2026-01-14T10:21:10+00:00","dateModified":"2026-01-15T17:21:03+00:00","inLanguage":"fr-FR","potentialAction":[{"@type":"ReadAction","target":["https:\/\/www.nicox.com\/fr\/politique-de-cookies\/"]}]},{"@type":"WebSite","@id":"https:\/\/www.nicox.com\/fr\/#website","url":"https:\/\/www.nicox.com\/fr\/","name":"Nicox","description":"Visible Science","publisher":{"@id":"https:\/\/www.nicox.com\/fr\/#organization"},"potentialAction":[{"@type":"SearchAction","target":{"@type":"EntryPoint","urlTemplate":"https:\/\/www.nicox.com\/fr\/?s={search_term_string}"},"query-input":{"@type":"PropertyValueSpecification","valueRequired":true,"valueName":"search_term_string"}}],"inLanguage":"fr-FR"},{"@type":"Organization","@id":"https:\/\/www.nicox.com\/fr\/#organization","name":"Nicox","url":"https:\/\/www.nicox.com\/fr\/","logo":{"@type":"ImageObject","inLanguage":"fr-FR","@id":"https:\/\/www.nicox.com\/fr\/#\/schema\/logo\/image\/","url":"","contentUrl":"","caption":"Nicox"},"image":{"@id":"https:\/\/www.nicox.com\/fr\/#\/schema\/logo\/image\/"}}]}},"_links":{"self":[{"href":"https:\/\/www.nicox.com\/fr\/wp-json\/wp\/v2\/pages\/18349","targetHints":{"allow":["GET"]}}],"collection":[{"href":"https:\/\/www.nicox.com\/fr\/wp-json\/wp\/v2\/pages"}],"about":[{"href":"https:\/\/www.nicox.com\/fr\/wp-json\/wp\/v2\/types\/page"}],"author":[{"embeddable":true,"href":"https:\/\/www.nicox.com\/fr\/wp-json\/wp\/v2\/users\/1"}],"replies":[{"embeddable":true,"href":"https:\/\/www.nicox.com\/fr\/wp-json\/wp\/v2\/comments?post=18349"}],"version-history":[{"count":1,"href":"https:\/\/www.nicox.com\/fr\/wp-json\/wp\/v2\/pages\/18349\/revisions"}],"predecessor-version":[{"id":18351,"href":"https:\/\/www.nicox.com\/fr\/wp-json\/wp\/v2\/pages\/18349\/revisions\/18351"}],"wp:attachment":[{"href":"https:\/\/www.nicox.com\/fr\/wp-json\/wp\/v2\/media?parent=18349"}],"curies":[{"name":"wp","href":"https:\/\/api.w.org\/{rel}","templated":true}]}}