{"id":10438,"date":"2021-07-07T18:50:34","date_gmt":"2021-07-07T16:50:34","guid":{"rendered":"https:\/\/www.nicox.com\/contact-us\/investors-and-media-enquiries\/"},"modified":"2025-03-28T11:14:30","modified_gmt":"2025-03-28T09:14:30","slug":"investors-and-media-enquiries","status":"publish","type":"page","link":"https:\/\/www.nicox.com\/fr\/contact-us\/investors-and-media-enquiries\/","title":{"rendered":"Investors and Media Enquiries"},"content":{"rendered":"\n\n<section class=\"[ c-wrapper c-form-block ] [ u-bg-grey-1 u-links-plain ] [  ]\">\n\n    <div class=\"c-block-anchor\" id=\"block_60e83195ed402\"><\/div>\n\n    <div class=\"c-container\">\n\n        <a class=\"c-icon-link c-form-block__close\" href=\"https:\/\/www.nicox.com\/fr\/\/contact-us\" data-variant=\"medium\">\n            <span class=\"c-icon-link__text\">Fermer<\/span>\n            <span class=\"c-icon c-icon-link__icon\" aria-hidden=\"true\">\n                <svg xmlns=\"http:\/\/www.w3.org\/2000\/svg\" viewBox=\"0 0 73 73\">\n  <path d=\"M36.5 2c-4.7 0-9.2.9-13.4 2.7-4.1 1.7-7.8 4.2-11 7.4s-5.7 6.9-7.4 11C2.9 27.4 2 31.9 2 36.5s.9 9.2 2.7 13.4c1.7 4.1 4.2 7.8 7.4 11s6.9 5.7 11 7.4c4.3 1.8 8.8 2.7 13.4 2.7s9.2-.9 13.4-2.7c4.1-1.7 7.8-4.2 11-7.4s5.7-6.9 7.4-11c1.8-4.3 2.7-8.8 2.7-13.4s-.9-9.2-2.7-13.4c-1.7-4.1-4.2-7.8-7.4-11s-6.9-5.7-11-7.4C45.7 2.9 41.2 2 36.5 2m0-2C56.7 0 73 16.3 73 36.5S56.7 73 36.5 73 0 56.7 0 36.5 16.3 0 36.5 0z\"\/>\n  <path d=\"M15.06 55.774l39.951-39.951 1.415 1.414-39.952 39.951z\"\/>\n  <path d=\"M14.989 17.236l1.414-1.415 39.951 39.952-1.414 1.414z\"\/>\n<\/svg>\n            <\/span>\n        <\/a>\n\n        \n            <h2 class=\"[ c-form-block__title ] [ u-text-plus-1 md:u-text-plus-2 u-weight-bold ]\">\n                Autres questions\n            <\/h2>\n\n        \n        \n        \n\n                    <div class=\"[ c-form__note ] [ u-text-minus-3 ]\">\n                <p class=\"m_4947466936308587838xmsonormal\">En soumettant cette demande, vous acceptez que Nicox conserve les informations en toute s\u00e9curit\u00e9 et que nous vous envoyions des informations que nous pensons susceptibles de vous int\u00e9resser. Nous ne partagerons ni ne vendrons vos informations avec d&rsquo;autres soci\u00e9t\u00e9s ou organisations.<u><\/u><u><\/u><\/p>\n\n            <\/div>\n        \n    <\/div>\n\n<\/section>","protected":false},"excerpt":{"rendered":"","protected":false},"author":1,"featured_media":0,"parent":10364,"menu_order":0,"comment_status":"closed","ping_status":"closed","template":"","meta":{"_acf_changed":false,"footnotes":""},"class_list":["post-10438","page","type-page","status-publish","hentry"],"acf":[],"yoast_head":"<!-- This site is optimized with the Yoast SEO plugin v27.3 - https:\/\/yoast.com\/product\/yoast-seo-wordpress\/ -->\n<title>Investors and Media Enquiries - Nicox<\/title>\n<meta name=\"robots\" content=\"index, follow, max-snippet:-1, max-image-preview:large, max-video-preview:-1\" \/>\n<link rel=\"canonical\" href=\"https:\/\/www.nicox.com\/fr\/contact-us\/investors-and-media-enquiries\/\" \/>\n<meta property=\"og:locale\" content=\"fr_FR\" \/>\n<meta property=\"og:type\" content=\"article\" \/>\n<meta property=\"og:title\" content=\"Investors and Media Enquiries - Nicox\" \/>\n<meta property=\"og:url\" content=\"https:\/\/www.nicox.com\/fr\/contact-us\/investors-and-media-enquiries\/\" \/>\n<meta property=\"og:site_name\" content=\"Nicox\" \/>\n<meta property=\"article:modified_time\" content=\"2025-03-28T09:14:30+00:00\" \/>\n<meta name=\"twitter:card\" content=\"summary_large_image\" \/>\n<script type=\"application\/ld+json\" class=\"yoast-schema-graph\">{\"@context\":\"https:\\\/\\\/schema.org\",\"@graph\":[{\"@type\":\"WebPage\",\"@id\":\"https:\\\/\\\/www.nicox.com\\\/fr\\\/contact-us\\\/investors-and-media-enquiries\\\/\",\"url\":\"https:\\\/\\\/www.nicox.com\\\/fr\\\/contact-us\\\/investors-and-media-enquiries\\\/\",\"name\":\"Investors and Media Enquiries - Nicox\",\"isPartOf\":{\"@id\":\"https:\\\/\\\/www.nicox.com\\\/fr\\\/#website\"},\"datePublished\":\"2021-07-07T16:50:34+00:00\",\"dateModified\":\"2025-03-28T09:14:30+00:00\",\"breadcrumb\":{\"@id\":\"https:\\\/\\\/www.nicox.com\\\/fr\\\/contact-us\\\/investors-and-media-enquiries\\\/#breadcrumb\"},\"inLanguage\":\"fr-FR\",\"potentialAction\":[{\"@type\":\"ReadAction\",\"target\":[\"https:\\\/\\\/www.nicox.com\\\/fr\\\/contact-us\\\/investors-and-media-enquiries\\\/\"]}]},{\"@type\":\"BreadcrumbList\",\"@id\":\"https:\\\/\\\/www.nicox.com\\\/fr\\\/contact-us\\\/investors-and-media-enquiries\\\/#breadcrumb\",\"itemListElement\":[{\"@type\":\"ListItem\",\"position\":1,\"name\":\"Nous contacter\",\"item\":\"https:\\\/\\\/www.nicox.com\\\/fr\\\/contact-us\\\/\"},{\"@type\":\"ListItem\",\"position\":2,\"name\":\"Investors and Media Enquiries\"}]},{\"@type\":\"WebSite\",\"@id\":\"https:\\\/\\\/www.nicox.com\\\/fr\\\/#website\",\"url\":\"https:\\\/\\\/www.nicox.com\\\/fr\\\/\",\"name\":\"Nicox\",\"description\":\"Visible Science\",\"publisher\":{\"@id\":\"https:\\\/\\\/www.nicox.com\\\/fr\\\/#organization\"},\"potentialAction\":[{\"@type\":\"SearchAction\",\"target\":{\"@type\":\"EntryPoint\",\"urlTemplate\":\"https:\\\/\\\/www.nicox.com\\\/fr\\\/?s={search_term_string}\"},\"query-input\":{\"@type\":\"PropertyValueSpecification\",\"valueRequired\":true,\"valueName\":\"search_term_string\"}}],\"inLanguage\":\"fr-FR\"},{\"@type\":\"Organization\",\"@id\":\"https:\\\/\\\/www.nicox.com\\\/fr\\\/#organization\",\"name\":\"Nicox\",\"url\":\"https:\\\/\\\/www.nicox.com\\\/fr\\\/\",\"logo\":{\"@type\":\"ImageObject\",\"inLanguage\":\"fr-FR\",\"@id\":\"https:\\\/\\\/www.nicox.com\\\/fr\\\/#\\\/schema\\\/logo\\\/image\\\/\",\"url\":\"\",\"contentUrl\":\"\",\"caption\":\"Nicox\"},\"image\":{\"@id\":\"https:\\\/\\\/www.nicox.com\\\/fr\\\/#\\\/schema\\\/logo\\\/image\\\/\"}}]}<\/script>\n<!-- \/ Yoast SEO plugin. -->","yoast_head_json":{"title":"Investors and Media Enquiries - Nicox","robots":{"index":"index","follow":"follow","max-snippet":"max-snippet:-1","max-image-preview":"max-image-preview:large","max-video-preview":"max-video-preview:-1"},"canonical":"https:\/\/www.nicox.com\/fr\/contact-us\/investors-and-media-enquiries\/","og_locale":"fr_FR","og_type":"article","og_title":"Investors and Media Enquiries - Nicox","og_url":"https:\/\/www.nicox.com\/fr\/contact-us\/investors-and-media-enquiries\/","og_site_name":"Nicox","article_modified_time":"2025-03-28T09:14:30+00:00","twitter_card":"summary_large_image","schema":{"@context":"https:\/\/schema.org","@graph":[{"@type":"WebPage","@id":"https:\/\/www.nicox.com\/fr\/contact-us\/investors-and-media-enquiries\/","url":"https:\/\/www.nicox.com\/fr\/contact-us\/investors-and-media-enquiries\/","name":"Investors and Media Enquiries - Nicox","isPartOf":{"@id":"https:\/\/www.nicox.com\/fr\/#website"},"datePublished":"2021-07-07T16:50:34+00:00","dateModified":"2025-03-28T09:14:30+00:00","breadcrumb":{"@id":"https:\/\/www.nicox.com\/fr\/contact-us\/investors-and-media-enquiries\/#breadcrumb"},"inLanguage":"fr-FR","potentialAction":[{"@type":"ReadAction","target":["https:\/\/www.nicox.com\/fr\/contact-us\/investors-and-media-enquiries\/"]}]},{"@type":"BreadcrumbList","@id":"https:\/\/www.nicox.com\/fr\/contact-us\/investors-and-media-enquiries\/#breadcrumb","itemListElement":[{"@type":"ListItem","position":1,"name":"Nous contacter","item":"https:\/\/www.nicox.com\/fr\/contact-us\/"},{"@type":"ListItem","position":2,"name":"Investors and Media Enquiries"}]},{"@type":"WebSite","@id":"https:\/\/www.nicox.com\/fr\/#website","url":"https:\/\/www.nicox.com\/fr\/","name":"Nicox","description":"Visible Science","publisher":{"@id":"https:\/\/www.nicox.com\/fr\/#organization"},"potentialAction":[{"@type":"SearchAction","target":{"@type":"EntryPoint","urlTemplate":"https:\/\/www.nicox.com\/fr\/?s={search_term_string}"},"query-input":{"@type":"PropertyValueSpecification","valueRequired":true,"valueName":"search_term_string"}}],"inLanguage":"fr-FR"},{"@type":"Organization","@id":"https:\/\/www.nicox.com\/fr\/#organization","name":"Nicox","url":"https:\/\/www.nicox.com\/fr\/","logo":{"@type":"ImageObject","inLanguage":"fr-FR","@id":"https:\/\/www.nicox.com\/fr\/#\/schema\/logo\/image\/","url":"","contentUrl":"","caption":"Nicox"},"image":{"@id":"https:\/\/www.nicox.com\/fr\/#\/schema\/logo\/image\/"}}]}},"_links":{"self":[{"href":"https:\/\/www.nicox.com\/fr\/wp-json\/wp\/v2\/pages\/10438","targetHints":{"allow":["GET"]}}],"collection":[{"href":"https:\/\/www.nicox.com\/fr\/wp-json\/wp\/v2\/pages"}],"about":[{"href":"https:\/\/www.nicox.com\/fr\/wp-json\/wp\/v2\/types\/page"}],"author":[{"embeddable":true,"href":"https:\/\/www.nicox.com\/fr\/wp-json\/wp\/v2\/users\/1"}],"replies":[{"embeddable":true,"href":"https:\/\/www.nicox.com\/fr\/wp-json\/wp\/v2\/comments?post=10438"}],"version-history":[{"count":1,"href":"https:\/\/www.nicox.com\/fr\/wp-json\/wp\/v2\/pages\/10438\/revisions"}],"predecessor-version":[{"id":17415,"href":"https:\/\/www.nicox.com\/fr\/wp-json\/wp\/v2\/pages\/10438\/revisions\/17415"}],"up":[{"embeddable":true,"href":"https:\/\/www.nicox.com\/fr\/wp-json\/wp\/v2\/pages\/10364"}],"wp:attachment":[{"href":"https:\/\/www.nicox.com\/fr\/wp-json\/wp\/v2\/media?parent=10438"}],"curies":[{"name":"wp","href":"https:\/\/api.w.org\/{rel}","templated":true}]}}