{"id":10400,"date":"2021-07-24T19:47:54","date_gmt":"2021-07-24T19:47:54","guid":{"rendered":"https:\/\/www.nicox.com\/archives-document-de-reference\/"},"modified":"2021-07-26T23:17:27","modified_gmt":"2021-07-26T23:17:27","slug":"archives-document-de-reference","status":"publish","type":"page","link":"https:\/\/www.nicox.com\/fr\/investisseurs\/investisseurs-financiere-et-informations-reglementees\/archives-document-de-reference\/","title":{"rendered":"Archives document de r\u00e9f\u00e9rence"},"content":{"rendered":"\n<div class=\"c-page-title c-wrapper\">\n\n    <div class=\"[ c-container ] [ u-align-center ]\" data-variant=\"narrow-column\">\n    \n        <h1 class=\"[ c-page-title__text ] [ u-text-base sm:u-text-plus-1 u-weight-bold ] [  ]\">\n\n            Investisseurs\n            \n        <\/h1>\n\n        <hr class=\"[ c-page-title__hr ] [ u-color-blue-4 ]\">\n    \n    <\/div>\n\n<\/div>\n\n\n<section class=\"[ c-centered-column c-wrapper ] [ u-vertical-padding ] [   ]\">\n\n    <div class=\"c-block-anchor\" id=\"block_60f5665c04dc8\"><\/div>\n\n    <div class=\"c-container c-centered-column__header\" data-variant=\"wide-column\">\n\n        \n            \n    <\/div>\n\n    <div class=\"[ c-container ] [ c-text-content ]\" data-variant=\"narrow-column\">\n\n        \n\n\n    <h2 class=\"[ c-section-title ] [ u-caps u-text-base sm:u-text-plus-1 u-color-tan-2 u-weight-bold u-align-center  ]\" id=\"block_60f5667b04dc9\">\n        Archives document de r\u00e9f\u00e9rence\n    <\/h2>\n\n\n\n\n<p class=\"has-text-align-center\">Les documents de r\u00e9f\u00e9rence r\u00e9pertori\u00e9s ci-dessous sont disponibles en format PDF.<\/p>\n\n\n\n    <\/div>\n\n<\/section>\n\n\n<section class=\"[ c-document-archive c-wrapper ] [ u-bottom-padding ] [  ]\">\n\n    <div class=\"c-block-anchor\" id=\"block_60f5664404dc7\"><\/div>\n\n    <div class=\"c-container\">\n\n        \n            <hr class=\"u-gap-top-plus-3\" data-variant=\"flush\">\n\n            <h3 class=\"u-text-plus-1 sm:u-text-plus-2 u-weight-bold\">\n                2025\n            <\/h3>\n\n            <table class=\"u-gap-top-plus-3 u-text-minus-2 u-links-underlined\" cellspacing=\"0\" cellpadding=\"0\" border=\"0\" data-variant=\"no-border\">\n\n                \n                    \n                    <tr>\n                        <td>\n                                                            <a href=\"https:\/\/www.nicox.com\/wp-content\/uploads\/RAPPORT-ANNUEL-2024-FINAL.pdf\" target=\"_blank\">\n                                                            Rapport Annuel 2024\n                            <\/a>\n                        <\/td>\n                        <td class=\"u-align-right u-nowrap\">30 avril 2025<\/td>\n                    <\/tr>\n\n                \n                    \n                    <tr>\n                        <td>\n                                                            <a href=\"https:\/\/www.nicox.com\/wp-content\/uploads\/FR_Eligibilite-PEA-PME-Year-2025_20250122.pdf\" target=\"_blank\">\n                                                            \n                            <\/a>\n                        <\/td>\n                        <td class=\"u-align-right u-nowrap\">22 janvier 2025<\/td>\n                    <\/tr>\n\n                \n            <\/table>\n\n        \n            <hr class=\"u-gap-top-plus-3\" data-variant=\"flush\">\n\n            <h3 class=\"u-text-plus-1 sm:u-text-plus-2 u-weight-bold\">\n                2024\n            <\/h3>\n\n            <table class=\"u-gap-top-plus-3 u-text-minus-2 u-links-underlined\" cellspacing=\"0\" cellpadding=\"0\" border=\"0\" data-variant=\"no-border\">\n\n                \n                    \n                    <tr>\n                        <td>\n                                                            <a href=\"https:\/\/www.nicox.com\/wp-content\/uploads\/RAPPORT-ANNUEL-2023_FINAL-avec-les-comptes-1.pdf\" target=\"_blank\">\n                                                            Rapport Annuel 2023\n                            <\/a>\n                        <\/td>\n                        <td class=\"u-align-right u-nowrap\"><\/td>\n                    <\/tr>\n\n                \n                    \n                    <tr>\n                        <td>\n                                                            <a href=\"https:\/\/www.nicox.com\/wp-content\/uploads\/4-AG-NICOX-Quorum-JOUR-J-1.pdf\" target=\"_blank\">\n                                                            Quorum de l\u2019Assembl\u00e9e g\u00e9n\u00e9rale ordinaire et extraordinaire sur premi\u00e8re convocation le 10 avril 2024\n                            <\/a>\n                        <\/td>\n                        <td class=\"u-align-right u-nowrap\">10 avril 2024<\/td>\n                    <\/tr>\n\n                \n            <\/table>\n\n        \n            <hr class=\"u-gap-top-plus-3\" data-variant=\"flush\">\n\n            <h3 class=\"u-text-plus-1 sm:u-text-plus-2 u-weight-bold\">\n                2023\n            <\/h3>\n\n            <table class=\"u-gap-top-plus-3 u-text-minus-2 u-links-underlined\" cellspacing=\"0\" cellpadding=\"0\" border=\"0\" data-variant=\"no-border\">\n\n                \n                    \n                    <tr>\n                        <td>\n                                                            <a href=\"https:\/\/www.nicox.com\/wp-content\/uploads\/Rapport-Annuel-2022_20230428_FINAL.pdf\" target=\"_blank\">\n                                                            Rapport Annuel 2022\n                            <\/a>\n                        <\/td>\n                        <td class=\"u-align-right u-nowrap\"><\/td>\n                    <\/tr>\n\n                \n                    \n                    <tr>\n                        <td>\n                                                            <a href=\"https:\/\/www.nicox.com\/wp-content\/uploads\/Document-dInformation-Admission-Euronext-Growth_24avril2023.pdf\" target=\"_blank\">\n                                                            Document d&rsquo;information relatif au transfert des titres de la Soci\u00e9t\u00e9 Nicox sur le march\u00e9 Euronext Growth Paris \n                            <\/a>\n                        <\/td>\n                        <td class=\"u-align-right u-nowrap\"><\/td>\n                    <\/tr>\n\n                \n            <\/table>\n\n        \n            <hr class=\"u-gap-top-plus-3\" data-variant=\"flush\">\n\n            <h3 class=\"u-text-plus-1 sm:u-text-plus-2 u-weight-bold\">\n                2022\n            <\/h3>\n\n            <table class=\"u-gap-top-plus-3 u-text-minus-2 u-links-underlined\" cellspacing=\"0\" cellpadding=\"0\" border=\"0\" data-variant=\"no-border\">\n\n                \n                    \n                    <tr>\n                        <td>\n                                                            <a href=\"https:\/\/www.nicox.com\/wp-content\/uploads\/Note-doperation-Nicox-_-22-11-2022.pdf\" target=\"_blank\">\n                                                            Prospectus d&rsquo;admission  d&rsquo;actions nouvelles\n                            <\/a>\n                        <\/td>\n                        <td class=\"u-align-right u-nowrap\">22 novembre 2022<\/td>\n                    <\/tr>\n\n                \n                    \n                    <tr>\n                        <td>\n                                                            <a href=\"https:\/\/www.nicox.com\/wp-content\/uploads\/Second-Amendement-URD-2021.pdf\" target=\"_blank\">\n                                                            Second Amendement au Document d&rsquo;Enregistrement Universel 2021\n                            <\/a>\n                        <\/td>\n                        <td class=\"u-align-right u-nowrap\"><\/td>\n                    <\/tr>\n\n                \n                    \n                    <tr>\n                        <td>\n                                                            <a href=\"https:\/\/www.nicox.com\/wp-content\/uploads\/Amendement-URD-2021.pdf\" target=\"_blank\">\n                                                            Amendement au Document d&rsquo;Enregistrement Universel 2021\n                            <\/a>\n                        <\/td>\n                        <td class=\"u-align-right u-nowrap\">Exercice 2021<\/td>\n                    <\/tr>\n\n                \n                    \n                    <tr>\n                        <td>\n                                                            <a href=\"\/wp-content\/uploads\/urd_2021.xhtml\" target=\"_blank\">\n                                                            Document d\u2019enregistrement universel 2021 \u2013 format XBRL\n                            <\/a>\n                        <\/td>\n                        <td class=\"u-align-right u-nowrap\">Exercice 2021<\/td>\n                    <\/tr>\n\n                \n                    \n                    <tr>\n                        <td>\n                                                            <a href=\"https:\/\/www.nicox.com\/wp-content\/uploads\/URD-2021_.site-internet.pdf\" target=\"_blank\">\n                                                            Document d&rsquo;Enregistrement Universel (URD), Rapport Financier Annuel, Rapport de Gestion 2021 \n                            <\/a>\n                        <\/td>\n                        <td class=\"u-align-right u-nowrap\">Exercice 2021<\/td>\n                    <\/tr>\n\n                \n            <\/table>\n\n        \n            <hr class=\"u-gap-top-plus-3\" data-variant=\"flush\">\n\n            <h3 class=\"u-text-plus-1 sm:u-text-plus-2 u-weight-bold\">\n                2021\n            <\/h3>\n\n            <table class=\"u-gap-top-plus-3 u-text-minus-2 u-links-underlined\" cellspacing=\"0\" cellpadding=\"0\" border=\"0\" data-variant=\"no-border\">\n\n                \n                    \n                    <tr>\n                        <td>\n                                                            <a href=\"https:\/\/www.nicox.com\/wp-content\/uploads\/Nicox-SA-Note-doperation-9.12.21.pdf\" target=\"_blank\">\n                                                            Prospectus d\u2019admission d&rsquo;actions nouvelles\n                            <\/a>\n                        <\/td>\n                        <td class=\"u-align-right u-nowrap\">10 d\u00e9cembre 2021<\/td>\n                    <\/tr>\n\n                \n                    \n                    <tr>\n                        <td>\n                                                            <a href=\"https:\/\/www.nicox.com\/wp-content\/uploads\/Nicox-Amendement-URD-9.12.21.pdf\" target=\"_blank\">\n                                                            Amendement au Document d&rsquo;Enregistrement Universel 2020\n                            <\/a>\n                        <\/td>\n                        <td class=\"u-align-right u-nowrap\">9 d\u00e9cembre 2021<\/td>\n                    <\/tr>\n\n                \n            <\/table>\n\n        \n            <hr class=\"u-gap-top-plus-3\" data-variant=\"flush\">\n\n            <h3 class=\"u-text-plus-1 sm:u-text-plus-2 u-weight-bold\">\n                2020\n            <\/h3>\n\n            <table class=\"u-gap-top-plus-3 u-text-minus-2 u-links-underlined\" cellspacing=\"0\" cellpadding=\"0\" border=\"0\" data-variant=\"no-border\">\n\n                \n                    \n                    <tr>\n                        <td>\n                                                            <a href=\"https:\/\/www.nicox.com\/wp-content\/uploads\/URD-2020-FINAL-1.pdf\" target=\"_blank\">\n                                                            Document d\u2019Enregistrement Universel, Rapport Financier Annuel, Rapport de Gestion\n                            <\/a>\n                        <\/td>\n                        <td class=\"u-align-right u-nowrap\">Exercice 2020<\/td>\n                    <\/tr>\n\n                \n            <\/table>\n\n        \n    <\/div>\n\n<\/section>","protected":false},"excerpt":{"rendered":"","protected":false},"author":1,"featured_media":0,"parent":10449,"menu_order":0,"comment_status":"closed","ping_status":"closed","template":"","meta":{"_acf_changed":false,"footnotes":""},"class_list":["post-10400","page","type-page","status-publish","hentry"],"acf":[],"yoast_head":"<!-- This site is optimized with the Yoast SEO plugin v27.3 - https:\/\/yoast.com\/product\/yoast-seo-wordpress\/ -->\n<title>Archives document de r\u00e9f\u00e9rence - Nicox<\/title>\n<meta name=\"robots\" content=\"index, follow, max-snippet:-1, max-image-preview:large, max-video-preview:-1\" \/>\n<link rel=\"canonical\" href=\"https:\/\/www.nicox.com\/fr\/investisseurs\/investisseurs-financiere-et-informations-reglementees\/archives-document-de-reference\/\" \/>\n<meta property=\"og:locale\" content=\"fr_FR\" \/>\n<meta property=\"og:type\" content=\"article\" \/>\n<meta property=\"og:title\" content=\"Archives document de r\u00e9f\u00e9rence - Nicox\" \/>\n<meta property=\"og:url\" content=\"https:\/\/www.nicox.com\/fr\/investisseurs\/investisseurs-financiere-et-informations-reglementees\/archives-document-de-reference\/\" \/>\n<meta property=\"og:site_name\" content=\"Nicox\" \/>\n<meta property=\"article:modified_time\" content=\"2021-07-26T23:17:27+00:00\" \/>\n<meta name=\"twitter:card\" content=\"summary_large_image\" \/>\n<meta name=\"twitter:label1\" content=\"Dur\u00e9e de lecture estim\u00e9e\" \/>\n\t<meta name=\"twitter:data1\" content=\"1 minute\" \/>\n<script type=\"application\/ld+json\" class=\"yoast-schema-graph\">{\"@context\":\"https:\\\/\\\/schema.org\",\"@graph\":[{\"@type\":\"WebPage\",\"@id\":\"https:\\\/\\\/www.nicox.com\\\/fr\\\/investisseurs\\\/investisseurs-financiere-et-informations-reglementees\\\/archives-document-de-reference\\\/\",\"url\":\"https:\\\/\\\/www.nicox.com\\\/fr\\\/investisseurs\\\/investisseurs-financiere-et-informations-reglementees\\\/archives-document-de-reference\\\/\",\"name\":\"Archives document de r\u00e9f\u00e9rence - Nicox\",\"isPartOf\":{\"@id\":\"https:\\\/\\\/www.nicox.com\\\/fr\\\/#website\"},\"datePublished\":\"2021-07-24T19:47:54+00:00\",\"dateModified\":\"2021-07-26T23:17:27+00:00\",\"breadcrumb\":{\"@id\":\"https:\\\/\\\/www.nicox.com\\\/fr\\\/investisseurs\\\/investisseurs-financiere-et-informations-reglementees\\\/archives-document-de-reference\\\/#breadcrumb\"},\"inLanguage\":\"fr-FR\",\"potentialAction\":[{\"@type\":\"ReadAction\",\"target\":[\"https:\\\/\\\/www.nicox.com\\\/fr\\\/investisseurs\\\/investisseurs-financiere-et-informations-reglementees\\\/archives-document-de-reference\\\/\"]}]},{\"@type\":\"BreadcrumbList\",\"@id\":\"https:\\\/\\\/www.nicox.com\\\/fr\\\/investisseurs\\\/investisseurs-financiere-et-informations-reglementees\\\/archives-document-de-reference\\\/#breadcrumb\",\"itemListElement\":[{\"@type\":\"ListItem\",\"position\":1,\"name\":\"Investisseurs\",\"item\":\"https:\\\/\\\/www.nicox.com\\\/fr\\\/investisseurs\\\/\"},{\"@type\":\"ListItem\",\"position\":2,\"name\":\"Investisseurs &#8211; Informations financi\u00e8res et r\u00e9glement\u00e9es\",\"item\":\"https:\\\/\\\/www.nicox.com\\\/fr\\\/investisseurs\\\/investisseurs-financiere-et-informations-reglementees\\\/\"},{\"@type\":\"ListItem\",\"position\":3,\"name\":\"Archives document de r\u00e9f\u00e9rence\"}]},{\"@type\":\"WebSite\",\"@id\":\"https:\\\/\\\/www.nicox.com\\\/fr\\\/#website\",\"url\":\"https:\\\/\\\/www.nicox.com\\\/fr\\\/\",\"name\":\"Nicox\",\"description\":\"Visible Science\",\"publisher\":{\"@id\":\"https:\\\/\\\/www.nicox.com\\\/fr\\\/#organization\"},\"potentialAction\":[{\"@type\":\"SearchAction\",\"target\":{\"@type\":\"EntryPoint\",\"urlTemplate\":\"https:\\\/\\\/www.nicox.com\\\/fr\\\/?s={search_term_string}\"},\"query-input\":{\"@type\":\"PropertyValueSpecification\",\"valueRequired\":true,\"valueName\":\"search_term_string\"}}],\"inLanguage\":\"fr-FR\"},{\"@type\":\"Organization\",\"@id\":\"https:\\\/\\\/www.nicox.com\\\/fr\\\/#organization\",\"name\":\"Nicox\",\"url\":\"https:\\\/\\\/www.nicox.com\\\/fr\\\/\",\"logo\":{\"@type\":\"ImageObject\",\"inLanguage\":\"fr-FR\",\"@id\":\"https:\\\/\\\/www.nicox.com\\\/fr\\\/#\\\/schema\\\/logo\\\/image\\\/\",\"url\":\"\",\"contentUrl\":\"\",\"caption\":\"Nicox\"},\"image\":{\"@id\":\"https:\\\/\\\/www.nicox.com\\\/fr\\\/#\\\/schema\\\/logo\\\/image\\\/\"}}]}<\/script>\n<!-- \/ Yoast SEO plugin. -->","yoast_head_json":{"title":"Archives document de r\u00e9f\u00e9rence - Nicox","robots":{"index":"index","follow":"follow","max-snippet":"max-snippet:-1","max-image-preview":"max-image-preview:large","max-video-preview":"max-video-preview:-1"},"canonical":"https:\/\/www.nicox.com\/fr\/investisseurs\/investisseurs-financiere-et-informations-reglementees\/archives-document-de-reference\/","og_locale":"fr_FR","og_type":"article","og_title":"Archives document de r\u00e9f\u00e9rence - Nicox","og_url":"https:\/\/www.nicox.com\/fr\/investisseurs\/investisseurs-financiere-et-informations-reglementees\/archives-document-de-reference\/","og_site_name":"Nicox","article_modified_time":"2021-07-26T23:17:27+00:00","twitter_card":"summary_large_image","twitter_misc":{"Dur\u00e9e de lecture estim\u00e9e":"1 minute"},"schema":{"@context":"https:\/\/schema.org","@graph":[{"@type":"WebPage","@id":"https:\/\/www.nicox.com\/fr\/investisseurs\/investisseurs-financiere-et-informations-reglementees\/archives-document-de-reference\/","url":"https:\/\/www.nicox.com\/fr\/investisseurs\/investisseurs-financiere-et-informations-reglementees\/archives-document-de-reference\/","name":"Archives document de r\u00e9f\u00e9rence - Nicox","isPartOf":{"@id":"https:\/\/www.nicox.com\/fr\/#website"},"datePublished":"2021-07-24T19:47:54+00:00","dateModified":"2021-07-26T23:17:27+00:00","breadcrumb":{"@id":"https:\/\/www.nicox.com\/fr\/investisseurs\/investisseurs-financiere-et-informations-reglementees\/archives-document-de-reference\/#breadcrumb"},"inLanguage":"fr-FR","potentialAction":[{"@type":"ReadAction","target":["https:\/\/www.nicox.com\/fr\/investisseurs\/investisseurs-financiere-et-informations-reglementees\/archives-document-de-reference\/"]}]},{"@type":"BreadcrumbList","@id":"https:\/\/www.nicox.com\/fr\/investisseurs\/investisseurs-financiere-et-informations-reglementees\/archives-document-de-reference\/#breadcrumb","itemListElement":[{"@type":"ListItem","position":1,"name":"Investisseurs","item":"https:\/\/www.nicox.com\/fr\/investisseurs\/"},{"@type":"ListItem","position":2,"name":"Investisseurs &#8211; Informations financi\u00e8res et r\u00e9glement\u00e9es","item":"https:\/\/www.nicox.com\/fr\/investisseurs\/investisseurs-financiere-et-informations-reglementees\/"},{"@type":"ListItem","position":3,"name":"Archives document de r\u00e9f\u00e9rence"}]},{"@type":"WebSite","@id":"https:\/\/www.nicox.com\/fr\/#website","url":"https:\/\/www.nicox.com\/fr\/","name":"Nicox","description":"Visible Science","publisher":{"@id":"https:\/\/www.nicox.com\/fr\/#organization"},"potentialAction":[{"@type":"SearchAction","target":{"@type":"EntryPoint","urlTemplate":"https:\/\/www.nicox.com\/fr\/?s={search_term_string}"},"query-input":{"@type":"PropertyValueSpecification","valueRequired":true,"valueName":"search_term_string"}}],"inLanguage":"fr-FR"},{"@type":"Organization","@id":"https:\/\/www.nicox.com\/fr\/#organization","name":"Nicox","url":"https:\/\/www.nicox.com\/fr\/","logo":{"@type":"ImageObject","inLanguage":"fr-FR","@id":"https:\/\/www.nicox.com\/fr\/#\/schema\/logo\/image\/","url":"","contentUrl":"","caption":"Nicox"},"image":{"@id":"https:\/\/www.nicox.com\/fr\/#\/schema\/logo\/image\/"}}]}},"_links":{"self":[{"href":"https:\/\/www.nicox.com\/fr\/wp-json\/wp\/v2\/pages\/10400","targetHints":{"allow":["GET"]}}],"collection":[{"href":"https:\/\/www.nicox.com\/fr\/wp-json\/wp\/v2\/pages"}],"about":[{"href":"https:\/\/www.nicox.com\/fr\/wp-json\/wp\/v2\/types\/page"}],"author":[{"embeddable":true,"href":"https:\/\/www.nicox.com\/fr\/wp-json\/wp\/v2\/users\/1"}],"replies":[{"embeddable":true,"href":"https:\/\/www.nicox.com\/fr\/wp-json\/wp\/v2\/comments?post=10400"}],"version-history":[{"count":0,"href":"https:\/\/www.nicox.com\/fr\/wp-json\/wp\/v2\/pages\/10400\/revisions"}],"up":[{"embeddable":true,"href":"https:\/\/www.nicox.com\/fr\/wp-json\/wp\/v2\/pages\/10449"}],"wp:attachment":[{"href":"https:\/\/www.nicox.com\/fr\/wp-json\/wp\/v2\/media?parent=10400"}],"curies":[{"name":"wp","href":"https:\/\/api.w.org\/{rel}","templated":true}]}}