{"id":10398,"date":"2021-07-24T19:44:28","date_gmt":"2021-07-24T19:44:28","guid":{"rendered":"https:\/\/www.nicox.com\/archives-presentation-des-resultats-financiers\/"},"modified":"2021-07-27T18:45:40","modified_gmt":"2021-07-27T18:45:40","slug":"archives-presentation-des-resultats-financiers","status":"publish","type":"page","link":"https:\/\/www.nicox.com\/fr\/investisseurs\/investisseurs-financiere-et-informations-reglementees\/archives-presentation-des-resultats-financiers\/","title":{"rendered":"Archives pr\u00e9sentation des r\u00e9sultats financiers"},"content":{"rendered":"\n<div class=\"c-page-title c-wrapper\">\n\n    <div class=\"[ c-container ] [ u-align-center ]\" data-variant=\"narrow-column\">\n    \n        <h1 class=\"[ c-page-title__text ] [ u-text-base sm:u-text-plus-1 u-weight-bold ] [  ]\">\n\n            Investisseurs\n            \n        <\/h1>\n\n        <hr class=\"[ c-page-title__hr ] [ u-color-blue-4 ]\">\n    \n    <\/div>\n\n<\/div>\n\n\n<section class=\"[ c-centered-column c-wrapper ] [ u-vertical-padding ] [   ]\">\n\n    <div class=\"c-block-anchor\" id=\"block_60f566de38cba\"><\/div>\n\n    <div class=\"c-container c-centered-column__header\" data-variant=\"wide-column\">\n\n        \n            \n    <\/div>\n\n    <div class=\"[ c-container ] [ c-text-content ]\" data-variant=\"narrow-column\">\n\n        \n\n\n    <h2 class=\"[ c-section-title ] [ u-caps u-text-base sm:u-text-plus-1 u-color-tan-2 u-weight-bold u-align-center  ]\" id=\"block_60f566ef38cbb\">\n        Archives pr\u00e9sentation des r\u00e9sultats financiers\n    <\/h2>\n\n\n\n\n<p class=\"has-text-align-center\">Nicox s\u2019engage \u00e0 pr\u00e9senter ses activit\u00e9s \u00e0 ses investisseurs et \u00e0 l\u2019ensemble de la communaut\u00e9 financi\u00e8re de la mani\u00e8re la plus transparente.<\/p>\n\n\n\n    <\/div>\n\n<\/section>\n\n\n<section class=\"[ c-document-archive c-wrapper ] [ u-bottom-padding ] [  ]\">\n\n    <div class=\"c-block-anchor\" id=\"block_60f566fd38cbc\"><\/div>\n\n    <div class=\"c-container\">\n\n        \n            <hr class=\"u-gap-top-plus-3\" data-variant=\"flush\">\n\n            <h3 class=\"u-text-plus-1 sm:u-text-plus-2 u-weight-bold\">\n                2021\n            <\/h3>\n\n            <table class=\"u-gap-top-plus-3 u-text-minus-2 u-links-underlined\" cellspacing=\"0\" cellpadding=\"0\" border=\"0\" data-variant=\"no-border\">\n\n                \n                    \n                    <tr>\n                        <td>\n                                                            <a href=\"https:\/\/www.nicox.com\/wp-content\/uploads\/FR_Q1-2021-Results-PR_201210419_F-1.pdf\" target=\"_blank\">\n                                                            Point d\u2019activit\u00e9 et r\u00e9sum\u00e9 financier du premier trimestre 2021\n                            <\/a>\n                        <\/td>\n                        <td class=\"u-align-right u-nowrap\">19 avril 2021 <\/td>\n                    <\/tr>\n\n                \n                    \n                    <tr>\n                        <td>\n                                                            <a href=\"https:\/\/www.nicox.com\/wp-content\/uploads\/FR-_Q2-2021-Results-PR-_-20210716_F-3.pdf\" target=\"_blank\">\n                                                            Point d\u2019activit\u00e9 et r\u00e9sum\u00e9 financier du second trimestre 2021 \u2013 Point sur la strat\u00e9gie de la Soci\u00e9t\u00e9\n                            <\/a>\n                        <\/td>\n                        <td class=\"u-align-right u-nowrap\">16 juillet 2021 <\/td>\n                    <\/tr>\n\n                \n                    \n                    <tr>\n                        <td>\n                                                            <a href=\"https:\/\/www.nicox.com\/wp-content\/uploads\/FR-_H1-2021-results-PR_20210927_F1.pdf\" target=\"_blank\">\n                                                            R\u00e9sultats financiers du premier semestre 2021 et point des activit\u00e9s\n                            <\/a>\n                        <\/td>\n                        <td class=\"u-align-right u-nowrap\">27 septembre 2021 <\/td>\n                    <\/tr>\n\n                \n                    \n                    <tr>\n                        <td>\n                                                            <a href=\"https:\/\/www.nicox.com\/wp-content\/uploads\/Nicox_Rapport-semestriel-dactivite-_2021_FINAL-VERSION.pdf\" target=\"_blank\">\n                                                            Rapport semestriel au 30 juin 2021\n                            <\/a>\n                        <\/td>\n                        <td class=\"u-align-right u-nowrap\">27 septembre 2021 <\/td>\n                    <\/tr>\n\n                \n                    \n                    <tr>\n                        <td>\n                                                            <a href=\"https:\/\/www.nicox.com\/wp-content\/uploads\/FR_FY2020Results_PR_20210301_F.pdf\" target=\"_blank\">\n                                                            R\u00e9sultats financiers 2020 et \u00e9tapes cl\u00e9 pour 2021\n                            <\/a>\n                        <\/td>\n                        <td class=\"u-align-right u-nowrap\">1 mars 2021<\/td>\n                    <\/tr>\n\n                \n            <\/table>\n\n        \n            <hr class=\"u-gap-top-plus-3\" data-variant=\"flush\">\n\n            <h3 class=\"u-text-plus-1 sm:u-text-plus-2 u-weight-bold\">\n                2020\n            <\/h3>\n\n            <table class=\"u-gap-top-plus-3 u-text-minus-2 u-links-underlined\" cellspacing=\"0\" cellpadding=\"0\" border=\"0\" data-variant=\"no-border\">\n\n                \n                    \n                    <tr>\n                        <td>\n                                                            <a href=\"https:\/\/www.nicox.com\/wp-content\/uploads\/FR-_Q3ResultsOctober2020_PR_20201020_F-2.pdf\" target=\"_blank\">\n                                                            Nicox : Point d\u2019activit\u00e9 et r\u00e9sum\u00e9 financier du troisi\u00e8me trimestre 2020\n                            <\/a>\n                        <\/td>\n                        <td class=\"u-align-right u-nowrap\">20 octobre 2021<\/td>\n                    <\/tr>\n\n                \n                    \n                    <tr>\n                        <td>\n                                                            <a href=\"https:\/\/www.nicox.com\/wp-content\/uploads\/FR-_H1-2020results_20200910_F2_F.pdf\" target=\"_blank\">\n                                                            R\u00e9sultats financiers du premier semestre 2020 et point des activit\u00e9s \n                            <\/a>\n                        <\/td>\n                        <td class=\"u-align-right u-nowrap\">10 septembre 2020<\/td>\n                    <\/tr>\n\n                \n                    \n                    <tr>\n                        <td>\n                                                            <a href=\"https:\/\/www.nicox.com\/wp-content\/uploads\/FR-_Q2_2020_results-_PR_20200717_F.pdf\" target=\"_blank\">\n                                                            Point d\u2019activit\u00e9 et r\u00e9sum\u00e9 financier du deuxi\u00e8me trimestre 2020 \n                            <\/a>\n                        <\/td>\n                        <td class=\"u-align-right u-nowrap\">17 juillet 2020<\/td>\n                    <\/tr>\n\n                \n                    \n                    <tr>\n                        <td>\n                                                            <a href=\"https:\/\/www.nicox.com\/wp-content\/uploads\/EN-free-translation-Nicox-2020-Half-Year-Report.pdf\" target=\"_blank\">\n                                                            Rapport semestriel au 30 juin 2020\n                            <\/a>\n                        <\/td>\n                        <td class=\"u-align-right u-nowrap\">30 juin 2020<\/td>\n                    <\/tr>\n\n                \n                    \n                    <tr>\n                        <td>\n                                                            <a href=\"https:\/\/www.nicox.com\/wp-content\/uploads\/FR-_Q1-2020-results_20200417_F-1.pdf\" target=\"_blank\">\n                                                            Point d\u2019activit\u00e9 et r\u00e9sultats financiers du premier trimestre 2020\n                            <\/a>\n                        <\/td>\n                        <td class=\"u-align-right u-nowrap\">17 avril 2020<\/td>\n                    <\/tr>\n\n                \n                    \n                    <tr>\n                        <td>\n                                                            <a href=\"https:\/\/www.nicox.com\/wp-content\/uploads\/FR_2019-YE-results-_20200306_F.pdf\" target=\"_blank\">\n                                                            Nicox : R\u00e9sultats financiers 2019 et \u00e9tapes cl\u00e9 en 2020\n                            <\/a>\n                        <\/td>\n                        <td class=\"u-align-right u-nowrap\">6 mars 2020<\/td>\n                    <\/tr>\n\n                \n                    \n                    <tr>\n                        <td>\n                                                            <a href=\"https:\/\/www.nicox.com\/wp-content\/uploads\/FR-_Q4_2019_RESULTS_F_20200121.pdf\" target=\"_blank\">\n                                                            Point d\u2019activit\u00e9 du quatri\u00e8me trimestre 2019 et r\u00e9sultats financiers\n                            <\/a>\n                        <\/td>\n                        <td class=\"u-align-right u-nowrap\">21 janvier 2020<\/td>\n                    <\/tr>\n\n                \n            <\/table>\n\n        \n    <\/div>\n\n<\/section>","protected":false},"excerpt":{"rendered":"","protected":false},"author":1,"featured_media":0,"parent":10449,"menu_order":0,"comment_status":"closed","ping_status":"closed","template":"","meta":{"_acf_changed":false,"footnotes":""},"class_list":["post-10398","page","type-page","status-publish","hentry"],"acf":[],"yoast_head":"<!-- This site is optimized with the Yoast SEO plugin v27.3 - https:\/\/yoast.com\/product\/yoast-seo-wordpress\/ -->\n<title>Archives pr\u00e9sentation des r\u00e9sultats financiers - Nicox<\/title>\n<meta name=\"robots\" content=\"index, follow, max-snippet:-1, max-image-preview:large, max-video-preview:-1\" \/>\n<link rel=\"canonical\" href=\"https:\/\/www.nicox.com\/fr\/investisseurs\/investisseurs-financiere-et-informations-reglementees\/archives-presentation-des-resultats-financiers\/\" \/>\n<meta property=\"og:locale\" content=\"fr_FR\" \/>\n<meta property=\"og:type\" content=\"article\" \/>\n<meta property=\"og:title\" content=\"Archives pr\u00e9sentation des r\u00e9sultats financiers - Nicox\" \/>\n<meta property=\"og:url\" content=\"https:\/\/www.nicox.com\/fr\/investisseurs\/investisseurs-financiere-et-informations-reglementees\/archives-presentation-des-resultats-financiers\/\" \/>\n<meta property=\"og:site_name\" content=\"Nicox\" \/>\n<meta property=\"article:modified_time\" content=\"2021-07-27T18:45:40+00:00\" \/>\n<meta name=\"twitter:card\" content=\"summary_large_image\" \/>\n<meta name=\"twitter:label1\" content=\"Dur\u00e9e de lecture estim\u00e9e\" \/>\n\t<meta name=\"twitter:data1\" content=\"1 minute\" \/>\n<script type=\"application\/ld+json\" class=\"yoast-schema-graph\">{\"@context\":\"https:\\\/\\\/schema.org\",\"@graph\":[{\"@type\":\"WebPage\",\"@id\":\"https:\\\/\\\/www.nicox.com\\\/fr\\\/investisseurs\\\/investisseurs-financiere-et-informations-reglementees\\\/archives-presentation-des-resultats-financiers\\\/\",\"url\":\"https:\\\/\\\/www.nicox.com\\\/fr\\\/investisseurs\\\/investisseurs-financiere-et-informations-reglementees\\\/archives-presentation-des-resultats-financiers\\\/\",\"name\":\"Archives pr\u00e9sentation des r\u00e9sultats financiers - Nicox\",\"isPartOf\":{\"@id\":\"https:\\\/\\\/www.nicox.com\\\/fr\\\/#website\"},\"datePublished\":\"2021-07-24T19:44:28+00:00\",\"dateModified\":\"2021-07-27T18:45:40+00:00\",\"breadcrumb\":{\"@id\":\"https:\\\/\\\/www.nicox.com\\\/fr\\\/investisseurs\\\/investisseurs-financiere-et-informations-reglementees\\\/archives-presentation-des-resultats-financiers\\\/#breadcrumb\"},\"inLanguage\":\"fr-FR\",\"potentialAction\":[{\"@type\":\"ReadAction\",\"target\":[\"https:\\\/\\\/www.nicox.com\\\/fr\\\/investisseurs\\\/investisseurs-financiere-et-informations-reglementees\\\/archives-presentation-des-resultats-financiers\\\/\"]}]},{\"@type\":\"BreadcrumbList\",\"@id\":\"https:\\\/\\\/www.nicox.com\\\/fr\\\/investisseurs\\\/investisseurs-financiere-et-informations-reglementees\\\/archives-presentation-des-resultats-financiers\\\/#breadcrumb\",\"itemListElement\":[{\"@type\":\"ListItem\",\"position\":1,\"name\":\"Investisseurs\",\"item\":\"https:\\\/\\\/www.nicox.com\\\/fr\\\/investisseurs\\\/\"},{\"@type\":\"ListItem\",\"position\":2,\"name\":\"Investisseurs &#8211; Informations financi\u00e8res et r\u00e9glement\u00e9es\",\"item\":\"https:\\\/\\\/www.nicox.com\\\/fr\\\/investisseurs\\\/investisseurs-financiere-et-informations-reglementees\\\/\"},{\"@type\":\"ListItem\",\"position\":3,\"name\":\"Archives pr\u00e9sentation des r\u00e9sultats financiers\"}]},{\"@type\":\"WebSite\",\"@id\":\"https:\\\/\\\/www.nicox.com\\\/fr\\\/#website\",\"url\":\"https:\\\/\\\/www.nicox.com\\\/fr\\\/\",\"name\":\"Nicox\",\"description\":\"Visible Science\",\"publisher\":{\"@id\":\"https:\\\/\\\/www.nicox.com\\\/fr\\\/#organization\"},\"potentialAction\":[{\"@type\":\"SearchAction\",\"target\":{\"@type\":\"EntryPoint\",\"urlTemplate\":\"https:\\\/\\\/www.nicox.com\\\/fr\\\/?s={search_term_string}\"},\"query-input\":{\"@type\":\"PropertyValueSpecification\",\"valueRequired\":true,\"valueName\":\"search_term_string\"}}],\"inLanguage\":\"fr-FR\"},{\"@type\":\"Organization\",\"@id\":\"https:\\\/\\\/www.nicox.com\\\/fr\\\/#organization\",\"name\":\"Nicox\",\"url\":\"https:\\\/\\\/www.nicox.com\\\/fr\\\/\",\"logo\":{\"@type\":\"ImageObject\",\"inLanguage\":\"fr-FR\",\"@id\":\"https:\\\/\\\/www.nicox.com\\\/fr\\\/#\\\/schema\\\/logo\\\/image\\\/\",\"url\":\"\",\"contentUrl\":\"\",\"caption\":\"Nicox\"},\"image\":{\"@id\":\"https:\\\/\\\/www.nicox.com\\\/fr\\\/#\\\/schema\\\/logo\\\/image\\\/\"}}]}<\/script>\n<!-- \/ Yoast SEO plugin. -->","yoast_head_json":{"title":"Archives pr\u00e9sentation des r\u00e9sultats financiers - Nicox","robots":{"index":"index","follow":"follow","max-snippet":"max-snippet:-1","max-image-preview":"max-image-preview:large","max-video-preview":"max-video-preview:-1"},"canonical":"https:\/\/www.nicox.com\/fr\/investisseurs\/investisseurs-financiere-et-informations-reglementees\/archives-presentation-des-resultats-financiers\/","og_locale":"fr_FR","og_type":"article","og_title":"Archives pr\u00e9sentation des r\u00e9sultats financiers - Nicox","og_url":"https:\/\/www.nicox.com\/fr\/investisseurs\/investisseurs-financiere-et-informations-reglementees\/archives-presentation-des-resultats-financiers\/","og_site_name":"Nicox","article_modified_time":"2021-07-27T18:45:40+00:00","twitter_card":"summary_large_image","twitter_misc":{"Dur\u00e9e de lecture estim\u00e9e":"1 minute"},"schema":{"@context":"https:\/\/schema.org","@graph":[{"@type":"WebPage","@id":"https:\/\/www.nicox.com\/fr\/investisseurs\/investisseurs-financiere-et-informations-reglementees\/archives-presentation-des-resultats-financiers\/","url":"https:\/\/www.nicox.com\/fr\/investisseurs\/investisseurs-financiere-et-informations-reglementees\/archives-presentation-des-resultats-financiers\/","name":"Archives pr\u00e9sentation des r\u00e9sultats financiers - Nicox","isPartOf":{"@id":"https:\/\/www.nicox.com\/fr\/#website"},"datePublished":"2021-07-24T19:44:28+00:00","dateModified":"2021-07-27T18:45:40+00:00","breadcrumb":{"@id":"https:\/\/www.nicox.com\/fr\/investisseurs\/investisseurs-financiere-et-informations-reglementees\/archives-presentation-des-resultats-financiers\/#breadcrumb"},"inLanguage":"fr-FR","potentialAction":[{"@type":"ReadAction","target":["https:\/\/www.nicox.com\/fr\/investisseurs\/investisseurs-financiere-et-informations-reglementees\/archives-presentation-des-resultats-financiers\/"]}]},{"@type":"BreadcrumbList","@id":"https:\/\/www.nicox.com\/fr\/investisseurs\/investisseurs-financiere-et-informations-reglementees\/archives-presentation-des-resultats-financiers\/#breadcrumb","itemListElement":[{"@type":"ListItem","position":1,"name":"Investisseurs","item":"https:\/\/www.nicox.com\/fr\/investisseurs\/"},{"@type":"ListItem","position":2,"name":"Investisseurs &#8211; Informations financi\u00e8res et r\u00e9glement\u00e9es","item":"https:\/\/www.nicox.com\/fr\/investisseurs\/investisseurs-financiere-et-informations-reglementees\/"},{"@type":"ListItem","position":3,"name":"Archives pr\u00e9sentation des r\u00e9sultats financiers"}]},{"@type":"WebSite","@id":"https:\/\/www.nicox.com\/fr\/#website","url":"https:\/\/www.nicox.com\/fr\/","name":"Nicox","description":"Visible Science","publisher":{"@id":"https:\/\/www.nicox.com\/fr\/#organization"},"potentialAction":[{"@type":"SearchAction","target":{"@type":"EntryPoint","urlTemplate":"https:\/\/www.nicox.com\/fr\/?s={search_term_string}"},"query-input":{"@type":"PropertyValueSpecification","valueRequired":true,"valueName":"search_term_string"}}],"inLanguage":"fr-FR"},{"@type":"Organization","@id":"https:\/\/www.nicox.com\/fr\/#organization","name":"Nicox","url":"https:\/\/www.nicox.com\/fr\/","logo":{"@type":"ImageObject","inLanguage":"fr-FR","@id":"https:\/\/www.nicox.com\/fr\/#\/schema\/logo\/image\/","url":"","contentUrl":"","caption":"Nicox"},"image":{"@id":"https:\/\/www.nicox.com\/fr\/#\/schema\/logo\/image\/"}}]}},"_links":{"self":[{"href":"https:\/\/www.nicox.com\/fr\/wp-json\/wp\/v2\/pages\/10398","targetHints":{"allow":["GET"]}}],"collection":[{"href":"https:\/\/www.nicox.com\/fr\/wp-json\/wp\/v2\/pages"}],"about":[{"href":"https:\/\/www.nicox.com\/fr\/wp-json\/wp\/v2\/types\/page"}],"author":[{"embeddable":true,"href":"https:\/\/www.nicox.com\/fr\/wp-json\/wp\/v2\/users\/1"}],"replies":[{"embeddable":true,"href":"https:\/\/www.nicox.com\/fr\/wp-json\/wp\/v2\/comments?post=10398"}],"version-history":[{"count":0,"href":"https:\/\/www.nicox.com\/fr\/wp-json\/wp\/v2\/pages\/10398\/revisions"}],"up":[{"embeddable":true,"href":"https:\/\/www.nicox.com\/fr\/wp-json\/wp\/v2\/pages\/10449"}],"wp:attachment":[{"href":"https:\/\/www.nicox.com\/fr\/wp-json\/wp\/v2\/media?parent=10398"}],"curies":[{"name":"wp","href":"https:\/\/api.w.org\/{rel}","templated":true}]}}