{"id":10397,"date":"2021-07-07T18:50:34","date_gmt":"2021-07-07T16:50:34","guid":{"rendered":"https:\/\/www.nicox.com\/investors-landing\/investisseurs-laction-nicox\/"},"modified":"2026-03-03T08:37:10","modified_gmt":"2026-03-03T06:37:10","slug":"laction-nicox","status":"publish","type":"page","link":"https:\/\/www.nicox.com\/fr\/investisseurs\/laction-nicox\/","title":{"rendered":"Investisseurs &#8211; L&rsquo;action Nicox"},"content":{"rendered":"\n<section class=\"[ c-stock c-wrapper ] [ u-bottom-padding ] [  u-bg-blue-7 u-color-white ]\">\n\n    <div class=\"c-block-anchor\" id=\"block_1f251bfe24d84d81d661762374c91d8e\"><\/div>\n\n    <div class=\"[ c-container ] [ u-align-center ]\" data-variant=\"narrow-column\">\n\n        <h2 class=\"[ c-page-title__text ] [ sm:u-text-plus-1 u-weight-bold ]\">\n            Investisseurs\n        <\/h2>\n\n        <hr class=\"[ c-page-title__hr ] [ u-color-blue-4 ]\">\n\n    <\/div>\n\n    <div class=\"[ c-container ] [ u-top-padding ]\" data-variant=\"wide-column\">\n\n        \n            <h1 class=\"[ c-centered-column__title ] [ u-text-plus-2 md:u-text-plus-6 u-weight-light ]\">\n                L&rsquo;action Nicox\n            <\/h1>\n\n        \n    <\/div>\n\n    <div class=\"c-container\">\n\n    <div class=\" [ c-shareholder-structure__stats ] [ u-vertical-padding ]\">\n    \n        <div class=\"\">\n\n            <h3 class=\"u-caps u-text-plus-1 sm:u-text-minus-1 u-weight-bold\">March\u00e9<\/h3><hr class=\"u-color-white\" data-variant=\"flush\">\n            <p class=\"[ u-text-plus-1 u-weight-light u-color-blue-5 ]\">Euronext Growth Paris<\/p>\n\n        <\/div>\n\n        <div class=\"\">\n\n            <h3 class=\"u-caps u-text-plus-1 sm:u-text-minus-1 u-weight-bold\">Code ISIN<\/h3><hr class=\"u-color-white\" data-variant=\"flush\">\n            <p class=\"[ u-text-plus-1 u-weight-light u-color-blue-5 ]\">FR0013018124<\/p>\n\n        <\/div>\n\n        <div class=\"\">\n\n            <h3 class=\"u-caps u-text-plus-1 sm:u-text-minus-1 u-weight-bold\">Classification ICB<\/h3><hr class=\"u-color-white\" data-variant=\"flush\">\n                             <ul>\n                                <li class=\"[ u-gap-top-none u-text-plus-1 sm:u-text-minus-1 u-weight-light u-color-blue-5 ]\">Industrie: 20, Health Care<\/li>\n                                <li class=\"[ u-gap-top-half u-text-plus-1 sm:u-text-minus-1 u-weight-light u-color-blue-5 ]\">Super-Secteur: 2010, Health Care<\/li>\n                                <li class=\"[ u-gap-top-half u-text-plus-1 sm:u-text-minus-1 u-weight-light u-color-blue-5 ]\">Secteur: 201030, Pharmaceuticals and Biotechnology<\/li>\n                                <li class=\"[ u-gap-top-half u-text-plus-1 sm:u-text-minus-1 u-weight-light u-color-blue-5 ]\">Sous-Secteur: 20103015, Pharmaceuticals<\/li>\n                            <\/ul>\n\n \n        <\/div>\n                                         \n    <\/div>\n\n\n        <h3 class=\"u-caps u-text-plus-1 u-weight-bold u-align-center\">\n            Prix de l&rsquo;action\n        <\/h3>\n\n        <div class=\"[ c-stock__main-grid ] [ u-gap-top-plus-3 ]\">\n        \n            <div class=\"c-stock__live-price\">\n\n                <hr class=\"u-color-white\" data-variant=\"flush\">\n\n                <article class=\"c-stock__item\">\n\n                    <div class=\"[ c-stock__item-figure ] [ u-text-plus-3 sm:u-text-plus-6 u-color-blue-5 u-weight-light u-leading-flat ]\">\n                        &euro;0.41\n                    <\/div>\n\n                    <div class=\"[ c-stock__item-title ] [ u-gap-top-half u-text-plus-1 sm:u-text-plus-2 u-weight-bold ]\">\n                        Prix de l&rsquo;action\n                    <\/div>\n\n                    <div class=\"[ c-stock__item-subtitle ] [ u-text-minus-2 ]\">\n                        S\u00e9ance de bourse en cours\n                    <\/div>\n\n                <\/article>\n            \n            <\/div>\n\n            <div class=\"c-stock__other-info\">\n\n                <hr class=\"u-color-white\" data-variant=\"flush\">\n\n                <div class=\"c-stock__sub-grid\">\n\n                    <article class=\"c-stock__item\">\n\n                        <div class=\"[ c-stock__item-figure ] [ u-text-plus-1 sm:u-text-plus-2 lg:u-text-plus-3 xxl:u-text-plus-4 u-color-blue-5 u-weight-light u-leading-flat ]\">\n                            &euro;0.42\n                        <\/div>\n\n                        <div class=\"[ c-stock__item-title ] [ u-gap-top-half u-text-plus-1 sm:u-text-plus-2 u-weight-bold ]\">\n                            Ouverture\n                        <\/div>\n\n                    <\/article>\n\n                    <article class=\"c-stock__item\">\n\n                        <div class=\"[ c-stock__item-figure ] [ u-text-plus-1 sm:u-text-plus-2 lg:u-text-plus-3 xxl:u-text-plus-4 u-color-blue-5 u-weight-light u-leading-flat ]\">\n                            &euro;0.41\n                        <\/div>\n\n                        <div class=\"[ c-stock__item-title ] [ u-gap-top-half u-text-plus-1 sm:u-text-plus-2 u-weight-bold ]\">\n                            Cl\u00f4ture veille\n                        <\/div>\n\n                    <\/article>\n\n                    <article class=\"c-stock__item\">\n\n                        <div class=\"[ c-stock__item-figure ] [ u-text-plus-1 sm:u-text-plus-2 lg:u-text-plus-3 xxl:u-text-plus-4 u-color-blue-5 u-weight-light u-leading-flat ]\">\n                            0.00\n                        <\/div>\n\n                        <div class=\"[ c-stock__item-title ] [ u-gap-top-half u-text-plus-1 sm:u-text-plus-2 u-weight-bold ]\">\n                            Devise\n                        <\/div>\n\n                    <\/article>\n\n                    <article class=\"c-stock__item\">\n\n                        <div class=\"[ c-stock__item-figure ] [ u-text-plus-1 sm:u-text-plus-2 lg:u-text-plus-3 xxl:u-text-plus-4 u-color-blue-5 u-weight-light u-leading-flat ]\">\n                                                        204,740\n                        <\/div>\n\n                        <div class=\"[ c-stock__item-title ] [ u-gap-top-half u-text-plus-1 sm:u-text-plus-2 u-weight-bold ]\">\n                            Volume\n                        <\/div>\n\n                    <\/article>\n\n                    <article class=\"c-stock__item\">\n\n                        <div class=\"[ c-stock__item-figure ] [ u-text-plus-1 sm:u-text-plus-2 lg:u-text-plus-3 xxl:u-text-plus-4 u-color-blue-5 u-weight-light u-leading-flat ]\">\n                            &euro;0.65\n                        <\/div>\n\n                        <div class=\"[ c-stock__item-title ] [ u-gap-top-half u-text-plus-1 sm:u-text-plus-2 u-weight-bold ]\">\n                            52 semaines haut\n                        <\/div>\n\n                        <div class=\"[ c-stock__item-subtitle ] [ u-text-minus-2 ]\">\n                            07\/08\/2025\n                        <\/div>\n\n                    <\/article>\n\n                    <article class=\"c-stock__item\">\n\n                        <div class=\"[ c-stock__item-figure ] [ u-text-plus-1 sm:u-text-plus-2 lg:u-text-plus-3 xxl:u-text-plus-4 u-color-blue-5 u-weight-light u-leading-flat ]\">\n                            &euro;0.20\n                        <\/div>\n\n                        <div class=\"[ c-stock__item-title ] [ u-gap-top-half u-text-plus-1 sm:u-text-plus-2 u-weight-bold ]\">\n                            52 semaines bas\n                        <\/div>\n\n                        <div class=\"[ c-stock__item-subtitle ] [ u-text-minus-2 ]\">\n                            \n                        <\/div>\n\n                    <\/article>\n                \n                <\/div>\n\n            <\/div>\n        \n        <\/div>\n\n    <\/div>\n\n<\/section>\n\n\n<div id=\"actionnariat\" class=\"c-wrapper  u-bg-blue-1\">\n\n    <div class=\"c-container c-text-content\" data-variant=\"wide-column\">\n\n        \n\n<h2 class=\"wp-block-heading has-text-align-center is-style-gold-caps\">ACTIONNARIAT<\/h2>\n\n\n\n<div style=\"height:50px\" aria-hidden=\"true\" class=\"wp-block-spacer\"><\/div>\n\n\n\n<p class=\"has-text-align-center\"><strong>A la connaissance de la Soci\u00e9t\u00e9, le capital social de Nicox au 31 d\u00e9cembre 2025 est r\u00e9parti comme suit<\/strong><\/p>\n\n\n\n<figure class=\"wp-block-table\"><table><tbody><tr><td rowspan=\"2\"><strong>Actionnaires<\/strong><strong><\/strong><\/td><td colspan=\"2\"><strong>Capital social<\/strong><\/td><td colspan=\"2\"><strong>Droits de vote th\u00e9orique<\/strong><\/td><\/tr><tr><td><strong>Nombre d\u2019actions<\/strong><\/td><td><strong>%<\/strong><\/td><td><strong>Nombre<\/strong><\/td><td><strong>%<\/strong><\/td><\/tr><tr><td>Occumension Therapeutics<\/td><td>3 059 046<\/td><td>3,46<\/td><td>3 059 046<\/td><td>3,46<\/td><\/tr><tr><td>HBM Healthcare Investments<\/td><td>1 801 421<\/td><td>2,04<\/td><td>1 801 421<\/td><td>2,04<\/td><\/tr><tr><td>Actions propres<\/td><td>311 067<\/td><td>0,35<\/td><td>311 067<\/td><td>0,35<\/td><\/tr><tr><td>Public<\/td><td>83 270 239<\/td><td>94,15<\/td><td>83 270 239<\/td><td>94,15<\/td><\/tr><tr><td><strong>Total<\/strong><\/td><td><strong>88 441 773<\/strong><\/td><td><strong>100,00<\/strong><\/td><td><strong><strong><strong>88 441 773<\/strong><\/strong><\/strong><\/td><td><strong>100,00<\/strong><\/td><\/tr><\/tbody><\/table><\/figure>\n\n\n\n<div style=\"height:30px\" aria-hidden=\"true\" class=\"wp-block-spacer\"><\/div>\n\n\n\n<figure class=\"wp-block-table\"><table><tbody><tr><td><strong>Nombre d\u2019actions au 28 f\u00e9vrier 2026<\/strong><\/td><td class=\"has-text-align-right\" data-align=\"right\"><strong>92 715 647<\/strong><\/td><\/tr><tr><td><strong>Nombre de droits de vote au 28 f\u00e9vrier 2026<\/strong><\/td><td class=\"has-text-align-right\" data-align=\"right\"><a href=\"https:\/\/www.nicox.com\/wp-content\/uploads\/2026_02_28_FF.pdf\"><strong>92 404 580<\/strong><\/a><\/td><\/tr><\/tbody><\/table><\/figure>\n\n\n\n<figure class=\"wp-block-table\"><table><tbody><tr><td><a href=\"https:\/\/www.nicox.com\/wp-content\/uploads\/FR_Eligibilite-PEA-PME-Year-2025_20250122.pdf\"><strong>Eligibilit\u00e9 PEA-PME 2025<\/strong><\/a><\/td><\/tr><\/tbody><\/table><\/figure>\n\n\n\n    <\/div>\n\n<\/div>\n\n\n<section class=\"[ c-call-to-action c-wrapper ] [ is-style-three ]\">\n\n    <div class=\"c-block-anchor\" id=\"block_26be4460f9b743fa7b737e81b27aba15\"><\/div>\n\n    <div class=\"[ c-call-to-action__section-one ] [ u-flow u-links-reversed ]\" data-variant=\"media\">\n\n                \n            \n                <img decoding=\"async\" class=\"[ c-call-to-action__image ] [ u-bg-image ]\" src=\"https:\/\/www.nicox.com\/wp-content\/uploads\/changing-lenses-on-trial-frame-on-female-patients-nose-picture-id1262979605.jpg\" alt=\"\">\n\n            \n            \n    <\/div>\n\n    <div class=\"[ c-call-to-action__section-two ] [ u-flow u-links-plain ]\">\n\n        \n            <h2 class=\"u-text-base sm:u-text-plus-1 u-caps u-weight-bold\">\n                Qui sommes-nous ?\n            <\/h2>\n\n        \n        \n            <div class=\"u-text-minus-2 sm:u-text-base\">\n                <p>Nicox est une soci\u00e9t\u00e9 internationale sp\u00e9cialis\u00e9e en ophtalmologie d\u00e9veloppant des solutions innovantes visant au maintien de la vision et \u00e0 l\u2019am\u00e9lioration de la sant\u00e9 oculaire.<\/p>\n\n            <\/div>\n\n        \n        \n            <a class=\"[ c-icon-link ] [ u-text-minus-2 sm:u-text-base ]\" href=\"\/fr\/about-us\/\">\n                <span class=\"c-icon-link__text\">\n                    A propos de Nicox\n                <\/span>\n                <span class=\"c-icon c-icon-link__icon\" style=\"transform: scaleX(-1);\">\n                    <svg xmlns=\"http:\/\/www.w3.org\/2000\/svg\" viewBox=\"0 0 73 73\">\n  <path d=\"M36.5 73C16.4 73 0 56.6 0 36.5S16.4 0 36.5 0 73 16.4 73 36.5 56.6 73 36.5 73zm0-71C17.5 2 2 17.5 2 36.5S17.5 71 36.5 71 71 55.5 71 36.5 55.5 2 36.5 2z\"\/>\n  <path d=\"M22.1 35.5h29v2h-29z\"\/>\n  <path d=\"M28.8 44.7l-8.3-8.2 8.3-8.2 1.4 1.4-6.8 6.8 6.8 6.8z\"\/>\n<\/svg>\n                <\/span>\n            <\/a>\n\n            \n    <\/div>\n\n<\/section>\n\n\n<section class=\"[ c-analyst-grid c-wrapper ] [ u-vertical-padding ] [  ]\">\n\n    <div class=\"c-block-anchor\" id=\"couverture-par-les-analystes\"><\/div>\n\n    <div class=\"c-container\" data-variant=\"wide-column\">\n\n        \n            <h2 class=\"u-caps u-text-plus-1 u-color-tan-2 u-weight-bold u-align-center\">\n                Couverture par les analystes\n            <\/h2>\n\n        \n        \n            <div class=\"u-gap-top-base md:u-gap-top-plus-2 u-text-minus-2\">\n\n                <p>Les positions exprim\u00e9es par les analystes dans leurs notes sur Nicox leurs sont propres et ne refl\u00e8tent pas celles de la Soci\u00e9t\u00e9. De plus, les informations contenues dans leurs rapports peuvent ne pas \u00eatre correctes ou \u00e0 jour. Nicox s\u2019affranchit de toute obligation de corriger ou de mettre \u00e0 jour les informations contenues dans les rapports des analystes.<\/p>\n\n\n            <\/div>\n\n        \n        <div class=\"[ c-document-grid ] [ u-gap-top-plus-3 md:u-gap-top-plus-5 ]\">\n        \n            \n                <article class=\"[ c-doc-block ] [ u-bg-blue-2 ]\">\n\n                    <div class=\"c-doc-block__content\">\n\n                                                \n                            <h3 class=\"[ c-doc-block__title ] [ u-text-base lg:u-text-plus-1 xl:u-text-plus-2 u-weight-light ]\">\n                                H.C Wainwright &amp; Co\n                            <\/h3>\n\n                        \n                        \n                            <span class=\"u-gap-top-base md:u-gap-top-threequarter lg:u-gap-top-plus-2 u-text-minus-2 u-weight-bold\">\n                                New York, Etats-Unis \n                            <\/span>\n\n                        \n                        \n                            <span class=\"u-text-minus-2\">\n                                Yi Chen\n                            <\/span>\n\n                        \n                        \n                        \n                    <\/div>\n\n                <\/article>\n\n                    \n        <\/div>\n\n    <\/div>\n\n<\/section>\n\n","protected":false},"excerpt":{"rendered":"","protected":false},"author":1,"featured_media":0,"parent":10391,"menu_order":0,"comment_status":"closed","ping_status":"closed","template":"","meta":{"_acf_changed":false,"footnotes":""},"class_list":["post-10397","page","type-page","status-publish","hentry"],"acf":[],"yoast_head":"<!-- This site is optimized with the Yoast SEO plugin v27.3 - https:\/\/yoast.com\/product\/yoast-seo-wordpress\/ -->\n<title>Investisseurs - L&#039;action Nicox - Nicox<\/title>\n<meta name=\"robots\" content=\"index, follow, max-snippet:-1, max-image-preview:large, max-video-preview:-1\" \/>\n<link rel=\"canonical\" href=\"https:\/\/www.nicox.com\/fr\/investisseurs\/laction-nicox\/\" \/>\n<meta property=\"og:locale\" content=\"fr_FR\" \/>\n<meta property=\"og:type\" content=\"article\" \/>\n<meta property=\"og:title\" content=\"Investisseurs - L&#039;action Nicox - Nicox\" \/>\n<meta property=\"og:url\" content=\"https:\/\/www.nicox.com\/fr\/investisseurs\/laction-nicox\/\" \/>\n<meta property=\"og:site_name\" content=\"Nicox\" \/>\n<meta property=\"article:modified_time\" content=\"2026-03-03T06:37:10+00:00\" \/>\n<meta name=\"twitter:card\" content=\"summary_large_image\" \/>\n<script type=\"application\/ld+json\" class=\"yoast-schema-graph\">{\"@context\":\"https:\\\/\\\/schema.org\",\"@graph\":[{\"@type\":\"WebPage\",\"@id\":\"https:\\\/\\\/www.nicox.com\\\/fr\\\/investisseurs\\\/laction-nicox\\\/\",\"url\":\"https:\\\/\\\/www.nicox.com\\\/fr\\\/investisseurs\\\/laction-nicox\\\/\",\"name\":\"Investisseurs - L'action Nicox - Nicox\",\"isPartOf\":{\"@id\":\"https:\\\/\\\/www.nicox.com\\\/fr\\\/#website\"},\"datePublished\":\"2021-07-07T16:50:34+00:00\",\"dateModified\":\"2026-03-03T06:37:10+00:00\",\"breadcrumb\":{\"@id\":\"https:\\\/\\\/www.nicox.com\\\/fr\\\/investisseurs\\\/laction-nicox\\\/#breadcrumb\"},\"inLanguage\":\"fr-FR\",\"potentialAction\":[{\"@type\":\"ReadAction\",\"target\":[\"https:\\\/\\\/www.nicox.com\\\/fr\\\/investisseurs\\\/laction-nicox\\\/\"]}]},{\"@type\":\"BreadcrumbList\",\"@id\":\"https:\\\/\\\/www.nicox.com\\\/fr\\\/investisseurs\\\/laction-nicox\\\/#breadcrumb\",\"itemListElement\":[{\"@type\":\"ListItem\",\"position\":1,\"name\":\"Investisseurs\",\"item\":\"https:\\\/\\\/www.nicox.com\\\/fr\\\/investisseurs\\\/\"},{\"@type\":\"ListItem\",\"position\":2,\"name\":\"Investisseurs &#8211; L&#8217;action Nicox\"}]},{\"@type\":\"WebSite\",\"@id\":\"https:\\\/\\\/www.nicox.com\\\/fr\\\/#website\",\"url\":\"https:\\\/\\\/www.nicox.com\\\/fr\\\/\",\"name\":\"Nicox\",\"description\":\"Visible Science\",\"publisher\":{\"@id\":\"https:\\\/\\\/www.nicox.com\\\/fr\\\/#organization\"},\"potentialAction\":[{\"@type\":\"SearchAction\",\"target\":{\"@type\":\"EntryPoint\",\"urlTemplate\":\"https:\\\/\\\/www.nicox.com\\\/fr\\\/?s={search_term_string}\"},\"query-input\":{\"@type\":\"PropertyValueSpecification\",\"valueRequired\":true,\"valueName\":\"search_term_string\"}}],\"inLanguage\":\"fr-FR\"},{\"@type\":\"Organization\",\"@id\":\"https:\\\/\\\/www.nicox.com\\\/fr\\\/#organization\",\"name\":\"Nicox\",\"url\":\"https:\\\/\\\/www.nicox.com\\\/fr\\\/\",\"logo\":{\"@type\":\"ImageObject\",\"inLanguage\":\"fr-FR\",\"@id\":\"https:\\\/\\\/www.nicox.com\\\/fr\\\/#\\\/schema\\\/logo\\\/image\\\/\",\"url\":\"\",\"contentUrl\":\"\",\"caption\":\"Nicox\"},\"image\":{\"@id\":\"https:\\\/\\\/www.nicox.com\\\/fr\\\/#\\\/schema\\\/logo\\\/image\\\/\"}}]}<\/script>\n<!-- \/ Yoast SEO plugin. -->","yoast_head_json":{"title":"Investisseurs - L'action Nicox - Nicox","robots":{"index":"index","follow":"follow","max-snippet":"max-snippet:-1","max-image-preview":"max-image-preview:large","max-video-preview":"max-video-preview:-1"},"canonical":"https:\/\/www.nicox.com\/fr\/investisseurs\/laction-nicox\/","og_locale":"fr_FR","og_type":"article","og_title":"Investisseurs - L'action Nicox - Nicox","og_url":"https:\/\/www.nicox.com\/fr\/investisseurs\/laction-nicox\/","og_site_name":"Nicox","article_modified_time":"2026-03-03T06:37:10+00:00","twitter_card":"summary_large_image","schema":{"@context":"https:\/\/schema.org","@graph":[{"@type":"WebPage","@id":"https:\/\/www.nicox.com\/fr\/investisseurs\/laction-nicox\/","url":"https:\/\/www.nicox.com\/fr\/investisseurs\/laction-nicox\/","name":"Investisseurs - L'action Nicox - Nicox","isPartOf":{"@id":"https:\/\/www.nicox.com\/fr\/#website"},"datePublished":"2021-07-07T16:50:34+00:00","dateModified":"2026-03-03T06:37:10+00:00","breadcrumb":{"@id":"https:\/\/www.nicox.com\/fr\/investisseurs\/laction-nicox\/#breadcrumb"},"inLanguage":"fr-FR","potentialAction":[{"@type":"ReadAction","target":["https:\/\/www.nicox.com\/fr\/investisseurs\/laction-nicox\/"]}]},{"@type":"BreadcrumbList","@id":"https:\/\/www.nicox.com\/fr\/investisseurs\/laction-nicox\/#breadcrumb","itemListElement":[{"@type":"ListItem","position":1,"name":"Investisseurs","item":"https:\/\/www.nicox.com\/fr\/investisseurs\/"},{"@type":"ListItem","position":2,"name":"Investisseurs &#8211; L&#8217;action Nicox"}]},{"@type":"WebSite","@id":"https:\/\/www.nicox.com\/fr\/#website","url":"https:\/\/www.nicox.com\/fr\/","name":"Nicox","description":"Visible Science","publisher":{"@id":"https:\/\/www.nicox.com\/fr\/#organization"},"potentialAction":[{"@type":"SearchAction","target":{"@type":"EntryPoint","urlTemplate":"https:\/\/www.nicox.com\/fr\/?s={search_term_string}"},"query-input":{"@type":"PropertyValueSpecification","valueRequired":true,"valueName":"search_term_string"}}],"inLanguage":"fr-FR"},{"@type":"Organization","@id":"https:\/\/www.nicox.com\/fr\/#organization","name":"Nicox","url":"https:\/\/www.nicox.com\/fr\/","logo":{"@type":"ImageObject","inLanguage":"fr-FR","@id":"https:\/\/www.nicox.com\/fr\/#\/schema\/logo\/image\/","url":"","contentUrl":"","caption":"Nicox"},"image":{"@id":"https:\/\/www.nicox.com\/fr\/#\/schema\/logo\/image\/"}}]}},"_links":{"self":[{"href":"https:\/\/www.nicox.com\/fr\/wp-json\/wp\/v2\/pages\/10397","targetHints":{"allow":["GET"]}}],"collection":[{"href":"https:\/\/www.nicox.com\/fr\/wp-json\/wp\/v2\/pages"}],"about":[{"href":"https:\/\/www.nicox.com\/fr\/wp-json\/wp\/v2\/types\/page"}],"author":[{"embeddable":true,"href":"https:\/\/www.nicox.com\/fr\/wp-json\/wp\/v2\/users\/1"}],"replies":[{"embeddable":true,"href":"https:\/\/www.nicox.com\/fr\/wp-json\/wp\/v2\/comments?post=10397"}],"version-history":[{"count":9,"href":"https:\/\/www.nicox.com\/fr\/wp-json\/wp\/v2\/pages\/10397\/revisions"}],"predecessor-version":[{"id":18459,"href":"https:\/\/www.nicox.com\/fr\/wp-json\/wp\/v2\/pages\/10397\/revisions\/18459"}],"up":[{"embeddable":true,"href":"https:\/\/www.nicox.com\/fr\/wp-json\/wp\/v2\/pages\/10391"}],"wp:attachment":[{"href":"https:\/\/www.nicox.com\/fr\/wp-json\/wp\/v2\/media?parent=10397"}],"curies":[{"name":"wp","href":"https:\/\/api.w.org\/{rel}","templated":true}]}}