{"id":10391,"date":"2021-07-07T18:50:34","date_gmt":"2021-07-07T16:50:34","guid":{"rendered":"https:\/\/www.nicox.com\/investors-landing\/"},"modified":"2025-08-23T17:58:38","modified_gmt":"2025-08-23T15:58:38","slug":"investisseurs","status":"publish","type":"page","link":"https:\/\/www.nicox.com\/fr\/investisseurs\/","title":{"rendered":"Investisseurs"},"content":{"rendered":"\n<section class=\"[ c-home-hero c-page-hero ]\">\n\n    <div class=\"c-block-anchor\" id=\"block_e6d7baf09a4ae17290830f8964d71c05\"><\/div>\n\n    \n        <div class=\"c-page-title c-wrapper c-page-hero__title\">\n\n            <div class=\"[ c-container ] [ u-align-center ]\" data-variant=\"narrow-column\">\n\n                <h1 class=\"[ c-page-title__text ] [ u-color-white u-text-base sm:u-text-plus-1 u-weight-bold ]\">\n\n                    Aper\u00e7u \n\n                <\/h1>\n\n                <hr class=\"[ c-page-title__hr ] [ u-color-blue-4 ]\">\n\n            <\/div>\n\n\n        <\/div>\n\n    \n    <div class=\"c-wrapper\">\n        \n        \n        <div class=\"c-home-hero__content\">\n\n            \n                <div class=\"[ c-home-hero__lede ] [ u-color-white u-gap-top-base u-text-plus-1 sm:u-text-plus-2 md:u-text-plus-3 lg:u-text-plus-4 u-weight-light u-leading-tight ]\">\n                    Nicox est cot\u00e9e sur Euronext Growth Paris (Mn\u00e9mo : ALCOX) et fait partie de l&rsquo;indice CAC Healthcare.\n                <\/div>\n            \n            \n            <div class=\"[ c-page-hero__grid ] [ u-gap-top-base ]\">\n\n            \n                \n                    <a class=\"[ c-btn c-home-hero__btn ]\" href=\"\/fr\/about-us\/\" data-variant=\"reversed\">\n                        A propos\n                        <span class=\"c-icon\">\n                            <svg xmlns=\"http:\/\/www.w3.org\/2000\/svg\" viewBox=\"0 0 72.3 36.2\">\n  <path d=\"M54.2 0l-1.4 1.4 15.7 15.7H0v2h68.4L52.8 34.7l1.4 1.5 18.1-18.1z\"\/>\n<\/svg>\n                        <\/span>\n                    <\/a>\n                \n                \n            \n                \n                    <a class=\"[ c-btn c-home-hero__btn ]\" href=\"\/fr\/#actualites\" data-variant=\"reversed\">\n                        Derni\u00e8res actualit\u00e9s\n                        <span class=\"c-icon\">\n                            <svg xmlns=\"http:\/\/www.w3.org\/2000\/svg\" viewBox=\"0 0 72.3 36.2\">\n  <path d=\"M54.2 0l-1.4 1.4 15.7 15.7H0v2h68.4L52.8 34.7l1.4 1.5 18.1-18.1z\"\/>\n<\/svg>\n                        <\/span>\n                    <\/a>\n                \n                \n            \n                \n                    <a class=\"[ c-btn c-home-hero__btn ]\" href=\"\/fr\/investisseurs\/investisseurs-financiere-et-informations-reglementees\/#corporate-presentation\" data-variant=\"reversed\">\n                        Pr\u00e9sentation g\u00e9n\u00e9rale\n                        <span class=\"c-icon\">\n                            <svg xmlns=\"http:\/\/www.w3.org\/2000\/svg\" viewBox=\"0 0 72.3 36.2\">\n  <path d=\"M54.2 0l-1.4 1.4 15.7 15.7H0v2h68.4L52.8 34.7l1.4 1.5 18.1-18.1z\"\/>\n<\/svg>\n                        <\/span>\n                    <\/a>\n                \n                \n            \n            <\/div>\n\n        <\/div>\n\n    <\/div>\n\n<\/section>\n\n\n<section class=\"[ c-investor-index c-wrapper ] [  u-bg-tan-2 ]\">\n\n    <div class=\"c-block-anchor\" id=\"block_e11db0d77cc89cb4297e826c75495f18\"><\/div>\n\n    <div class=\"c-container\" data-variant=\"wide-column\">\n    \n        <div class=\"c-investor-index__grid\">\n        \n            \n                <article class=\"u-links-reversed\">\n\n                    <hr class=\"[ c-investor-index__hr ] [ u-color-grey-3 ]\">\n                \n                                            <h3 class=\"u-text-base lg:u-text-plus-1 xl:u-text-plus-2 u-weight-bold\">\n                            L&rsquo;action Nicox\n                        <\/h3>\n                    \n                    <ul class=\"u-list-block u-links-plain u-text-base lg:u-text-plus-1 xl:u-text-plus-2 u-weight-light\">\n                                                    <li><a href=\"https:\/\/www.nicox.com\/fr\/investisseurs\/laction-nicox#actionnariat\">Actionnariat<\/a><\/li>\n                                                    <li><a href=\"https:\/\/www.nicox.com\/fr\/investisseurs\/laction-nicox#couverture-par-les-analystes\">Couverture par les analystes<\/a><\/li>\n                                            <\/ul>\n\n                    \n                        <a class=\"[ c-icon-link ] [ u-gap-top-base u-text-minus-2 lg:u-text-base ]\" href=\"https:\/\/www.nicox.com\/fr\/investisseurs\/laction-nicox\/\" data-variant=\"medium\">\n                            <span class=\"c-icon-link__text\">\n                                Lire\n                            <\/span>\n                            <span class=\"c-icon c-icon-link__icon\">\n                                <svg xmlns=\"http:\/\/www.w3.org\/2000\/svg\" viewBox=\"0 0 72.3 36.2\">\n  <path d=\"M54.2 0l-1.4 1.4 15.7 15.7H0v2h68.4L52.8 34.7l1.4 1.5 18.1-18.1z\"\/>\n<\/svg>\n                            <\/span>\n                        <\/a>\n                                \n                                    \n                <\/article>\n            \n            \n                <article class=\"u-links-reversed\">\n\n                    <hr class=\"[ c-investor-index__hr ] [ u-color-grey-3 ]\">\n                \n                                            <h3 class=\"u-text-base lg:u-text-plus-1 xl:u-text-plus-2 u-weight-bold\">\n                            Informations financi\u00e8res et r\u00e9glement\u00e9es\n                        <\/h3>\n                    \n                    <ul class=\"u-list-block u-links-plain u-text-base lg:u-text-plus-1 xl:u-text-plus-2 u-weight-light\">\n                                                    <li><a href=\"https:\/\/www.nicox.com\/fr\/investisseurs\/investisseurs-financiere-et-informations-reglementees\/#annual-reports\">Rapports annuels<\/a><\/li>\n                                                    <li><a href=\"\/fr\/investisseurs\/investisseurs-financiere-et-informations-reglementees\/#quarterly-reports\">Rapports semestriels &#038; informations financi\u00e8res trimestrielles<\/a><\/li>\n                                                    <li><a href=\"\/fr\/investisseurs\/investisseurs-financiere-et-informations-reglementees\/#financial-calendar\">Calendrier financier<\/a><\/li>\n                                                    <li><a href=\"\/fr\/investisseurs\/investisseurs-financiere-et-informations-reglementees\/#regulatory-information\">Informations r\u00e9glement\u00e9es<\/a><\/li>\n                                            <\/ul>\n\n                    \n                        <a class=\"[ c-icon-link ] [ u-gap-top-base u-text-minus-2 lg:u-text-base ]\" href=\"\/fr\/investisseurs\/investisseurs-financiere-et-informations-reglementees\/\" data-variant=\"medium\">\n                            <span class=\"c-icon-link__text\">\n                                Lire\n                            <\/span>\n                            <span class=\"c-icon c-icon-link__icon\">\n                                <svg xmlns=\"http:\/\/www.w3.org\/2000\/svg\" viewBox=\"0 0 72.3 36.2\">\n  <path d=\"M54.2 0l-1.4 1.4 15.7 15.7H0v2h68.4L52.8 34.7l1.4 1.5 18.1-18.1z\"\/>\n<\/svg>\n                            <\/span>\n                        <\/a>\n                                \n                                    \n                <\/article>\n            \n            \n                <article class=\"u-links-reversed\">\n\n                    <hr class=\"[ c-investor-index__hr ] [ u-color-grey-3 ]\">\n                \n                                            <h3 class=\"u-text-base lg:u-text-plus-1 xl:u-text-plus-2 u-weight-bold\">\n                            Gouvernance d&rsquo;entreprise\n                        <\/h3>\n                    \n                    <ul class=\"u-list-block u-links-plain u-text-base lg:u-text-plus-1 xl:u-text-plus-2 u-weight-light\">\n                                            <\/ul>\n\n                    \n                        <a class=\"[ c-icon-link ] [ u-gap-top-base u-text-minus-2 lg:u-text-base ]\" href=\"\/fr\/investisseurs\/corporate-governance\" data-variant=\"medium\">\n                            <span class=\"c-icon-link__text\">\n                                Lire\n                            <\/span>\n                            <span class=\"c-icon c-icon-link__icon\">\n                                <svg xmlns=\"http:\/\/www.w3.org\/2000\/svg\" viewBox=\"0 0 72.3 36.2\">\n  <path d=\"M54.2 0l-1.4 1.4 15.7 15.7H0v2h68.4L52.8 34.7l1.4 1.5 18.1-18.1z\"\/>\n<\/svg>\n                            <\/span>\n                        <\/a>\n                                \n                                    \n                <\/article>\n            \n            \n                <article class=\"u-links-reversed\">\n\n                    <hr class=\"[ c-investor-index__hr ] [ u-color-grey-3 ]\">\n                \n                                            <h3 class=\"u-text-base lg:u-text-plus-1 xl:u-text-plus-2 u-weight-bold\">\n                            Assembl\u00e9es g\u00e9n\u00e9rales\n                        <\/h3>\n                    \n                    <ul class=\"u-list-block u-links-plain u-text-base lg:u-text-plus-1 xl:u-text-plus-2 u-weight-light\">\n                                            <\/ul>\n\n                    \n                        <a class=\"[ c-icon-link ] [ u-gap-top-base u-text-minus-2 lg:u-text-base ]\" href=\"\/fr\/investisseurs\/shareholder-meetings\" data-variant=\"medium\">\n                            <span class=\"c-icon-link__text\">\n                                Lire\n                            <\/span>\n                            <span class=\"c-icon c-icon-link__icon\">\n                                <svg xmlns=\"http:\/\/www.w3.org\/2000\/svg\" viewBox=\"0 0 72.3 36.2\">\n  <path d=\"M54.2 0l-1.4 1.4 15.7 15.7H0v2h68.4L52.8 34.7l1.4 1.5 18.1-18.1z\"\/>\n<\/svg>\n                            <\/span>\n                        <\/a>\n                                \n                                    \n                <\/article>\n            \n            \n                <article class=\"u-links-reversed\">\n\n                    <hr class=\"[ c-investor-index__hr ] [ u-color-grey-3 ]\">\n                \n                                            <h3 class=\"u-text-base lg:u-text-plus-1 xl:u-text-plus-2 u-weight-bold\">\n                            Rester en contact\n                        <\/h3>\n                    \n                    <ul class=\"u-list-block u-links-plain u-text-base lg:u-text-plus-1 xl:u-text-plus-2 u-weight-light\">\n                                                    <li><a href=\"https:\/\/www.nicox.com\/fr\/contact-us#alertes\">Recevoir nos communiqu\u00e9s de presse<\/a><\/li>\n                                                    <li><a href=\"\/fr\/contact-us\/\">Nous contacter<\/a><\/li>\n                                            <\/ul>\n\n                    \n                        <a class=\"[ c-icon-link ] [ u-gap-top-base u-text-minus-2 lg:u-text-base ]\" href=\"\/fr\/contact-us\/\" data-variant=\"medium\">\n                            <span class=\"c-icon-link__text\">\n                                Lire\n                            <\/span>\n                            <span class=\"c-icon c-icon-link__icon\">\n                                <svg xmlns=\"http:\/\/www.w3.org\/2000\/svg\" viewBox=\"0 0 72.3 36.2\">\n  <path d=\"M54.2 0l-1.4 1.4 15.7 15.7H0v2h68.4L52.8 34.7l1.4 1.5 18.1-18.1z\"\/>\n<\/svg>\n                            <\/span>\n                        <\/a>\n                                \n                                    \n                <\/article>\n            \n                    \n        <\/div>\n    \n    <\/div>\n\n<\/section>\n\n\n<p><\/p>\n","protected":false},"excerpt":{"rendered":"","protected":false},"author":1,"featured_media":0,"parent":0,"menu_order":0,"comment_status":"closed","ping_status":"closed","template":"","meta":{"_acf_changed":false,"footnotes":""},"class_list":["post-10391","page","type-page","status-publish","hentry"],"acf":[],"yoast_head":"<!-- This site is optimized with the Yoast SEO plugin v27.3 - https:\/\/yoast.com\/product\/yoast-seo-wordpress\/ -->\n<title>Investisseurs - Nicox<\/title>\n<meta name=\"robots\" content=\"index, follow, max-snippet:-1, max-image-preview:large, max-video-preview:-1\" \/>\n<link rel=\"canonical\" href=\"https:\/\/www.nicox.com\/fr\/investisseurs\/\" \/>\n<meta property=\"og:locale\" content=\"fr_FR\" \/>\n<meta property=\"og:type\" content=\"article\" \/>\n<meta property=\"og:title\" content=\"Investisseurs - Nicox\" \/>\n<meta property=\"og:url\" content=\"https:\/\/www.nicox.com\/fr\/investisseurs\/\" \/>\n<meta property=\"og:site_name\" content=\"Nicox\" \/>\n<meta property=\"article:modified_time\" content=\"2025-08-23T15:58:38+00:00\" \/>\n<meta name=\"twitter:card\" content=\"summary_large_image\" \/>\n<script type=\"application\/ld+json\" class=\"yoast-schema-graph\">{\"@context\":\"https:\\\/\\\/schema.org\",\"@graph\":[{\"@type\":\"WebPage\",\"@id\":\"https:\\\/\\\/www.nicox.com\\\/fr\\\/investisseurs\\\/\",\"url\":\"https:\\\/\\\/www.nicox.com\\\/fr\\\/investisseurs\\\/\",\"name\":\"Investisseurs - Nicox\",\"isPartOf\":{\"@id\":\"https:\\\/\\\/www.nicox.com\\\/fr\\\/#website\"},\"datePublished\":\"2021-07-07T16:50:34+00:00\",\"dateModified\":\"2025-08-23T15:58:38+00:00\",\"inLanguage\":\"fr-FR\",\"potentialAction\":[{\"@type\":\"ReadAction\",\"target\":[\"https:\\\/\\\/www.nicox.com\\\/fr\\\/investisseurs\\\/\"]}]},{\"@type\":\"WebSite\",\"@id\":\"https:\\\/\\\/www.nicox.com\\\/fr\\\/#website\",\"url\":\"https:\\\/\\\/www.nicox.com\\\/fr\\\/\",\"name\":\"Nicox\",\"description\":\"Visible Science\",\"publisher\":{\"@id\":\"https:\\\/\\\/www.nicox.com\\\/fr\\\/#organization\"},\"potentialAction\":[{\"@type\":\"SearchAction\",\"target\":{\"@type\":\"EntryPoint\",\"urlTemplate\":\"https:\\\/\\\/www.nicox.com\\\/fr\\\/?s={search_term_string}\"},\"query-input\":{\"@type\":\"PropertyValueSpecification\",\"valueRequired\":true,\"valueName\":\"search_term_string\"}}],\"inLanguage\":\"fr-FR\"},{\"@type\":\"Organization\",\"@id\":\"https:\\\/\\\/www.nicox.com\\\/fr\\\/#organization\",\"name\":\"Nicox\",\"url\":\"https:\\\/\\\/www.nicox.com\\\/fr\\\/\",\"logo\":{\"@type\":\"ImageObject\",\"inLanguage\":\"fr-FR\",\"@id\":\"https:\\\/\\\/www.nicox.com\\\/fr\\\/#\\\/schema\\\/logo\\\/image\\\/\",\"url\":\"\",\"contentUrl\":\"\",\"caption\":\"Nicox\"},\"image\":{\"@id\":\"https:\\\/\\\/www.nicox.com\\\/fr\\\/#\\\/schema\\\/logo\\\/image\\\/\"}}]}<\/script>\n<!-- \/ Yoast SEO plugin. -->","yoast_head_json":{"title":"Investisseurs - Nicox","robots":{"index":"index","follow":"follow","max-snippet":"max-snippet:-1","max-image-preview":"max-image-preview:large","max-video-preview":"max-video-preview:-1"},"canonical":"https:\/\/www.nicox.com\/fr\/investisseurs\/","og_locale":"fr_FR","og_type":"article","og_title":"Investisseurs - Nicox","og_url":"https:\/\/www.nicox.com\/fr\/investisseurs\/","og_site_name":"Nicox","article_modified_time":"2025-08-23T15:58:38+00:00","twitter_card":"summary_large_image","schema":{"@context":"https:\/\/schema.org","@graph":[{"@type":"WebPage","@id":"https:\/\/www.nicox.com\/fr\/investisseurs\/","url":"https:\/\/www.nicox.com\/fr\/investisseurs\/","name":"Investisseurs - Nicox","isPartOf":{"@id":"https:\/\/www.nicox.com\/fr\/#website"},"datePublished":"2021-07-07T16:50:34+00:00","dateModified":"2025-08-23T15:58:38+00:00","inLanguage":"fr-FR","potentialAction":[{"@type":"ReadAction","target":["https:\/\/www.nicox.com\/fr\/investisseurs\/"]}]},{"@type":"WebSite","@id":"https:\/\/www.nicox.com\/fr\/#website","url":"https:\/\/www.nicox.com\/fr\/","name":"Nicox","description":"Visible Science","publisher":{"@id":"https:\/\/www.nicox.com\/fr\/#organization"},"potentialAction":[{"@type":"SearchAction","target":{"@type":"EntryPoint","urlTemplate":"https:\/\/www.nicox.com\/fr\/?s={search_term_string}"},"query-input":{"@type":"PropertyValueSpecification","valueRequired":true,"valueName":"search_term_string"}}],"inLanguage":"fr-FR"},{"@type":"Organization","@id":"https:\/\/www.nicox.com\/fr\/#organization","name":"Nicox","url":"https:\/\/www.nicox.com\/fr\/","logo":{"@type":"ImageObject","inLanguage":"fr-FR","@id":"https:\/\/www.nicox.com\/fr\/#\/schema\/logo\/image\/","url":"","contentUrl":"","caption":"Nicox"},"image":{"@id":"https:\/\/www.nicox.com\/fr\/#\/schema\/logo\/image\/"}}]}},"_links":{"self":[{"href":"https:\/\/www.nicox.com\/fr\/wp-json\/wp\/v2\/pages\/10391","targetHints":{"allow":["GET"]}}],"collection":[{"href":"https:\/\/www.nicox.com\/fr\/wp-json\/wp\/v2\/pages"}],"about":[{"href":"https:\/\/www.nicox.com\/fr\/wp-json\/wp\/v2\/types\/page"}],"author":[{"embeddable":true,"href":"https:\/\/www.nicox.com\/fr\/wp-json\/wp\/v2\/users\/1"}],"replies":[{"embeddable":true,"href":"https:\/\/www.nicox.com\/fr\/wp-json\/wp\/v2\/comments?post=10391"}],"version-history":[{"count":10,"href":"https:\/\/www.nicox.com\/fr\/wp-json\/wp\/v2\/pages\/10391\/revisions"}],"predecessor-version":[{"id":17964,"href":"https:\/\/www.nicox.com\/fr\/wp-json\/wp\/v2\/pages\/10391\/revisions\/17964"}],"wp:attachment":[{"href":"https:\/\/www.nicox.com\/fr\/wp-json\/wp\/v2\/media?parent=10391"}],"curies":[{"name":"wp","href":"https:\/\/api.w.org\/{rel}","templated":true}]}}