{"id":10373,"date":"2021-07-07T18:50:34","date_gmt":"2021-07-07T16:50:34","guid":{"rendered":"https:\/\/www.nicox.com\/actualites-et-evenements\/"},"modified":"2024-12-02T13:48:40","modified_gmt":"2024-12-02T11:48:40","slug":"actualites-et-evenements","status":"publish","type":"page","link":"https:\/\/www.nicox.com\/fr\/actualites-et-evenements\/","title":{"rendered":"Actualit\u00e9s et Ev\u00e8nements"},"content":{"rendered":"\n<div class=\"c-page-title c-wrapper\">\n\n    <div class=\"[ c-container ] [ u-align-center ]\" data-variant=\"narrow-column\">\n    \n        <h1 class=\"[ c-page-title__text ] [ u-text-base sm:u-text-plus-1 u-weight-bold ] [  ]\">\n\n            Actualit\u00e9s et Ev\u00e8nements\n            \n        <\/h1>\n\n        <hr class=\"[ c-page-title__hr ] [ u-color-blue-4 ]\">\n    \n    <\/div>\n\n<\/div>\n\n\n<section class=\"[ c-wrapper ] [ u-vertical-padding ] [  ]\">\n\n    <div class=\"c-block-anchor\" id=\"block_60e82f698dcea\"><\/div>\n\n    <div class=\"c-container\" data-variant=\"wide-column\">\n\n        \n            <h2 class=\"u-caps-heading u-align-center\">\n                Communiqu\u00e9s de presse\n            <\/h2>\n\n        \n        \n        <div class=\"[ c-document-grid ] [ u-gap-top-plus-3 ]\">\n        \n            \n                <article class=\"[ c-doc-block ] [ u-bg-tan-2 u-links-plain ]\">\n\n                                            <a class=\"c-doc-block__content\" href=\"https:\/\/www.nicox.com\/wp-content\/uploads\/FR_AGS-2026-posters-presented_FINAL.pdf\" target=\"_blank\">\n                    \n                        \n                            <span class=\"u-text-minus-2 u-weight-bold\">\n                                24 f\u00e9vrier 2026\n                            <\/span>\n\n                        \n                                                \n                            <h3 class=\"[ c-doc-block__title ] [ u-gap-top-base u-text-minus-1 xxl:u-text-base u-weight-light u-leading-base ]\">\n                                Nicox pr\u00e9sente des donn\u00e9es de Phase 3 positives confirmant le profil th\u00e9rapeutique de NCX 470 lors du congr\u00e8s annuel 2026 de l\u2019American Glaucoma Society (AGS)\n                            <\/h3>\n\n                        \n                        <div class=\"c-doc-block__icon\" aria-hidden=\"true\">\n                            <svg xmlns=\"http:\/\/www.w3.org\/2000\/svg\" viewBox=\"0 0 32.434 43.246\">\n  <path fill=\"#3f4643\" d=\"M15.364 21.631c-.422-1.351-.414-3.961-.169-3.961.705 0 .642 3.117.169 3.961zm-.144 3.987a38.974 38.974 0 01-2.4 5.3 31.1 31.1 0 015.313-1.85 10.941 10.941 0 01-2.913-3.45zM7.272 36.159c0 .068 1.115-.456 2.948-3.4-.566.541-2.458 2.074-2.948 3.4zm13.675-22.645h11.487v27.7a2.022 2.022 0 01-2.027 2.027H2.027A2.022 2.022 0 010 41.218V2.027A2.022 2.022 0 012.027 0H18.92v11.487a2.033 2.033 0 002.027 2.027zm-.676 14.511a8.477 8.477 0 01-3.607-4.544c.38-1.563.98-3.936.524-5.423a2.115 2.115 0 00-4.037-.574c-.422 1.546-.034 3.725.684 6.5a79.314 79.314 0 01-3.446 7.247c-.008 0-.008.008-.017.008C8.083 32.417 4.156 35 5.769 36.987a2.625 2.625 0 001.816.845c1.512 0 3.015-1.52 5.161-5.22a48.145 48.145 0 016.673-1.96 12.8 12.8 0 005.405 1.648 2.186 2.186 0 001.664-3.666c-1.174-1.149-4.586-.819-6.217-.608zM31.843 8.869L23.565.591A2.026 2.026 0 0022.13 0h-.507v10.811h10.811V10.3a2.021 2.021 0 00-.591-1.431zm-6.259 21.563c.346-.228-.211-1.005-3.615-.76 3.131 1.335 3.615.76 3.615.76z\" data-name=\"Icon awesome-file-pdf\"\/>\n<\/svg>\n                        <\/div>\n\n                    <\/a>\n\n                <\/article>\n\n            \n                <article class=\"[ c-doc-block ] [ u-bg-tan-2 u-links-plain ]\">\n\n                                            <a class=\"c-doc-block__content\" href=\"https:\/\/www.nicox.com\/wp-content\/uploads\/FR_NCX470PreNDAFebruary2026_FINAL.pdf\" target=\"_blank\">\n                    \n                        \n                            <span class=\"u-text-minus-2 u-weight-bold\">\n                                16 f\u00e9vrier 2026\n                            <\/span>\n\n                        \n                                                \n                            <h3 class=\"[ c-doc-block__title ] [ u-gap-top-base u-text-minus-1 xxl:u-text-base u-weight-light u-leading-base ]\">\n                                Nicox annonce une r\u00e9union pr\u00e9-NDA positive avec la FDA am\u00e9ricaine pour NCX 470\n                            <\/h3>\n\n                        \n                        <div class=\"c-doc-block__icon\" aria-hidden=\"true\">\n                            <svg xmlns=\"http:\/\/www.w3.org\/2000\/svg\" viewBox=\"0 0 32.434 43.246\">\n  <path fill=\"#3f4643\" d=\"M15.364 21.631c-.422-1.351-.414-3.961-.169-3.961.705 0 .642 3.117.169 3.961zm-.144 3.987a38.974 38.974 0 01-2.4 5.3 31.1 31.1 0 015.313-1.85 10.941 10.941 0 01-2.913-3.45zM7.272 36.159c0 .068 1.115-.456 2.948-3.4-.566.541-2.458 2.074-2.948 3.4zm13.675-22.645h11.487v27.7a2.022 2.022 0 01-2.027 2.027H2.027A2.022 2.022 0 010 41.218V2.027A2.022 2.022 0 012.027 0H18.92v11.487a2.033 2.033 0 002.027 2.027zm-.676 14.511a8.477 8.477 0 01-3.607-4.544c.38-1.563.98-3.936.524-5.423a2.115 2.115 0 00-4.037-.574c-.422 1.546-.034 3.725.684 6.5a79.314 79.314 0 01-3.446 7.247c-.008 0-.008.008-.017.008C8.083 32.417 4.156 35 5.769 36.987a2.625 2.625 0 001.816.845c1.512 0 3.015-1.52 5.161-5.22a48.145 48.145 0 016.673-1.96 12.8 12.8 0 005.405 1.648 2.186 2.186 0 001.664-3.666c-1.174-1.149-4.586-.819-6.217-.608zM31.843 8.869L23.565.591A2.026 2.026 0 0022.13 0h-.507v10.811h10.811V10.3a2.021 2.021 0 00-.591-1.431zm-6.259 21.563c.346-.228-.211-1.005-3.615-.76 3.131 1.335 3.615.76 3.615.76z\" data-name=\"Icon awesome-file-pdf\"\/>\n<\/svg>\n                        <\/div>\n\n                    <\/a>\n\n                <\/article>\n\n            \n                <article class=\"[ c-doc-block ] [ u-bg-tan-2 u-links-plain ]\">\n\n                                            <a class=\"c-doc-block__content\" href=\"https:\/\/www.nicox.com\/wp-content\/uploads\/FR_Eligibilite-PEA-PME-Year-2026_FINAL.pdf\" target=\"_blank\">\n                    \n                        \n                            <span class=\"u-text-minus-2 u-weight-bold\">\n                                12 f\u00e9vrier 2026\n                            <\/span>\n\n                        \n                                                \n                            <h3 class=\"[ c-doc-block__title ] [ u-gap-top-base u-text-minus-1 xxl:u-text-base u-weight-light u-leading-base ]\">\n                                Nicox confirme son \u00e9ligibilit\u00e9 au PEA-PME\n                            <\/h3>\n\n                        \n                        <div class=\"c-doc-block__icon\" aria-hidden=\"true\">\n                            <svg xmlns=\"http:\/\/www.w3.org\/2000\/svg\" viewBox=\"0 0 32.434 43.246\">\n  <path fill=\"#3f4643\" d=\"M15.364 21.631c-.422-1.351-.414-3.961-.169-3.961.705 0 .642 3.117.169 3.961zm-.144 3.987a38.974 38.974 0 01-2.4 5.3 31.1 31.1 0 015.313-1.85 10.941 10.941 0 01-2.913-3.45zM7.272 36.159c0 .068 1.115-.456 2.948-3.4-.566.541-2.458 2.074-2.948 3.4zm13.675-22.645h11.487v27.7a2.022 2.022 0 01-2.027 2.027H2.027A2.022 2.022 0 010 41.218V2.027A2.022 2.022 0 012.027 0H18.92v11.487a2.033 2.033 0 002.027 2.027zm-.676 14.511a8.477 8.477 0 01-3.607-4.544c.38-1.563.98-3.936.524-5.423a2.115 2.115 0 00-4.037-.574c-.422 1.546-.034 3.725.684 6.5a79.314 79.314 0 01-3.446 7.247c-.008 0-.008.008-.017.008C8.083 32.417 4.156 35 5.769 36.987a2.625 2.625 0 001.816.845c1.512 0 3.015-1.52 5.161-5.22a48.145 48.145 0 016.673-1.96 12.8 12.8 0 005.405 1.648 2.186 2.186 0 001.664-3.666c-1.174-1.149-4.586-.819-6.217-.608zM31.843 8.869L23.565.591A2.026 2.026 0 0022.13 0h-.507v10.811h10.811V10.3a2.021 2.021 0 00-.591-1.431zm-6.259 21.563c.346-.228-.211-1.005-3.615-.76 3.131 1.335 3.615.76 3.615.76z\" data-name=\"Icon awesome-file-pdf\"\/>\n<\/svg>\n                        <\/div>\n\n                    <\/a>\n\n                <\/article>\n\n            \n                <article class=\"[ c-doc-block ] [ u-bg-tan-2 u-links-plain ]\">\n\n                                            <a class=\"c-doc-block__content\" href=\"https:\/\/www.nicox.com\/wp-content\/uploads\/FR_American-Glaucoma-Society-Curtain-Raiser_FINAL.pdf\" target=\"_blank\">\n                    \n                        \n                            <span class=\"u-text-minus-2 u-weight-bold\">\n                                10 f\u00e9vrier 2026\n                            <\/span>\n\n                        \n                                                \n                            <h3 class=\"[ c-doc-block__title ] [ u-gap-top-base u-text-minus-1 xxl:u-text-base u-weight-light u-leading-base ]\">\n                                Nicox : Pr\u00e9sentation des donn\u00e9es des \u00e9tudes de Phase 3 de NCX 470 au congr\u00e8s annuel 2026 de l\u2019American Glaucoma Society (AGS)\n                            <\/h3>\n\n                        \n                        <div class=\"c-doc-block__icon\" aria-hidden=\"true\">\n                            <svg xmlns=\"http:\/\/www.w3.org\/2000\/svg\" viewBox=\"0 0 32.434 43.246\">\n  <path fill=\"#3f4643\" d=\"M15.364 21.631c-.422-1.351-.414-3.961-.169-3.961.705 0 .642 3.117.169 3.961zm-.144 3.987a38.974 38.974 0 01-2.4 5.3 31.1 31.1 0 015.313-1.85 10.941 10.941 0 01-2.913-3.45zM7.272 36.159c0 .068 1.115-.456 2.948-3.4-.566.541-2.458 2.074-2.948 3.4zm13.675-22.645h11.487v27.7a2.022 2.022 0 01-2.027 2.027H2.027A2.022 2.022 0 010 41.218V2.027A2.022 2.022 0 012.027 0H18.92v11.487a2.033 2.033 0 002.027 2.027zm-.676 14.511a8.477 8.477 0 01-3.607-4.544c.38-1.563.98-3.936.524-5.423a2.115 2.115 0 00-4.037-.574c-.422 1.546-.034 3.725.684 6.5a79.314 79.314 0 01-3.446 7.247c-.008 0-.008.008-.017.008C8.083 32.417 4.156 35 5.769 36.987a2.625 2.625 0 001.816.845c1.512 0 3.015-1.52 5.161-5.22a48.145 48.145 0 016.673-1.96 12.8 12.8 0 005.405 1.648 2.186 2.186 0 001.664-3.666c-1.174-1.149-4.586-.819-6.217-.608zM31.843 8.869L23.565.591A2.026 2.026 0 0022.13 0h-.507v10.811h10.811V10.3a2.021 2.021 0 00-.591-1.431zm-6.259 21.563c.346-.228-.211-1.005-3.615-.76 3.131 1.335 3.615.76 3.615.76z\" data-name=\"Icon awesome-file-pdf\"\/>\n<\/svg>\n                        <\/div>\n\n                    <\/a>\n\n                <\/article>\n\n            \n                <article class=\"[ c-doc-block ] [ u-bg-tan-2 u-links-plain ]\">\n\n                                            <a class=\"c-doc-block__content\" href=\"https:\/\/www.nicox.com\/wp-content\/uploads\/FR_H1_2026_CONFERENCES_PR_FINAL.pdf\" target=\"_blank\">\n                    \n                        \n                            <span class=\"u-text-minus-2 u-weight-bold\">\n                                20 janvier 2026\n                            <\/span>\n\n                        \n                                                \n                            <h3 class=\"[ c-doc-block__title ] [ u-gap-top-base u-text-minus-1 xxl:u-text-base u-weight-light u-leading-base ]\">\n                                Nicox annonce sa participation \u00e0 des congr\u00e8s au premier semestre 2026 et la pr\u00e9sentation prochaine de donn\u00e9es scientifiques\n                            <\/h3>\n\n                        \n                        <div class=\"c-doc-block__icon\" aria-hidden=\"true\">\n                            <svg xmlns=\"http:\/\/www.w3.org\/2000\/svg\" viewBox=\"0 0 32.434 43.246\">\n  <path fill=\"#3f4643\" d=\"M15.364 21.631c-.422-1.351-.414-3.961-.169-3.961.705 0 .642 3.117.169 3.961zm-.144 3.987a38.974 38.974 0 01-2.4 5.3 31.1 31.1 0 015.313-1.85 10.941 10.941 0 01-2.913-3.45zM7.272 36.159c0 .068 1.115-.456 2.948-3.4-.566.541-2.458 2.074-2.948 3.4zm13.675-22.645h11.487v27.7a2.022 2.022 0 01-2.027 2.027H2.027A2.022 2.022 0 010 41.218V2.027A2.022 2.022 0 012.027 0H18.92v11.487a2.033 2.033 0 002.027 2.027zm-.676 14.511a8.477 8.477 0 01-3.607-4.544c.38-1.563.98-3.936.524-5.423a2.115 2.115 0 00-4.037-.574c-.422 1.546-.034 3.725.684 6.5a79.314 79.314 0 01-3.446 7.247c-.008 0-.008.008-.017.008C8.083 32.417 4.156 35 5.769 36.987a2.625 2.625 0 001.816.845c1.512 0 3.015-1.52 5.161-5.22a48.145 48.145 0 016.673-1.96 12.8 12.8 0 005.405 1.648 2.186 2.186 0 001.664-3.666c-1.174-1.149-4.586-.819-6.217-.608zM31.843 8.869L23.565.591A2.026 2.026 0 0022.13 0h-.507v10.811h10.811V10.3a2.021 2.021 0 00-.591-1.431zm-6.259 21.563c.346-.228-.211-1.005-3.615-.76 3.131 1.335 3.615.76 3.615.76z\" data-name=\"Icon awesome-file-pdf\"\/>\n<\/svg>\n                        <\/div>\n\n                    <\/a>\n\n                <\/article>\n\n            \n                <article class=\"[ c-doc-block ] [ u-bg-tan-2 u-links-plain ]\">\n\n                                            <a class=\"c-doc-block__content\" href=\"https:\/\/www.nicox.com\/wp-content\/uploads\/FR_NicoxDebt-RepaymentJanuary2026_FINAL.pdf\" target=\"_blank\">\n                    \n                        \n                            <span class=\"u-text-minus-2 u-weight-bold\">\n                                5 janvier 2026\n                            <\/span>\n\n                        \n                                                \n                            <h3 class=\"[ c-doc-block__title ] [ u-gap-top-base u-text-minus-1 xxl:u-text-base u-weight-light u-leading-base ]\">\n                                Nicox annonce le remboursement int\u00e9gral de sa dette avec Kreos Capital et \u00e9tend son horizon de tr\u00e9sorerie au-del\u00e0 de 2027 gr\u00e2ce \u00e0 un nouveau financement compl\u00e9mentaire\n                            <\/h3>\n\n                        \n                        <div class=\"c-doc-block__icon\" aria-hidden=\"true\">\n                            <svg xmlns=\"http:\/\/www.w3.org\/2000\/svg\" viewBox=\"0 0 32.434 43.246\">\n  <path fill=\"#3f4643\" d=\"M15.364 21.631c-.422-1.351-.414-3.961-.169-3.961.705 0 .642 3.117.169 3.961zm-.144 3.987a38.974 38.974 0 01-2.4 5.3 31.1 31.1 0 015.313-1.85 10.941 10.941 0 01-2.913-3.45zM7.272 36.159c0 .068 1.115-.456 2.948-3.4-.566.541-2.458 2.074-2.948 3.4zm13.675-22.645h11.487v27.7a2.022 2.022 0 01-2.027 2.027H2.027A2.022 2.022 0 010 41.218V2.027A2.022 2.022 0 012.027 0H18.92v11.487a2.033 2.033 0 002.027 2.027zm-.676 14.511a8.477 8.477 0 01-3.607-4.544c.38-1.563.98-3.936.524-5.423a2.115 2.115 0 00-4.037-.574c-.422 1.546-.034 3.725.684 6.5a79.314 79.314 0 01-3.446 7.247c-.008 0-.008.008-.017.008C8.083 32.417 4.156 35 5.769 36.987a2.625 2.625 0 001.816.845c1.512 0 3.015-1.52 5.161-5.22a48.145 48.145 0 016.673-1.96 12.8 12.8 0 005.405 1.648 2.186 2.186 0 001.664-3.666c-1.174-1.149-4.586-.819-6.217-.608zM31.843 8.869L23.565.591A2.026 2.026 0 0022.13 0h-.507v10.811h10.811V10.3a2.021 2.021 0 00-.591-1.431zm-6.259 21.563c.346-.228-.211-1.005-3.615-.76 3.131 1.335 3.615.76 3.615.76z\" data-name=\"Icon awesome-file-pdf\"\/>\n<\/svg>\n                        <\/div>\n\n                    <\/a>\n\n                <\/article>\n\n                    \n        <\/div>\n\n        \n            <a class=\"[ c-btn ] [ u-gap-top-plus-3 ]\" href=\"\/fr\/actualites-et-evenements\/communiques-de-presse\/\">\n                <span class=\"c-btn__text\">\n                    Archives\n                <\/span>\n                <span class=\"c-icon\">\n                    <svg xmlns=\"http:\/\/www.w3.org\/2000\/svg\" viewBox=\"0 0 72.3 36.2\">\n  <path d=\"M54.2 0l-1.4 1.4 15.7 15.7H0v2h68.4L52.8 34.7l1.4 1.5 18.1-18.1z\"\/>\n<\/svg>\n                <\/span>\n            <\/a>    \n\n        \n    <\/div>\n\n<\/section>\n\n\n<section class=\"[ c-events c-wrapper ] [  ]\">\n\n    <div class=\"c-block-anchor\" id=\"events-and-conferences\"><\/div>\n\n    <div class=\"[ c-container ]\">\n\n        <hr>\n\n                    <h2 class=\"u-gap-top-plus-2 u-caps-heading u-align-center\">\n                Ev\u00e9nements et conf\u00e9rences\n            <\/h2>\n        \n        \n    <\/div>\n\n<\/section>\n\n\n<section class=\"[ c-wrapper c-videos ] [ u-vertical-padding ] [  u-bg-blue-7 u-color-white ]\">\n\n    <div class=\"c-block-anchor\" id=\"videos\"><\/div>\n\n    <hr class=\"c-videos__hr u-color-white\">\n\n    <div class=\"c-container\" data-variant=\"wide-column\">\n    \n        \n            <h2 class=\"[ c-videos__title ] [ u-text-plus-1 sm:u-text-plus-2 u-weight-bold ]\">\n                Vid\u00e9os\n            <\/h2>\n\n            \n    <\/div>\n\n    <div class=\"[ c-videos__main ] [ u-gap-top-plus-3 ]\">\n\n        \n            <div class=\"c-videos__area\" data-swap-video-target=\"571214690\" aria-hidden=\"false\">\n        \n                <div class=\"c-videos__main-video c-video-content\" style=\"background-image: url('https:\/\/i.vimeocdn.com\/video\/1203227612-5e42e36d4c93ea24191cd215f102ef5126ead5da29393e90786a2f17f75048a6-d_640?region=us');\">\n                    <lite-vimeo videoid=\"571214690\"><\/lite-vimeo>\n                <\/div>\n\n                <div class=\"c-videos__overlay-content\">\n                <\/div>\n\n            <\/div>\n\n        \n    <\/div>\n\n    <aside class=\"[ c-videos__sidebar ] [ u-gap-top-plus-3 ]\">\n\n        <ul>\n        \n                        \n                <li>\n                    <button class=\"[ c-videos__swap-btn ] [ u-text-minus-2 ]\" data-swap-video-toggle=\"571214690\">\n                        NCX 470 \u2013 M\u00e9canisme d\u2019action\n                    <\/button>\n                <\/li>\n            \n            \n        <\/ul>\n    \n    <\/aside>\n\n<\/section>","protected":false},"excerpt":{"rendered":"","protected":false},"author":1,"featured_media":0,"parent":0,"menu_order":0,"comment_status":"closed","ping_status":"closed","template":"","meta":{"_acf_changed":false,"footnotes":""},"class_list":["post-10373","page","type-page","status-publish","hentry"],"acf":[],"yoast_head":"<!-- This site is optimized with the Yoast SEO plugin v27.3 - https:\/\/yoast.com\/product\/yoast-seo-wordpress\/ -->\n<title>Actualit\u00e9s et Ev\u00e8nements - Nicox<\/title>\n<meta name=\"robots\" content=\"index, follow, max-snippet:-1, max-image-preview:large, max-video-preview:-1\" \/>\n<link rel=\"canonical\" href=\"https:\/\/www.nicox.com\/fr\/actualites-et-evenements\/\" \/>\n<meta property=\"og:locale\" content=\"fr_FR\" \/>\n<meta property=\"og:type\" content=\"article\" \/>\n<meta property=\"og:title\" content=\"Actualit\u00e9s et Ev\u00e8nements - Nicox\" \/>\n<meta property=\"og:url\" content=\"https:\/\/www.nicox.com\/fr\/actualites-et-evenements\/\" \/>\n<meta property=\"og:site_name\" content=\"Nicox\" \/>\n<meta property=\"article:modified_time\" content=\"2024-12-02T11:48:40+00:00\" \/>\n<meta name=\"twitter:card\" content=\"summary_large_image\" \/>\n<script type=\"application\/ld+json\" class=\"yoast-schema-graph\">{\"@context\":\"https:\\\/\\\/schema.org\",\"@graph\":[{\"@type\":\"WebPage\",\"@id\":\"https:\\\/\\\/www.nicox.com\\\/fr\\\/actualites-et-evenements\\\/\",\"url\":\"https:\\\/\\\/www.nicox.com\\\/fr\\\/actualites-et-evenements\\\/\",\"name\":\"Actualit\u00e9s et Ev\u00e8nements - Nicox\",\"isPartOf\":{\"@id\":\"https:\\\/\\\/www.nicox.com\\\/fr\\\/#website\"},\"datePublished\":\"2021-07-07T16:50:34+00:00\",\"dateModified\":\"2024-12-02T11:48:40+00:00\",\"inLanguage\":\"fr-FR\",\"potentialAction\":[{\"@type\":\"ReadAction\",\"target\":[\"https:\\\/\\\/www.nicox.com\\\/fr\\\/actualites-et-evenements\\\/\"]}]},{\"@type\":\"WebSite\",\"@id\":\"https:\\\/\\\/www.nicox.com\\\/fr\\\/#website\",\"url\":\"https:\\\/\\\/www.nicox.com\\\/fr\\\/\",\"name\":\"Nicox\",\"description\":\"Visible Science\",\"publisher\":{\"@id\":\"https:\\\/\\\/www.nicox.com\\\/fr\\\/#organization\"},\"potentialAction\":[{\"@type\":\"SearchAction\",\"target\":{\"@type\":\"EntryPoint\",\"urlTemplate\":\"https:\\\/\\\/www.nicox.com\\\/fr\\\/?s={search_term_string}\"},\"query-input\":{\"@type\":\"PropertyValueSpecification\",\"valueRequired\":true,\"valueName\":\"search_term_string\"}}],\"inLanguage\":\"fr-FR\"},{\"@type\":\"Organization\",\"@id\":\"https:\\\/\\\/www.nicox.com\\\/fr\\\/#organization\",\"name\":\"Nicox\",\"url\":\"https:\\\/\\\/www.nicox.com\\\/fr\\\/\",\"logo\":{\"@type\":\"ImageObject\",\"inLanguage\":\"fr-FR\",\"@id\":\"https:\\\/\\\/www.nicox.com\\\/fr\\\/#\\\/schema\\\/logo\\\/image\\\/\",\"url\":\"\",\"contentUrl\":\"\",\"caption\":\"Nicox\"},\"image\":{\"@id\":\"https:\\\/\\\/www.nicox.com\\\/fr\\\/#\\\/schema\\\/logo\\\/image\\\/\"}}]}<\/script>\n<!-- \/ Yoast SEO plugin. -->","yoast_head_json":{"title":"Actualit\u00e9s et Ev\u00e8nements - Nicox","robots":{"index":"index","follow":"follow","max-snippet":"max-snippet:-1","max-image-preview":"max-image-preview:large","max-video-preview":"max-video-preview:-1"},"canonical":"https:\/\/www.nicox.com\/fr\/actualites-et-evenements\/","og_locale":"fr_FR","og_type":"article","og_title":"Actualit\u00e9s et Ev\u00e8nements - Nicox","og_url":"https:\/\/www.nicox.com\/fr\/actualites-et-evenements\/","og_site_name":"Nicox","article_modified_time":"2024-12-02T11:48:40+00:00","twitter_card":"summary_large_image","schema":{"@context":"https:\/\/schema.org","@graph":[{"@type":"WebPage","@id":"https:\/\/www.nicox.com\/fr\/actualites-et-evenements\/","url":"https:\/\/www.nicox.com\/fr\/actualites-et-evenements\/","name":"Actualit\u00e9s et Ev\u00e8nements - Nicox","isPartOf":{"@id":"https:\/\/www.nicox.com\/fr\/#website"},"datePublished":"2021-07-07T16:50:34+00:00","dateModified":"2024-12-02T11:48:40+00:00","inLanguage":"fr-FR","potentialAction":[{"@type":"ReadAction","target":["https:\/\/www.nicox.com\/fr\/actualites-et-evenements\/"]}]},{"@type":"WebSite","@id":"https:\/\/www.nicox.com\/fr\/#website","url":"https:\/\/www.nicox.com\/fr\/","name":"Nicox","description":"Visible Science","publisher":{"@id":"https:\/\/www.nicox.com\/fr\/#organization"},"potentialAction":[{"@type":"SearchAction","target":{"@type":"EntryPoint","urlTemplate":"https:\/\/www.nicox.com\/fr\/?s={search_term_string}"},"query-input":{"@type":"PropertyValueSpecification","valueRequired":true,"valueName":"search_term_string"}}],"inLanguage":"fr-FR"},{"@type":"Organization","@id":"https:\/\/www.nicox.com\/fr\/#organization","name":"Nicox","url":"https:\/\/www.nicox.com\/fr\/","logo":{"@type":"ImageObject","inLanguage":"fr-FR","@id":"https:\/\/www.nicox.com\/fr\/#\/schema\/logo\/image\/","url":"","contentUrl":"","caption":"Nicox"},"image":{"@id":"https:\/\/www.nicox.com\/fr\/#\/schema\/logo\/image\/"}}]}},"_links":{"self":[{"href":"https:\/\/www.nicox.com\/fr\/wp-json\/wp\/v2\/pages\/10373","targetHints":{"allow":["GET"]}}],"collection":[{"href":"https:\/\/www.nicox.com\/fr\/wp-json\/wp\/v2\/pages"}],"about":[{"href":"https:\/\/www.nicox.com\/fr\/wp-json\/wp\/v2\/types\/page"}],"author":[{"embeddable":true,"href":"https:\/\/www.nicox.com\/fr\/wp-json\/wp\/v2\/users\/1"}],"replies":[{"embeddable":true,"href":"https:\/\/www.nicox.com\/fr\/wp-json\/wp\/v2\/comments?post=10373"}],"version-history":[{"count":1,"href":"https:\/\/www.nicox.com\/fr\/wp-json\/wp\/v2\/pages\/10373\/revisions"}],"predecessor-version":[{"id":17170,"href":"https:\/\/www.nicox.com\/fr\/wp-json\/wp\/v2\/pages\/10373\/revisions\/17170"}],"wp:attachment":[{"href":"https:\/\/www.nicox.com\/fr\/wp-json\/wp\/v2\/media?parent=10373"}],"curies":[{"name":"wp","href":"https:\/\/api.w.org\/{rel}","templated":true}]}}