{"id":10364,"date":"2021-07-07T18:50:34","date_gmt":"2021-07-07T16:50:34","guid":{"rendered":"https:\/\/www.nicox.com\/contact-us\/"},"modified":"2026-01-12T17:51:31","modified_gmt":"2026-01-12T15:51:31","slug":"contact-us","status":"publish","type":"page","link":"https:\/\/www.nicox.com\/fr\/contact-us\/","title":{"rendered":"Nous contacter"},"content":{"rendered":"\n<div class=\"c-page-title c-wrapper\">\n\n    <div class=\"[ c-container ] [ u-align-center ]\" data-variant=\"narrow-column\">\n    \n        <h1 class=\"[ c-page-title__text ] [ u-text-base sm:u-text-plus-1 u-weight-bold ] [  ]\">\n\n            Nous contacter\n            \n        <\/h1>\n\n        <hr class=\"[ c-page-title__hr ] [ u-color-blue-4 ]\">\n    \n    <\/div>\n\n<\/div>\n\n\n<section class=\"[ c-locations c-wrapper ] [ u-bottom-padding ] [  ]\">\n\n    <div class=\"c-block-anchor\" id=\"block_5a7e20b5e331639f0a88d87b87f6d3de\"><\/div>\n\n    <div class=\"[ c-container ]\">\n\n        <div class=\"c-locations__grid\">\n\n            \n                <article class=\"[ c-locations__location ] [ u-text-minus-2 u-align-center u-links-plain ]\">\n\n                                            <h2 class=\"u-gap-top-plus-2 u-caps-heading u-align-center\">\n                            France\n                        <\/h2>\n                    \n                    <p class=\"u-gap-top-base\">Nicox SA<br \/>\r\nSundesk Sophia Antipolis, B\u00e2timent C<br \/>\r\nEmerald Square<br \/>\r\nRue Evariste Galois<br \/>\r\n06410 Biot<br \/>\r\n<\/p>\n\n                    <p>Tel: <a href=\"tel:33497245300\">+33 (0)4 97 24 53 00<\/a><\/p>\n\n                    <img loading=\"lazy\" decoding=\"async\" class=\"c-locations__flag\" src=\"https:\/\/www.nicox.com\/wp-content\/themes\/nicox\/dist\/img\/fr.png\" alt=\"Flag of France\" width=\"58\" height=\"34\" aria-hidden=\"true\">\n\n                    <span class=\"[ c-locations__time ] [ u-gap-top-base u-text-plus-1 sm:u-text-plus-2 u-leading-flat ]\" id=\"frClock\"><\/span><br>\n                    <span class=\"[ c-locations__date ] [ u-leading-flat ]\" id=\"frDate\"><\/span>\n\n                <\/article>\n            \n            \n                <article class=\"[ c-locations__location ] [ u-text-minus-2 u-align-center u-links-plain ]\">\n\n                                            <h2 class=\"u-gap-top-plus-2 u-caps-heading u-align-center\">\n                            Etats-Unis\n                        <\/h2>\n                    \n                    <p class=\"u-gap-top-base\">Nicox Ophthalmics, Inc. <br \/>\r\n4819 Emperor Blvd. Suite 400<br \/>\r\nDurham, NC<\/p>\n\n                    <p>Tel: <a href=\"tel:19847105354\">+1 984 710 5354<\/a><\/p>\n\n                    <img loading=\"lazy\" decoding=\"async\" class=\"c-locations__flag\" src=\"https:\/\/www.nicox.com\/wp-content\/themes\/nicox\/dist\/img\/us.png\" alt=\"Flag of Etats-Unis\" width=\"58\" height=\"34\" aria-hidden=\"true\">\n\n                    <span class=\"[ c-locations__time ] [ u-gap-top-base u-text-plus-1 sm:u-text-plus-2 u-leading-flat ]\" id=\"usClock\"><\/span><br>\n                    <span class=\"[ c-locations__date ] [ u-leading-flat ]\" id=\"usDate\"><\/span>\n\n                <\/article>\n            \n            \n        <\/div>\n\n    <\/div>\n\n<\/section>\n\n\n<section class=\"[ c-wrapper ] [  ]\">\n\n    <div class=\"c-block-anchor\" id=\"block_4d8555e5ec8cc5e6b2cb85516225df79\"><\/div>\n\n    <div class=\"c-container\">\n\n        <hr class=\"u-color-grey-2\">\n\n        \n            <h2 class=\"u-caps-heading u-align-center\">\n                Nous contacter par email\n            <\/h2>\n\n        \n        <div class=\"[ c-button-grid ]\">\n        \n            \n                \n                    <a class=\"c-btn\" href=\"mailto:communications@nicox.com\">\n                        <span class=\"c-btn__text\">communications@nicox.com<\/span>\n                        <span class=\"c-icon\">\n                            <svg xmlns=\"http:\/\/www.w3.org\/2000\/svg\" viewBox=\"0 0 72.3 36.2\">\n  <path d=\"M54.2 0l-1.4 1.4 15.7 15.7H0v2h68.4L52.8 34.7l1.4 1.5 18.1-18.1z\"\/>\n<\/svg>\n                        <\/span>\n                    <\/a>\n                \n                            \n            \n                \n                    <a class=\"c-btn\" href=\"\/fr\/envoyer-un-message\">\n                        <span class=\"c-btn__text\">Formulaire de contact<\/span>\n                        <span class=\"c-icon\">\n                            <svg xmlns=\"http:\/\/www.w3.org\/2000\/svg\" viewBox=\"0 0 72.3 36.2\">\n  <path d=\"M54.2 0l-1.4 1.4 15.7 15.7H0v2h68.4L52.8 34.7l1.4 1.5 18.1-18.1z\"\/>\n<\/svg>\n                        <\/span>\n                    <\/a>\n                \n                            \n                    \n        <\/div>\n\n    <\/div>\n\n<\/section>\n\n\n<section class=\"[ c-subsidiaries c-wrapper ] [ u-bg-blue-7 u-color-white u-links-reversed ] [  u-bg-blue-7 u-color-white ]\">\n\n    <div class=\"c-block-anchor\" id=\"principales-filiales\"><\/div>\n\n    <hr class=\"[ c-subsidiaries__hr ] [ u-color-white ]\">\n    \n    <div class=\"c-subsidiaries__container\">\n\n                \n            <h2 class=\"[ c-subsidiaries__title ] [ u-text-plus-1 sm:u-text-plus-2 u-weight-bold ]\">\n                Principales filiales \n            <\/h2>\n\n        \n        \n            <article class=\"[ c-subsidiary ] [ u-gap-top-plus-3 ]\">\n            \n                                \n                    <h3 class=\"u-color-tan-2 u-text-minus-2 u-weight-bold\">\n                        Nicox SA\n                    <\/h3>\n                \n                \n                                \n                    <span class=\"u-color-tan-2 u-text-minus-2 u-weight-light\">\n                        France\n                    <\/span>\n                \n                \n                <div class=\"u-text-minus-2\">\n\n                    <p>Nicox SA est la maison m\u00e8re du Groupe Nicox. Le si\u00e8ge social, situ\u00e9 \u00e0 Biot Sophia Antipolis, France, inclut les d\u00e9partements Finance, Corporate Development, Communication &amp; Relations Investisseurs. Nicox a une filiale internationale en Caroline du Nord, Etats-Unis, ax\u00e9e sur le d\u00e9veloppement.<\/p>\n\n\n                <\/div>\n\n            <\/article>\n        \n        \n            <article class=\"[ c-subsidiary ] [ u-gap-top-plus-3 ]\">\n            \n                                \n                    <h3 class=\"u-color-tan-2 u-text-minus-2 u-weight-bold\">\n                        Nicox Ophthalmics, Inc.\n                    <\/h3>\n                \n                \n                                \n                    <span class=\"u-color-tan-2 u-text-minus-2 u-weight-light\">\n                        Etats-Unis\n                    <\/span>\n                \n                \n                <div class=\"u-text-minus-2\">\n\n                    <p>Nicox Ophthalmics, Inc., situ\u00e9 \u00e0 Durham, Caroline du Nord, se consacre au d\u00e9veloppement th\u00e9rapeutique. l\u2019\u00e9quipe de d\u00e9veloppement a une exp\u00e9rience approfondie en chimie, fabrication et contr\u00f4les (CMC) et en d\u00e9veloppement clinique, fortement ax\u00e9e sur l\u2019ophtalmologie. L\u2019\u00e9quipe collabore avec des organismes de fabrication et de recherche clinique de premier plan sous contrat pour la conduite des \u00e9tudes cliniques de Nicox.<\/p>\n\n\n                <\/div>\n\n            <\/article>\n        \n        \n    <\/div>\n\n<\/section>\n\n\n<section class=\"[ c-job-opportunities c-wrapper ] [  ]\">\n\n    <div class=\"c-block-anchor\" id=\"offres-emploi\"><\/div>\n\n    <hr class=\"[ c-job-opportunities__hr ] [ u-color-blue ]\">\n    \n    <div class=\"c-job-opportunities__container\">\n\n                \n            <h2 class=\"[ c-job-opportunities__title ] [ u-text-plus-1 sm:u-text-plus-2 u-weight-bold ]\">\n                Offres d&#8217;emploi\n            <\/h2>\n\n                        \n            <p class=\"[ c-job-opportunities__description ] [ u-text-plus-1 sm:u-text-plus-2 ]\">\n                <p>Nous sommes toujours d\u00e9sireux de rencontrer de nouveaux talents, consultez nos offres d&#8217;emploi.<\/p>\n\n            <\/p>\n\n        \n                    <h4 class=\"[ c-job-opportunities__title ] [ u-text-plus-1 sm:u-text-plus-2 u-weight-bold ]\">\n                Il n&rsquo;y a pas d&rsquo;offres d&#8217;emploi pour le moment.\n            <\/h4>\n\n        \n    <\/div>\n\n<\/section>\n\n\n<section class=\"[ c-email-alerts c-wrapper ] [  ]\">\n\n    <div class=\"c-block-anchor\" id=\"alertes\"><\/div>\n\n    <div class=\"[ c-email-alerts__section-one ] [ u-flow u-bg-grey-1 ]\">\n\n                \n            <h2 class=\"u-text-plus-1 u-weight-bold\">\n                Alertes email\n            <\/h2>\n        \n                \n        <div>\n            Si vous souhaitez recevoir les actualit\u00e9s de Nicox, vous pouvez vous inscrire \u00e0 notre liste de distribution.\n        <\/div>\n\n        <script type=\"text\/javascript\">\n\/* <![CDATA[ *\/\nvar gform;gform||(document.addEventListener(\"gform_main_scripts_loaded\",function(){gform.scriptsLoaded=!0}),document.addEventListener(\"gform\/theme\/scripts_loaded\",function(){gform.themeScriptsLoaded=!0}),window.addEventListener(\"DOMContentLoaded\",function(){gform.domLoaded=!0}),gform={domLoaded:!1,scriptsLoaded:!1,themeScriptsLoaded:!1,isFormEditor:()=>\"function\"==typeof InitializeEditor,callIfLoaded:function(o){return!(!gform.domLoaded||!gform.scriptsLoaded||!gform.themeScriptsLoaded&&!gform.isFormEditor()||(gform.isFormEditor()&&console.warn(\"The use of gform.initializeOnLoaded() is deprecated in the form editor context and will be removed in Gravity Forms 3.1.\"),o(),0))},initializeOnLoaded:function(o){gform.callIfLoaded(o)||(document.addEventListener(\"gform_main_scripts_loaded\",()=>{gform.scriptsLoaded=!0,gform.callIfLoaded(o)}),document.addEventListener(\"gform\/theme\/scripts_loaded\",()=>{gform.themeScriptsLoaded=!0,gform.callIfLoaded(o)}),window.addEventListener(\"DOMContentLoaded\",()=>{gform.domLoaded=!0,gform.callIfLoaded(o)}))},hooks:{action:{},filter:{}},addAction:function(o,r,e,t){gform.addHook(\"action\",o,r,e,t)},addFilter:function(o,r,e,t){gform.addHook(\"filter\",o,r,e,t)},doAction:function(o){gform.doHook(\"action\",o,arguments)},applyFilters:function(o){return gform.doHook(\"filter\",o,arguments)},removeAction:function(o,r){gform.removeHook(\"action\",o,r)},removeFilter:function(o,r,e){gform.removeHook(\"filter\",o,r,e)},addHook:function(o,r,e,t,n){null==gform.hooks[o][r]&&(gform.hooks[o][r]=[]);var d=gform.hooks[o][r];null==n&&(n=r+\"_\"+d.length),gform.hooks[o][r].push({tag:n,callable:e,priority:t=null==t?10:t})},doHook:function(r,o,e){var t;if(e=Array.prototype.slice.call(e,1),null!=gform.hooks[r][o]&&((o=gform.hooks[r][o]).sort(function(o,r){return o.priority-r.priority}),o.forEach(function(o){\"function\"!=typeof(t=o.callable)&&(t=window[t]),\"action\"==r?t.apply(null,e):e[0]=t.apply(null,e)})),\"filter\"==r)return e[0]},removeHook:function(o,r,t,n){var e;null!=gform.hooks[o][r]&&(e=(e=gform.hooks[o][r]).filter(function(o,r,e){return!!(null!=n&&n!=o.tag||null!=t&&t!=o.priority)}),gform.hooks[o][r]=e)}});\n\/* ]]> *\/\n<\/script>\n\n                <div class='gf_browser_gecko gform_wrapper gravity-theme gform-theme--no-framework' data-form-theme='gravity-theme' data-form-index='0' id='gform_wrapper_2' >\n                        <div class='gform_heading'>\n\t\t\t\t\t\t\t<p class='gform_required_legend'>\u00ab\u00a0<span class=\"gfield_required gfield_required_asterisk\">*<\/span>\u00a0\u00bb indique les champs n\u00e9cessaires<\/p>\n                        <\/div><form method='post' enctype='multipart\/form-data'  id='gform_2'  action='\/fr\/wp-json\/wp\/v2\/pages\/10364' data-formid='2' novalidate> \r\n <input type='hidden' class='gforms-pum' value='{\"closepopup\":false,\"closedelay\":0,\"openpopup\":false,\"openpopup_id\":0}' \/>\n                        <div class='gform-body gform_body'><div id='gform_fields_2' class='gform_fields top_label form_sublabel_below description_below validation_below'><div id=\"field_2_1\" class=\"gfield gfield--type-text gfield--input-type-text gfield_contains_required field_sublabel_below gfield--no-description field_description_below field_validation_below gfield_visibility_visible\"  ><label class='gfield_label gform-field-label' for='input_2_1'>Nom<span class=\"gfield_required\"><span class=\"gfield_required gfield_required_asterisk\">*<\/span><\/span><\/label><div class='ginput_container ginput_container_text'><input name='input_1' id='input_2_1' type='text' value='' class='large'    placeholder='Votre nom complet' aria-required=\"true\" aria-invalid=\"false\"   \/><\/div><\/div><div id=\"field_2_2\" class=\"gfield gfield--type-email gfield--input-type-email gfield--width-full gfield_contains_required field_sublabel_below gfield--no-description field_description_below field_validation_below gfield_visibility_visible\"  ><label class='gfield_label gform-field-label' for='input_2_2'>Adresse e-mail<span class=\"gfield_required\"><span class=\"gfield_required gfield_required_asterisk\">*<\/span><\/span><\/label><div class='ginput_container ginput_container_email'>\n                            <input name='input_2' id='input_2_2' type='email' value='' class='large'   placeholder='Votre adresse email' aria-required=\"true\" aria-invalid=\"false\"  \/>\n                        <\/div><\/div><fieldset id=\"field_2_5\" class=\"gfield gfield--type-consent gfield--type-choice gfield--input-type-consent u-text-minus-3 gfield_contains_required field_sublabel_below gfield--no-description field_description_below field_validation_below gfield_visibility_visible\"  ><legend class='gfield_label gform-field-label gfield_label_before_complex' >Consentement<span class=\"gfield_required\"><span class=\"gfield_required gfield_required_asterisk\">*<\/span><\/span><\/legend><div class='ginput_container ginput_container_consent'><input name='input_5.1' id='input_2_5_1' type='checkbox' value='1'   aria-required=\"true\" aria-invalid=\"false\"   \/> <label class=\"gform-field-label gform-field-label--type-inline gfield_consent_label\" for='input_2_5_1' >En soumettant ce formulaire vous consentez \u00e0 ce que Nicox conserve les donn\u00e9es saisies de mani\u00e8re s\u00e9curis\u00e9e et vous envoie le cas \u00e9ch\u00e9ant les informations susceptibles de vous int\u00e9resser. Nous nous engageons \u00e0 ne pas partager ni vendre ces donn\u00e9es \u00e0 d\u2019autres entreprises ou organisations.<\/label><input type='hidden' name='input_5.2' value='En soumettant ce formulaire vous consentez \u00e0 ce que Nicox conserve les donn\u00e9es saisies de mani\u00e8re s\u00e9curis\u00e9e et vous envoie le cas \u00e9ch\u00e9ant les informations susceptibles de vous int\u00e9resser. Nous nous engageons \u00e0 ne pas partager ni vendre ces donn\u00e9es \u00e0 d\u2019autres entreprises ou organisations.' class='gform_hidden' \/><input type='hidden' name='input_5.3' value='1' class='gform_hidden' \/><\/div><\/fieldset><\/div><\/div>\n        <div class='gform-footer gform_footer top_label'> <button type=\"submit\" id=\"gform_submit_button_2\" class=\"gform_button button\" onclick=\"gform.submission.handleButtonClick(this);\" data-submission-type=\"submit\">Envoyer<\/button> \n            <input type='hidden' class='gform_hidden' name='gform_submission_method' data-js='gform_submission_method_2' value='postback' \/>\n            <input type='hidden' class='gform_hidden' name='gform_theme' data-js='gform_theme_2' id='gform_theme_2' value='gravity-theme' \/>\n            <input type='hidden' class='gform_hidden' name='gform_style_settings' data-js='gform_style_settings_2' id='gform_style_settings_2' value='' \/>\n            <input type='hidden' class='gform_hidden' name='is_submit_2' value='1' \/>\n            <input type='hidden' class='gform_hidden' name='gform_submit' value='2' \/>\n            \n            <input type='hidden' class='gform_hidden' name='gform_currency' data-currency='USD' value='ZUUVFP6NnT\/POS72sfCBVur4QeDqcH1t6gZ9wsIkhcyNhghfsktZaoe\/B903KLQVPEQUxUcjHkScosD33IocvWKCIbLxKN+73uJH8MvirqShYuY=' \/>\n            <input type='hidden' class='gform_hidden' name='gform_unique_id' value='' \/>\n            <input type='hidden' class='gform_hidden' name='state_2' value='WyJ7XCI1LjFcIjpcImIxMmMyMjEwY2RhMzIyMGJhYWFjMTNlOTNlZDM4YmJlXCIsXCI1LjJcIjpcImU2N2IzYjIwYmZjNTZlNjRjYTkxOWVjNmQ4ZTNiM2U3XCIsXCI1LjNcIjpcImIxMmMyMjEwY2RhMzIyMGJhYWFjMTNlOTNlZDM4YmJlXCJ9IiwiYzMxNmQ5MTRiOWQyMzU5NTE4N2YxMzVlZjEyNGVjYzEiXQ==' \/>\n            <input type='hidden' autocomplete='off' class='gform_hidden' name='gform_target_page_number_2' id='gform_target_page_number_2' value='0' \/>\n            <input type='hidden' autocomplete='off' class='gform_hidden' name='gform_source_page_number_2' id='gform_source_page_number_2' value='1' \/>\n            <input type='hidden' name='gform_field_values' value='' \/>\n            \n        <\/div>\n                        <\/form>\n                        <\/div><script type=\"text\/javascript\">\n\/* <![CDATA[ *\/\n gform.initializeOnLoaded( function() {gformInitSpinner( 2, 'https:\/\/www.nicox.com\/wp-content\/plugins\/gravityforms\/images\/spinner.svg', true );jQuery('#gform_ajax_frame_2').on('load',function(){var contents = jQuery(this).contents().find('*').html();var is_postback = contents.indexOf('GF_AJAX_POSTBACK') >= 0;if(!is_postback){return;}var form_content = jQuery(this).contents().find('#gform_wrapper_2');var is_confirmation = jQuery(this).contents().find('#gform_confirmation_wrapper_2').length > 0;var is_redirect = contents.indexOf('gformRedirect(){') >= 0;var is_form = form_content.length > 0 && ! is_redirect && ! is_confirmation;var mt = parseInt(jQuery('html').css('margin-top'), 10) + parseInt(jQuery('body').css('margin-top'), 10) + 100;if(is_form){jQuery('#gform_wrapper_2').html(form_content.html());if(form_content.hasClass('gform_validation_error')){jQuery('#gform_wrapper_2').addClass('gform_validation_error');} else {jQuery('#gform_wrapper_2').removeClass('gform_validation_error');}setTimeout( function() { \/* delay the scroll by 50 milliseconds to fix a bug in chrome *\/  }, 50 );if(window['gformInitDatepicker']) {gformInitDatepicker();}if(window['gformInitPriceFields']) {gformInitPriceFields();}var current_page = jQuery('#gform_source_page_number_2').val();gformInitSpinner( 2, 'https:\/\/www.nicox.com\/wp-content\/plugins\/gravityforms\/images\/spinner.svg', true );jQuery(document).trigger('gform_page_loaded', [2, current_page]);window['gf_submitting_2'] = false;}else if(!is_redirect){var confirmation_content = jQuery(this).contents().find('.GF_AJAX_POSTBACK').html();if(!confirmation_content){confirmation_content = contents;}jQuery('#gform_wrapper_2').replaceWith(confirmation_content);jQuery(document).trigger('gform_confirmation_loaded', [2]);window['gf_submitting_2'] = false;wp.a11y.speak(jQuery('#gform_confirmation_message_2').text());}else{jQuery('#gform_2').append(contents);if(window['gformRedirect']) {gformRedirect();}}jQuery(document).trigger(\"gform_pre_post_render\", [{ formId: \"2\", currentPage: \"current_page\", abort: function() { this.preventDefault(); } }]);        if (event && event.defaultPrevented) {                return;        }        const gformWrapperDiv = document.getElementById( \"gform_wrapper_2\" );        if ( gformWrapperDiv ) {            const visibilitySpan = document.createElement( \"span\" );            visibilitySpan.id = \"gform_visibility_test_2\";            gformWrapperDiv.insertAdjacentElement( \"afterend\", visibilitySpan );        }        const visibilityTestDiv = document.getElementById( \"gform_visibility_test_2\" );        let postRenderFired = false;        function triggerPostRender() {            if ( postRenderFired ) {                return;            }            postRenderFired = true;            gform.core.triggerPostRenderEvents( 2, current_page );            if ( visibilityTestDiv ) {                visibilityTestDiv.parentNode.removeChild( visibilityTestDiv );            }        }        function debounce( func, wait, immediate ) {            var timeout;            return function() {                var context = this, args = arguments;                var later = function() {                    timeout = null;                    if ( !immediate ) func.apply( context, args );                };                var callNow = immediate && !timeout;                clearTimeout( timeout );                timeout = setTimeout( later, wait );                if ( callNow ) func.apply( context, args );            };        }        const debouncedTriggerPostRender = debounce( function() {            triggerPostRender();        }, 200 );        if ( visibilityTestDiv && visibilityTestDiv.offsetParent === null ) {            const observer = new MutationObserver( ( mutations ) => {                mutations.forEach( ( mutation ) => {                    if ( mutation.type === 'attributes' && visibilityTestDiv.offsetParent !== null ) {                        debouncedTriggerPostRender();                        observer.disconnect();                    }                });            });            observer.observe( document.body, {                attributes: true,                childList: false,                subtree: true,                attributeFilter: [ 'style', 'class' ],            });        } else {            triggerPostRender();        }    } );} ); \n\/* ]]> *\/\n<\/script>\n\n    \n    <\/div>\n\n    <div class=\"[ c-email-alerts__section-two ]\">\n\n        <img decoding=\"async\" class=\"u-bg-image\" src=\"https:\/\/www.nicox.com\/wp-content\/uploads\/Swirl.png\" alt=\"\">\n    \n    <\/div>\n\n<\/section>","protected":false},"excerpt":{"rendered":"","protected":false},"author":1,"featured_media":0,"parent":0,"menu_order":0,"comment_status":"closed","ping_status":"closed","template":"","meta":{"_acf_changed":false,"footnotes":""},"class_list":["post-10364","page","type-page","status-publish","hentry"],"acf":[],"yoast_head":"<!-- This site is optimized with the Yoast SEO plugin v27.3 - https:\/\/yoast.com\/product\/yoast-seo-wordpress\/ -->\n<title>Nous contacter - Nicox<\/title>\n<meta name=\"robots\" content=\"index, follow, max-snippet:-1, max-image-preview:large, max-video-preview:-1\" \/>\n<link rel=\"canonical\" href=\"https:\/\/www.nicox.com\/fr\/contact-us\/\" \/>\n<meta property=\"og:locale\" content=\"fr_FR\" \/>\n<meta property=\"og:type\" content=\"article\" \/>\n<meta property=\"og:title\" content=\"Nous contacter - Nicox\" \/>\n<meta property=\"og:url\" content=\"https:\/\/www.nicox.com\/fr\/contact-us\/\" \/>\n<meta property=\"og:site_name\" content=\"Nicox\" \/>\n<meta property=\"article:modified_time\" content=\"2026-01-12T15:51:31+00:00\" \/>\n<meta name=\"twitter:card\" content=\"summary_large_image\" \/>\n<script type=\"application\/ld+json\" class=\"yoast-schema-graph\">{\"@context\":\"https:\\\/\\\/schema.org\",\"@graph\":[{\"@type\":\"WebPage\",\"@id\":\"https:\\\/\\\/www.nicox.com\\\/fr\\\/contact-us\\\/\",\"url\":\"https:\\\/\\\/www.nicox.com\\\/fr\\\/contact-us\\\/\",\"name\":\"Nous contacter - Nicox\",\"isPartOf\":{\"@id\":\"https:\\\/\\\/www.nicox.com\\\/fr\\\/#website\"},\"datePublished\":\"2021-07-07T16:50:34+00:00\",\"dateModified\":\"2026-01-12T15:51:31+00:00\",\"inLanguage\":\"fr-FR\",\"potentialAction\":[{\"@type\":\"ReadAction\",\"target\":[\"https:\\\/\\\/www.nicox.com\\\/fr\\\/contact-us\\\/\"]}]},{\"@type\":\"WebSite\",\"@id\":\"https:\\\/\\\/www.nicox.com\\\/fr\\\/#website\",\"url\":\"https:\\\/\\\/www.nicox.com\\\/fr\\\/\",\"name\":\"Nicox\",\"description\":\"Visible Science\",\"publisher\":{\"@id\":\"https:\\\/\\\/www.nicox.com\\\/fr\\\/#organization\"},\"potentialAction\":[{\"@type\":\"SearchAction\",\"target\":{\"@type\":\"EntryPoint\",\"urlTemplate\":\"https:\\\/\\\/www.nicox.com\\\/fr\\\/?s={search_term_string}\"},\"query-input\":{\"@type\":\"PropertyValueSpecification\",\"valueRequired\":true,\"valueName\":\"search_term_string\"}}],\"inLanguage\":\"fr-FR\"},{\"@type\":\"Organization\",\"@id\":\"https:\\\/\\\/www.nicox.com\\\/fr\\\/#organization\",\"name\":\"Nicox\",\"url\":\"https:\\\/\\\/www.nicox.com\\\/fr\\\/\",\"logo\":{\"@type\":\"ImageObject\",\"inLanguage\":\"fr-FR\",\"@id\":\"https:\\\/\\\/www.nicox.com\\\/fr\\\/#\\\/schema\\\/logo\\\/image\\\/\",\"url\":\"\",\"contentUrl\":\"\",\"caption\":\"Nicox\"},\"image\":{\"@id\":\"https:\\\/\\\/www.nicox.com\\\/fr\\\/#\\\/schema\\\/logo\\\/image\\\/\"}}]}<\/script>\n<!-- \/ Yoast SEO plugin. -->","yoast_head_json":{"title":"Nous contacter - Nicox","robots":{"index":"index","follow":"follow","max-snippet":"max-snippet:-1","max-image-preview":"max-image-preview:large","max-video-preview":"max-video-preview:-1"},"canonical":"https:\/\/www.nicox.com\/fr\/contact-us\/","og_locale":"fr_FR","og_type":"article","og_title":"Nous contacter - Nicox","og_url":"https:\/\/www.nicox.com\/fr\/contact-us\/","og_site_name":"Nicox","article_modified_time":"2026-01-12T15:51:31+00:00","twitter_card":"summary_large_image","schema":{"@context":"https:\/\/schema.org","@graph":[{"@type":"WebPage","@id":"https:\/\/www.nicox.com\/fr\/contact-us\/","url":"https:\/\/www.nicox.com\/fr\/contact-us\/","name":"Nous contacter - Nicox","isPartOf":{"@id":"https:\/\/www.nicox.com\/fr\/#website"},"datePublished":"2021-07-07T16:50:34+00:00","dateModified":"2026-01-12T15:51:31+00:00","inLanguage":"fr-FR","potentialAction":[{"@type":"ReadAction","target":["https:\/\/www.nicox.com\/fr\/contact-us\/"]}]},{"@type":"WebSite","@id":"https:\/\/www.nicox.com\/fr\/#website","url":"https:\/\/www.nicox.com\/fr\/","name":"Nicox","description":"Visible Science","publisher":{"@id":"https:\/\/www.nicox.com\/fr\/#organization"},"potentialAction":[{"@type":"SearchAction","target":{"@type":"EntryPoint","urlTemplate":"https:\/\/www.nicox.com\/fr\/?s={search_term_string}"},"query-input":{"@type":"PropertyValueSpecification","valueRequired":true,"valueName":"search_term_string"}}],"inLanguage":"fr-FR"},{"@type":"Organization","@id":"https:\/\/www.nicox.com\/fr\/#organization","name":"Nicox","url":"https:\/\/www.nicox.com\/fr\/","logo":{"@type":"ImageObject","inLanguage":"fr-FR","@id":"https:\/\/www.nicox.com\/fr\/#\/schema\/logo\/image\/","url":"","contentUrl":"","caption":"Nicox"},"image":{"@id":"https:\/\/www.nicox.com\/fr\/#\/schema\/logo\/image\/"}}]}},"_links":{"self":[{"href":"https:\/\/www.nicox.com\/fr\/wp-json\/wp\/v2\/pages\/10364","targetHints":{"allow":["GET"]}}],"collection":[{"href":"https:\/\/www.nicox.com\/fr\/wp-json\/wp\/v2\/pages"}],"about":[{"href":"https:\/\/www.nicox.com\/fr\/wp-json\/wp\/v2\/types\/page"}],"author":[{"embeddable":true,"href":"https:\/\/www.nicox.com\/fr\/wp-json\/wp\/v2\/users\/1"}],"replies":[{"embeddable":true,"href":"https:\/\/www.nicox.com\/fr\/wp-json\/wp\/v2\/comments?post=10364"}],"version-history":[{"count":9,"href":"https:\/\/www.nicox.com\/fr\/wp-json\/wp\/v2\/pages\/10364\/revisions"}],"predecessor-version":[{"id":18160,"href":"https:\/\/www.nicox.com\/fr\/wp-json\/wp\/v2\/pages\/10364\/revisions\/18160"}],"wp:attachment":[{"href":"https:\/\/www.nicox.com\/fr\/wp-json\/wp\/v2\/media?parent=10364"}],"curies":[{"name":"wp","href":"https:\/\/api.w.org\/{rel}","templated":true}]}}