{"id":10341,"date":"2021-07-07T18:50:34","date_gmt":"2021-07-07T16:50:34","guid":{"rendered":"https:\/\/www.nicox.com\/home\/"},"modified":"2026-03-03T08:35:35","modified_gmt":"2026-03-03T06:35:35","slug":"home","status":"publish","type":"page","link":"https:\/\/www.nicox.com\/fr\/","title":{"rendered":"Accueil"},"content":{"rendered":"\n<section class=\"[ c-home-hero ] [ u-color-white  ]\">\n\n    <div class=\"c-block-anchor\" id=\"visible-science\"><\/div>\n\n    <div class=\"c-wrapper\">\n        \n        \n            <div class=\"c-home-hero__image\">\n            \n                <img decoding=\"async\" class=\"u-bg-image\" src=\"https:\/\/www.nicox.com\/wp-content\/uploads\/Swirl.png\" alt=\"\">\n            \n            <\/div>\n\n        \n        <div class=\"c-home-hero__content\">\n\n                        \n                <h1 class=\"[ c-home-hero__title ] [ u-text-plus-2 sm:u-text-plus-4 md:u-text-plus-6 ]\"  style=\"color: #0a4d9e\"  >\n                    Visible science\n                <\/h1>\n            \n            \n            \n                <div class=\"[ c-home-hero__lede ] [ u-gap-top-base u-text-base sm:u-text-plus-1 u-weight-bold u-leading-tight ]\"   style=\"color: #ed7600\"  >\n                    Maintenir la vision et am\u00e9liorer la sant\u00e9 oculaire\n                <\/div>\n            \n            \n            \n                <a class=\"[ c-btn c-home-hero__btn ] [ u-gap-top-plus-3 ]\" href=\"\/fr\/about-us\/\"   >\n                    A propos de Nicox\n                    <span class=\"c-icon\">\n                        <svg xmlns=\"http:\/\/www.w3.org\/2000\/svg\" viewBox=\"0 0 72.3 36.2\">\n  <path d=\"M54.2 0l-1.4 1.4 15.7 15.7H0v2h68.4L52.8 34.7l1.4 1.5 18.1-18.1z\"\/>\n<\/svg>\n                    <\/span>\n                <\/a>\n            \n            \n            \n                <a class=\"[ c-btn c-home-hero__btn ] [ u-gap-top-plus-3 u-gap-left-plus-3 ]\" href=\"\/fr\/portefeuille-de-therapeutiques-ophtalmiques\/\" >\n                    Portefeuille\n                    <span class=\"c-icon\">\n                        <svg xmlns=\"http:\/\/www.w3.org\/2000\/svg\" viewBox=\"0 0 72.3 36.2\">\n  <path d=\"M54.2 0l-1.4 1.4 15.7 15.7H0v2h68.4L52.8 34.7l1.4 1.5 18.1-18.1z\"\/>\n<\/svg>\n                    <\/span>\n                <\/a>\n            \n            \n            \n                <a class=\"[ c-btn c-home-hero__btn2 ] [ u-gap-top-plus-3 u-gap-left-plus-3 ]\" href=\"\/fr\/investisseurs\/investisseurs-financiere-et-informations-reglementees\/#corporate-presentation\" >\n                    Pr\u00e9sentation\n                    <span class=\"c-icon\">\n                        <svg xmlns=\"http:\/\/www.w3.org\/2000\/svg\" viewBox=\"0 0 72.3 36.2\">\n  <path d=\"M54.2 0l-1.4 1.4 15.7 15.7H0v2h68.4L52.8 34.7l1.4 1.5 18.1-18.1z\"\/>\n<\/svg>\n                    <\/span>\n                <\/a>\n            \n            \n\n\n        <\/div>\n\n    <\/div>\n\n<\/section>\n\n\n<section class=\"[ c-call-to-action c-wrapper ] [ is-style-one ]\">\n\n    <div class=\"c-block-anchor\" id=\"block_db810533ab5cd66b34a2fafc7fbfe0a0\"><\/div>\n\n    <div class=\"[ c-call-to-action__section-one ] [ u-flow u-links-reversed ]\" >\n\n                \n            \n                <h3 class=\"u-text-base sm:u-text-plus-1 u-caps u-weight-bold\">\n                    Lettre aux actionnaires de notre Directeur G\u00e9n\u00e9ral\n                <\/h3>\n\n            \n            <div class=\"u-text-minus-2 sm:u-text-base\">\n\n                \n\n            <\/div>\n\n                    \n            \n    <\/div>\n\n    <div class=\"[ c-call-to-action__section-two ] [ u-flow u-links-plain ]\">\n\n        \n            <h2 class=\"u-text-base sm:u-text-plus-1 u-caps u-weight-bold\">\n                Mars 2026\n            <\/h2>\n\n        \n        \n        \n            <a class=\"[ c-icon-link ] [ u-text-minus-2 sm:u-text-base ]\" href=\"https:\/\/www.nicox.com\/wp-content\/uploads\/CEO-Letter_FR_FINAL.pdf\">\n                <span class=\"c-icon-link__text\">\n                    EN SAVOIR PLUS\n                <\/span>\n                <span class=\"c-icon c-icon-link__icon\" style=\"transform: scaleX(-1);\">\n                    <svg xmlns=\"http:\/\/www.w3.org\/2000\/svg\" viewBox=\"0 0 73 73\">\n  <path d=\"M36.5 73C16.4 73 0 56.6 0 36.5S16.4 0 36.5 0 73 16.4 73 36.5 56.6 73 36.5 73zm0-71C17.5 2 2 17.5 2 36.5S17.5 71 36.5 71 71 55.5 71 36.5 55.5 2 36.5 2z\"\/>\n  <path d=\"M22.1 35.5h29v2h-29z\"\/>\n  <path d=\"M28.8 44.7l-8.3-8.2 8.3-8.2 1.4 1.4-6.8 6.8 6.8 6.8z\"\/>\n<\/svg>\n                <\/span>\n            <\/a>\n\n            \n    <\/div>\n\n<\/section>\n\n\n\n\n\n\n\n\n\n\n<section class=\"[ c-news-widget c-wrapper ] [ u-bg-blue-7 u-color-white u-links-reversed ] [  u-bg-blue-7 u-color-white ]\">\n\n    <div class=\"c-block-anchor\" id=\"actualites\"><\/div>\n\n    <div class=\"c-container\">\n\n                \n            <h2 class=\"[ c-news-widget__title ] [ u-caps-heading ]\">\n                R\u00e9centes Actualit\u00e9s\n            <\/h2>\n        \n        \n        \n            <ul class=\"[ c-post-list ] [ u-list-block ]\">\n            \n                                    \n                    <li class=\"[ c-post-list__post ] [ u-gap-top-plus-3 u-flow ]\">\n                    \n                        <h3 class=\"[ c-post-list__title ] [ u-text-minus-1 sm:u-text-base ]\">\n                            Nicox pr\u00e9sente des donn\u00e9es de Phase 3 positives confirmant le profil th\u00e9rapeutique de NCX 470 lors du congr\u00e8s annuel 2026 de l\u2019American Glaucoma Society (AGS)\n                        <\/h3>\n\n                        <span class=\"[ c-post-list__date ] [ u-leading-loose u-text-minus-2 sm:u-text-minus-1 u-weight-light ]\">\n                            24 f\u00e9vrier 2026\n                        <\/span>\n\n                                                \n                            <a class=\"[ c-icon-link ] [ u-text-minus-2 sm:u-text-base ]\" href=\"https:\/\/www.nicox.com\/wp-content\/uploads\/FR_AGS-2026-posters-presented_FINAL.pdf\" data-variant=\"small\" target=\"_blank\">\n                                <span class=\"c-icon-link__text\">Pour plus d&rsquo;informations<\/span>\n                                <span class=\"c-icon c-icon-link__icon\">\n                                    <svg xmlns=\"http:\/\/www.w3.org\/2000\/svg\" viewBox=\"0 0 23.5 23.5\">\n  <path d=\"M-.03 22.052L21.678.344l1.414 1.414L1.384 23.466z\"\/>\n  <path d=\"M23.5 11.7h-2V2h-9.7V0h11.7z\"\/>\n<\/svg>\n                                <\/span>\n                            <\/a>\n                        \n                        \n\n                        <hr class=\"u-color-white\">\n                    \n                    <\/li>\n                    \n                                    \n                    <li class=\"[ c-post-list__post ] [ u-gap-top-plus-3 u-flow ]\">\n                    \n                        <h3 class=\"[ c-post-list__title ] [ u-text-minus-1 sm:u-text-base ]\">\n                            Nicox annonce une r\u00e9union pr\u00e9-NDA positive avec la FDA am\u00e9ricaine pour NCX 470\n                        <\/h3>\n\n                        <span class=\"[ c-post-list__date ] [ u-leading-loose u-text-minus-2 sm:u-text-minus-1 u-weight-light ]\">\n                            16 f\u00e9vrier 2026\n                        <\/span>\n\n                                                \n                            <a class=\"[ c-icon-link ] [ u-text-minus-2 sm:u-text-base ]\" href=\"https:\/\/www.nicox.com\/wp-content\/uploads\/FR_NCX470PreNDAFebruary2026_FINAL.pdf\" data-variant=\"small\" target=\"_blank\">\n                                <span class=\"c-icon-link__text\">Pour plus d&rsquo;informations<\/span>\n                                <span class=\"c-icon c-icon-link__icon\">\n                                    <svg xmlns=\"http:\/\/www.w3.org\/2000\/svg\" viewBox=\"0 0 23.5 23.5\">\n  <path d=\"M-.03 22.052L21.678.344l1.414 1.414L1.384 23.466z\"\/>\n  <path d=\"M23.5 11.7h-2V2h-9.7V0h11.7z\"\/>\n<\/svg>\n                                <\/span>\n                            <\/a>\n                        \n                        \n\n                        <hr class=\"u-color-white\">\n                    \n                    <\/li>\n                    \n                                    \n                    <li class=\"[ c-post-list__post ] [ u-gap-top-plus-3 u-flow ]\">\n                    \n                        <h3 class=\"[ c-post-list__title ] [ u-text-minus-1 sm:u-text-base ]\">\n                            Nicox confirme son \u00e9ligibilit\u00e9 au PEA-PME\n                        <\/h3>\n\n                        <span class=\"[ c-post-list__date ] [ u-leading-loose u-text-minus-2 sm:u-text-minus-1 u-weight-light ]\">\n                            12 f\u00e9vrier 2026\n                        <\/span>\n\n                                                \n                            <a class=\"[ c-icon-link ] [ u-text-minus-2 sm:u-text-base ]\" href=\"https:\/\/www.nicox.com\/wp-content\/uploads\/FR_Eligibilite-PEA-PME-Year-2026_FINAL.pdf\" data-variant=\"small\" target=\"_blank\">\n                                <span class=\"c-icon-link__text\">Pour plus d&rsquo;informations<\/span>\n                                <span class=\"c-icon c-icon-link__icon\">\n                                    <svg xmlns=\"http:\/\/www.w3.org\/2000\/svg\" viewBox=\"0 0 23.5 23.5\">\n  <path d=\"M-.03 22.052L21.678.344l1.414 1.414L1.384 23.466z\"\/>\n  <path d=\"M23.5 11.7h-2V2h-9.7V0h11.7z\"\/>\n<\/svg>\n                                <\/span>\n                            <\/a>\n                        \n                        \n\n                        <hr class=\"u-color-white\">\n                    \n                    <\/li>\n                    \n                            \n            <\/ul>\n\n            <a class=\"[ c-icon-link ] [ c-news-widget__see-all ] [ u-gap-top-plus-3 u-text-minus-2 sm:u-text-base ]\" href=\"\/fr\/news-and-events\">\n                <span class=\"c-icon-link__text\">\n                    Voir toutes les actualit\u00e9s de Nicox\n                <\/span>\n                <span class=\"c-icon c-icon-link__icon\" style=\"transform: scaleX(-1);\">\n                    <svg xmlns=\"http:\/\/www.w3.org\/2000\/svg\" viewBox=\"0 0 73 73\">\n  <path d=\"M36.5 73C16.4 73 0 56.6 0 36.5S16.4 0 36.5 0 73 16.4 73 36.5 56.6 73 36.5 73zm0-71C17.5 2 2 17.5 2 36.5S17.5 71 36.5 71 71 55.5 71 36.5 55.5 2 36.5 2z\"\/>\n  <path d=\"M22.1 35.5h29v2h-29z\"\/>\n  <path d=\"M28.8 44.7l-8.3-8.2 8.3-8.2 1.4 1.4-6.8 6.8 6.8 6.8z\"\/>\n<\/svg>\n                <\/span>\n            <\/a>\n\n        \n    <\/div>\n\n<\/section>","protected":false},"excerpt":{"rendered":"","protected":false},"author":1,"featured_media":0,"parent":0,"menu_order":0,"comment_status":"closed","ping_status":"closed","template":"","meta":{"_acf_changed":false,"footnotes":""},"class_list":["post-10341","page","type-page","status-publish","hentry"],"acf":[],"yoast_head":"<!-- This site is optimized with the Yoast SEO plugin v27.3 - https:\/\/yoast.com\/product\/yoast-seo-wordpress\/ -->\n<title>Nicox - Visible Science<\/title>\n<meta name=\"robots\" content=\"index, follow, max-snippet:-1, max-image-preview:large, max-video-preview:-1\" \/>\n<link rel=\"canonical\" href=\"https:\/\/www.nicox.com\/fr\/\" \/>\n<meta property=\"og:locale\" content=\"fr_FR\" \/>\n<meta property=\"og:type\" content=\"article\" \/>\n<meta property=\"og:title\" content=\"Nicox - Visible Science\" \/>\n<meta property=\"og:url\" content=\"https:\/\/www.nicox.com\/fr\/\" \/>\n<meta property=\"og:site_name\" content=\"Nicox\" \/>\n<meta property=\"article:modified_time\" content=\"2026-03-03T06:35:35+00:00\" \/>\n<meta name=\"twitter:card\" content=\"summary_large_image\" \/>\n<meta name=\"twitter:label1\" content=\"Dur\u00e9e de lecture estim\u00e9e\" \/>\n\t<meta name=\"twitter:data1\" content=\"1 minute\" \/>\n<script type=\"application\/ld+json\" class=\"yoast-schema-graph\">{\"@context\":\"https:\\\/\\\/schema.org\",\"@graph\":[{\"@type\":\"WebPage\",\"@id\":\"https:\\\/\\\/www.nicox.com\\\/fr\\\/\",\"url\":\"https:\\\/\\\/www.nicox.com\\\/fr\\\/\",\"name\":\"Nicox - Visible Science\",\"isPartOf\":{\"@id\":\"https:\\\/\\\/www.nicox.com\\\/fr\\\/#website\"},\"datePublished\":\"2021-07-07T16:50:34+00:00\",\"dateModified\":\"2026-03-03T06:35:35+00:00\",\"inLanguage\":\"fr-FR\",\"potentialAction\":[{\"@type\":\"ReadAction\",\"target\":[\"https:\\\/\\\/www.nicox.com\\\/fr\\\/\"]}]},{\"@type\":\"WebSite\",\"@id\":\"https:\\\/\\\/www.nicox.com\\\/fr\\\/#website\",\"url\":\"https:\\\/\\\/www.nicox.com\\\/fr\\\/\",\"name\":\"Nicox\",\"description\":\"Visible Science\",\"publisher\":{\"@id\":\"https:\\\/\\\/www.nicox.com\\\/fr\\\/#organization\"},\"potentialAction\":[{\"@type\":\"SearchAction\",\"target\":{\"@type\":\"EntryPoint\",\"urlTemplate\":\"https:\\\/\\\/www.nicox.com\\\/fr\\\/?s={search_term_string}\"},\"query-input\":{\"@type\":\"PropertyValueSpecification\",\"valueRequired\":true,\"valueName\":\"search_term_string\"}}],\"inLanguage\":\"fr-FR\"},{\"@type\":\"Organization\",\"@id\":\"https:\\\/\\\/www.nicox.com\\\/fr\\\/#organization\",\"name\":\"Nicox\",\"url\":\"https:\\\/\\\/www.nicox.com\\\/fr\\\/\",\"logo\":{\"@type\":\"ImageObject\",\"inLanguage\":\"fr-FR\",\"@id\":\"https:\\\/\\\/www.nicox.com\\\/fr\\\/#\\\/schema\\\/logo\\\/image\\\/\",\"url\":\"\",\"contentUrl\":\"\",\"caption\":\"Nicox\"},\"image\":{\"@id\":\"https:\\\/\\\/www.nicox.com\\\/fr\\\/#\\\/schema\\\/logo\\\/image\\\/\"}}]}<\/script>\n<!-- \/ Yoast SEO plugin. -->","yoast_head_json":{"title":"Nicox - Visible Science","robots":{"index":"index","follow":"follow","max-snippet":"max-snippet:-1","max-image-preview":"max-image-preview:large","max-video-preview":"max-video-preview:-1"},"canonical":"https:\/\/www.nicox.com\/fr\/","og_locale":"fr_FR","og_type":"article","og_title":"Nicox - Visible Science","og_url":"https:\/\/www.nicox.com\/fr\/","og_site_name":"Nicox","article_modified_time":"2026-03-03T06:35:35+00:00","twitter_card":"summary_large_image","twitter_misc":{"Dur\u00e9e de lecture estim\u00e9e":"1 minute"},"schema":{"@context":"https:\/\/schema.org","@graph":[{"@type":"WebPage","@id":"https:\/\/www.nicox.com\/fr\/","url":"https:\/\/www.nicox.com\/fr\/","name":"Nicox - Visible Science","isPartOf":{"@id":"https:\/\/www.nicox.com\/fr\/#website"},"datePublished":"2021-07-07T16:50:34+00:00","dateModified":"2026-03-03T06:35:35+00:00","inLanguage":"fr-FR","potentialAction":[{"@type":"ReadAction","target":["https:\/\/www.nicox.com\/fr\/"]}]},{"@type":"WebSite","@id":"https:\/\/www.nicox.com\/fr\/#website","url":"https:\/\/www.nicox.com\/fr\/","name":"Nicox","description":"Visible Science","publisher":{"@id":"https:\/\/www.nicox.com\/fr\/#organization"},"potentialAction":[{"@type":"SearchAction","target":{"@type":"EntryPoint","urlTemplate":"https:\/\/www.nicox.com\/fr\/?s={search_term_string}"},"query-input":{"@type":"PropertyValueSpecification","valueRequired":true,"valueName":"search_term_string"}}],"inLanguage":"fr-FR"},{"@type":"Organization","@id":"https:\/\/www.nicox.com\/fr\/#organization","name":"Nicox","url":"https:\/\/www.nicox.com\/fr\/","logo":{"@type":"ImageObject","inLanguage":"fr-FR","@id":"https:\/\/www.nicox.com\/fr\/#\/schema\/logo\/image\/","url":"","contentUrl":"","caption":"Nicox"},"image":{"@id":"https:\/\/www.nicox.com\/fr\/#\/schema\/logo\/image\/"}}]}},"_links":{"self":[{"href":"https:\/\/www.nicox.com\/fr\/wp-json\/wp\/v2\/pages\/10341","targetHints":{"allow":["GET"]}}],"collection":[{"href":"https:\/\/www.nicox.com\/fr\/wp-json\/wp\/v2\/pages"}],"about":[{"href":"https:\/\/www.nicox.com\/fr\/wp-json\/wp\/v2\/types\/page"}],"author":[{"embeddable":true,"href":"https:\/\/www.nicox.com\/fr\/wp-json\/wp\/v2\/users\/1"}],"replies":[{"embeddable":true,"href":"https:\/\/www.nicox.com\/fr\/wp-json\/wp\/v2\/comments?post=10341"}],"version-history":[{"count":9,"href":"https:\/\/www.nicox.com\/fr\/wp-json\/wp\/v2\/pages\/10341\/revisions"}],"predecessor-version":[{"id":18457,"href":"https:\/\/www.nicox.com\/fr\/wp-json\/wp\/v2\/pages\/10341\/revisions\/18457"}],"wp:attachment":[{"href":"https:\/\/www.nicox.com\/fr\/wp-json\/wp\/v2\/media?parent=10341"}],"curies":[{"name":"wp","href":"https:\/\/api.w.org\/{rel}","templated":true}]}}